{"id":4408,"date":"2026-02-13T07:53:56","date_gmt":"2026-02-13T07:53:56","guid":{"rendered":"https:\/\/cristianocarvalho.net\/WordPress\/?post_type=product&#038;p=4408"},"modified":"2026-02-13T08:24:00","modified_gmt":"2026-02-13T08:24:00","slug":"nice-wingokit-4024-wingo4024","status":"publish","type":"product","link":"https:\/\/cristianocarvalho.net\/WordPress\/produto\/nice-wingokit-4024-wingo4024\/","title":{"rendered":"Nice WingoKIT 4024 &#8211; WINGO4024"},"content":{"rendered":"<h1>WINGOKIT 4024<\/h1>\n<h3>Para port\u00f5es com 2 folhas at\u00e9 2 m<\/h3>\n<p>Motor redutor eletromec\u00e2nico de 24 Vdc montado no exterior.<br \/>\n<strong>Confiabilidade e sil\u00eancio <\/strong>disposi\u00e7\u00e3o dos \u00f3rg\u00e3os internos, redu\u00e7\u00e3o das partes em movimento.<br \/>\n<strong>Instala\u00e7\u00e3o facilitada<\/strong>: liga\u00e7\u00f5es el\u00e9ctricas na parte superior, ap\u00f3s a montagem do motor de redu\u00e7\u00e3o.<br \/>\n<strong>Desbloqueio confort\u00e1vel<\/strong>\u00a0com chave personalizada Nice e fechadura padr\u00e3o.<br \/>\n<strong>Finais mec\u00e2nicos<\/strong> pr\u00e9-montados na abertura.<\/p>\n<h3>Central de comando Moonclever MC424L:<\/h3>\n<p>\u2022 receptor de r\u00e1dio integrado;<br \/>\n\u2022 programa\u00e7\u00e3o simples, com um \u00fanico bot\u00e3o;<br \/>\n\u2022 embraiagem segura contra esmagamento;<br \/>\n\u2022 auto aprendizagem dos objetivos da carreira no in\u00edcio e no fim;<br \/>\n\u2022 programa\u00e7\u00e3o do tempo de intervalo;<br \/>\n\u2022 folha pedonal;<br \/>\n\u2022 desacelera\u00e7\u00e3o na abertura e no fechamento;<br \/>\n\u2022 detec\u00e7\u00e3o de obst\u00e1culos;<br \/>\n\u2022 op\u00e7\u00e3o de liga\u00e7\u00e3o \u00e0 borda sens\u00edvel 8,2 KOhm;<br \/>\n\u2022 opera\u00e7\u00e3o sem corrente com baterias opcionais (PS124), que devem ser colocadas no interior da central.<\/p>\n<ul>\n<li>Funcionamento, na falta de energia com baterias opcional (<strong><a href=\"https:\/\/mlibb0mwkwo9.i.optimole.com\/cb:62NB.5857\/w:auto\/h:auto\/q:mauto\/f:best\/https:\/\/cristianocarvalho.net\/WordPress\/wp-content\/uploads\/2021\/06\/PowerSupply-PS124.png\" target=\"_blank\" rel=\"noopener\">PS124<\/a><\/strong>) montadas dentro da central.<\/li>\n<\/ul>\n<p>&nbsp;<\/p>\n<table border=\"1\" width=\"100%\" cellspacing=\"0\" cellpadding=\"0\" align=\"center\">\n<tbody>\n<tr>\n<td colspan=\"2\">\n<div align=\"center\"><strong>CARACTER\u00cdSTICAS T\u00c9CNICAS<\/strong><\/div>\n<\/td>\n<\/tr>\n<tr>\n<td width=\"66%\">\n<div align=\"left\">C\u00d3DIGO<\/div>\n<\/td>\n<td width=\"34%\">\n<div align=\"center\">WG4024<\/div>\n<\/td>\n<\/tr>\n<tr>\n<td colspan=\"2\">\n<div align=\"center\"><strong>DADOS EL\u00c9TRICOS<\/strong><\/div>\n<\/td>\n<\/tr>\n<tr>\n<td>\n<div align=\"left\">ALIMENTA\u00c7\u00c3O (Vac 50 Hz)*<\/div>\n<\/td>\n<td>\n<div align=\"center\">24<\/div>\n<\/td>\n<\/tr>\n<tr>\n<td>\n<div align=\"left\">CONSUMO (A)<\/div>\n<\/td>\n<td>\n<div align=\"center\">3.5<\/div>\n<\/td>\n<\/tr>\n<tr>\n<td>\n<div align=\"left\">POT\u00caNCIA (W)<\/div>\n<\/td>\n<td>\n<div align=\"center\">85<\/div>\n<\/td>\n<\/tr>\n<tr>\n<td colspan=\"2\">\n<div align=\"center\"><strong>DADOS DE DESEMPENHO<\/strong><\/div>\n<\/td>\n<\/tr>\n<tr>\n<td>\n<div align=\"left\">VELOCIDADE (m\/s)<\/div>\n<\/td>\n<td>\n<div align=\"center\">0.018<\/div>\n<\/td>\n<\/tr>\n<tr>\n<td>\n<div align=\"left\">FOR\u00c7A (N)<\/div>\n<\/td>\n<td>\n<div align=\"center\">1500<\/div>\n<\/td>\n<\/tr>\n<tr>\n<td>\n<div align=\"left\">CICLO DE TRABALHO (CICLOS\/HORA)<\/div>\n<\/td>\n<td>\n<div align=\"center\">30<\/div>\n<\/td>\n<\/tr>\n<tr>\n<td colspan=\"2\">\n<div align=\"center\"><strong>DADOS DIMENSIONAIS E GEN\u00c9RICOS<\/strong><\/div>\n<\/td>\n<\/tr>\n<tr>\n<td>\n<div align=\"left\">GRAU DE PROTE\u00c7\u00c3O (IP)<\/div>\n<\/td>\n<td>\n<div align=\"center\">44<\/div>\n<\/td>\n<\/tr>\n<tr>\n<td>\n<div align=\"left\">TEMPERATURA DE FUNCIONAMENTO (\u00baC M\u00cdN.\/MAX.)<\/div>\n<\/td>\n<td>\n<div align=\"center\">-20 a +50<\/div>\n<\/td>\n<\/tr>\n<tr>\n<td>\n<div align=\"left\">DIMENS\u00d5ES (mm)<\/div>\n<\/td>\n<td>\n<div align=\"center\">770x98x95 h<\/div>\n<\/td>\n<\/tr>\n<tr>\n<td>\n<div align=\"left\">PESO (Kg)<\/div>\n<\/td>\n<td>\n<div align=\"center\">6<\/div>\n<\/td>\n<\/tr>\n<\/tbody>\n<\/table>\n<p><strong>N. B.<\/strong> O conte\u00fado da embalagem pode variar: consultar o vendedor.<\/p>\n","protected":false},"excerpt":{"rendered":"<p><strong>O KIT CONT\u00c9M:<\/strong><\/p>\n<p>2 &#8211; Motores <strong>WG4024<\/strong>.<br \/>\n1 &#8211; Central de comando<br \/>\n1 &#8211; Transmissor 433,92 MHz.<br \/>\n1 &#8211; C\u00e9lulas<br \/>\n1 &#8211; Pirilampo<\/p>\n<p>Pre\u00e7o sem I.V.A. e sem instala\u00e7\u00e3o<\/p>\n<p><mark class=\"has-inline-color has-base-3-color\" style=\"background-color: var(--contrast);\"><strong>Nota: devido \u00e0 instabilidade dos pre\u00e7os das mercadorias, produtos sem stock podem sofrer altera\u00e7\u00f5es sem aviso pr\u00e9vio. Se n\u00e3o nos for poss\u00edvel manter o valor da compra e se j\u00e1 tiver efetuado o pagamento o valor ser\u00e1 devolvido.<br \/>\n<\/strong><\/mark><strong><span style=\"color: #fc5f3f;\">Custos de expedi\u00e7\u00e3o calculado s\u00f3 para Portugal Continental.<\/span><\/strong><\/p>\n","protected":false},"featured_media":4411,"comment_status":"open","ping_status":"closed","template":"","meta":[],"product_brand":[],"product_cat":[65],"product_tag":[],"class_list":{"0":"post-4408","1":"product","2":"type-product","3":"status-publish","4":"has-post-thumbnail","6":"product_cat-automatismos-para-portoes","7":"product_shipping_class-preco-inferior-a-30kg-em-portugal","9":"first","10":"instock","11":"sale","12":"taxable","13":"shipping-taxable","14":"purchasable","15":"product-type-simple"},"_links":{"self":[{"href":"https:\/\/cristianocarvalho.net\/WordPress\/wp-json\/wp\/v2\/product\/4408","targetHints":{"allow":["GET"]}}],"collection":[{"href":"https:\/\/cristianocarvalho.net\/WordPress\/wp-json\/wp\/v2\/product"}],"about":[{"href":"https:\/\/cristianocarvalho.net\/WordPress\/wp-json\/wp\/v2\/types\/product"}],"replies":[{"embeddable":true,"href":"https:\/\/cristianocarvalho.net\/WordPress\/wp-json\/wp\/v2\/comments?post=4408"}],"version-history":[{"count":3,"href":"https:\/\/cristianocarvalho.net\/WordPress\/wp-json\/wp\/v2\/product\/4408\/revisions"}],"predecessor-version":[{"id":4413,"href":"https:\/\/cristianocarvalho.net\/WordPress\/wp-json\/wp\/v2\/product\/4408\/revisions\/4413"}],"wp:featuredmedia":[{"embeddable":true,"href":"https:\/\/cristianocarvalho.net\/WordPress\/wp-json\/wp\/v2\/media\/4411"}],"wp:attachment":[{"href":"https:\/\/cristianocarvalho.net\/WordPress\/wp-json\/wp\/v2\/media?parent=4408"}],"wp:term":[{"taxonomy":"product_brand","embeddable":true,"href":"https:\/\/cristianocarvalho.net\/WordPress\/wp-json\/wp\/v2\/product_brand?post=4408"},{"taxonomy":"product_cat","embeddable":true,"href":"https:\/\/cristianocarvalho.net\/WordPress\/wp-json\/wp\/v2\/product_cat?post=4408"},{"taxonomy":"product_tag","embeddable":true,"href":"https:\/\/cristianocarvalho.net\/WordPress\/wp-json\/wp\/v2\/product_tag?post=4408"}],"curies":[{"name":"wp","href":"https:\/\/api.w.org\/{rel}","templated":true}]}}