{"id":4344,"date":"2025-01-26T21:14:10","date_gmt":"2025-01-26T21:14:10","guid":{"rendered":"https:\/\/cristianocarvalho.net\/WordPress\/?post_type=product&#038;p=4344"},"modified":"2025-01-26T21:16:04","modified_gmt":"2025-01-26T21:16:04","slug":"nice-pirilampo-led-era-12-24v-eldc-copy","status":"publish","type":"product","link":"https:\/\/cristianocarvalho.net\/WordPress\/produto\/nice-pirilampo-led-era-12-24v-eldc-copy\/","title":{"rendered":"Nice Pirilampo LED ERA, 12\/24V ELDC &#8211; Copy"},"content":{"rendered":"<h1 class=\"product_title entry-title\">Nice Pirilampo LED ERA, 12\/24V ELDC<\/h1>\n<p>A l\u00e2mpada de sinal Nice ELDC foi projetada para funcionar em sistemas de automa\u00e7\u00e3o para port\u00f5es, portas de garagem ou barreiras.<br \/>\n\u00c9 um elemento que aumenta a seguran\u00e7a do uso da automa\u00e7\u00e3o. Aproximando-se do port\u00e3o, gra\u00e7as \u00e0 l\u00e2mpada, sabemos que o atuador iniciou o ciclo de abertura. A forma caracter\u00edstica \u00e9 o primeiro elemento que permite reconhecer a automa\u00e7\u00e3o Nice instalada.<\/p>\n<p>A l\u00e2mpada coopera com os pain\u00e9is de controle que fornecem tens\u00e3o de 12 \/ 24V na sa\u00edda da l\u00e2mpada de advert\u00eancia. A fonte de luz \u00e9 um LED super brilhante que emite luz branca. Acima, foi instalada uma sombra laranja que difunde a luz. O LED \u00e9 uma fonte de luz confi\u00e1vel, \u00e0 prova de choque e economia de energia<\/p>\n<p>A carca\u00e7a feita de materiais de alta qualidade \u00e9 resistente a condi\u00e7\u00f5es clim\u00e1ticas adversas. A l\u00e2mpada pode ser instalada num plano vertical ou horizontal. Uma antena de 433,92MHz foi integrada no compartimento da l\u00e2mpada usando um cabo coaxial RG58 de 50 Ohm, que conectamos \u00e0 sa\u00edda central do painel de controle, aumentando significativamente o alcance dos pilotos.<\/p>\n<p>O confi\u00e1vel LED e abajur em policarbonato \u00e0 prova de choque garantem uma vida \u00fatil longa e sem problemas.<\/p>\n<p><strong>ESPECIFICA\u00c7\u00d5ES:<\/strong><\/p>\n<ul>\n<li>fonte de alimenta\u00e7\u00e3o: DC 12-36V<\/li>\n<li>fonte de luz: LED de economia de energia<\/li>\n<li>consumo de energia: max 4W<\/li>\n<li>antena integrada de 433,92 MHz<\/li>\n<li>ciclo de opera\u00e7\u00e3o do helic\u00f3ptero embutido: 50% (5s TON, 5s TOF)<\/li>\n<li>dimens\u00f5es: 132x72x155 (h) mm<\/li>\n<li>grau de prote\u00e7\u00e3o: IP44<\/li>\n<li>temperatura de trabalho: -20 \u00b0 C \u2026 50 \u00b0 C<\/li>\n<li>A l\u00e2mpada funciona com os seguintes pain\u00e9is de controle:<\/li>\n<li>Nice MC424L, MC824H, A924<\/li>\n<li>atuadores ROBUS, ROAD, RUN<\/li>\n<li>automa\u00e7\u00e3o de portas de outros fabricantes com sa\u00edda de l\u00e2mpada de sinal de 12 \/ 24V<\/li>\n<\/ul>\n<div class=\"table-wrapper\">\n<table width=\"1093\">\n<tbody>\n<tr>\n<td class=\"a\">Supply voltage:<\/td>\n<td class=\"b vn\">12 \u2013 36V<\/td>\n<\/tr>\n<tr>\n<td class=\"a\">Antenna:<\/td>\n<td class=\"b vb\">433MHz build-in<\/td>\n<\/tr>\n<tr>\n<td class=\"a\">Dimensions:<\/td>\n<td class=\"b vn\">132 x 72 x 155mm<\/td>\n<\/tr>\n<tr>\n<td class=\"a\">Protection class:<\/td>\n<td class=\"b vb\">44IP<\/td>\n<\/tr>\n<tr>\n<td class=\"a\">Operating temperature:<\/td>\n<td class=\"b vn\">-20 \u2026 +50\u00b0C<\/td>\n<\/tr>\n<\/tbody>\n<\/table>\n<\/div>\n","protected":false},"excerpt":{"rendered":"<p>A l\u00e2mpada de sinal Nice ELDC foi projetada para funcionar em sistemas de automa\u00e7\u00e3o para port\u00f5es, portas de garagem ou barreiras.<\/p>\n<p>Pre\u00e7o sem I.V.A. e sem instala\u00e7\u00e3o<\/p>\n<p><mark class=\"has-inline-color has-base-3-color\" style=\"background-color: var(--contrast);\"><strong>Nota: devido \u00e0 instabilidade dos pre\u00e7os das mercadorias, produtos sem stock podem sofrer altera\u00e7\u00f5es sem aviso pr\u00e9vio. Se n\u00e3o nos for poss\u00edvel manter o valor da compra e se j\u00e1 tiver efetuado o pagamento o valor ser\u00e1 devolvido.<br \/>\n<\/strong><\/mark><strong><span style=\"color: #fc5f3f;\">Custos de expedi\u00e7\u00e3o calculado s\u00f3 para Portugal Continental.<\/span><\/strong><\/p>\n","protected":false},"featured_media":4255,"comment_status":"open","ping_status":"closed","template":"","meta":[],"product_brand":[],"product_cat":[65],"product_tag":[],"class_list":{"0":"post-4344","1":"product","2":"type-product","3":"status-publish","4":"has-post-thumbnail","6":"product_cat-automatismos-para-portoes","7":"product_shipping_class-preco-inferior-a-30kg-em-portugal","9":"first","10":"instock","11":"sale","12":"sold-individually","13":"taxable","14":"shipping-taxable","15":"purchasable","16":"product-type-simple"},"_links":{"self":[{"href":"https:\/\/cristianocarvalho.net\/WordPress\/wp-json\/wp\/v2\/product\/4344","targetHints":{"allow":["GET"]}}],"collection":[{"href":"https:\/\/cristianocarvalho.net\/WordPress\/wp-json\/wp\/v2\/product"}],"about":[{"href":"https:\/\/cristianocarvalho.net\/WordPress\/wp-json\/wp\/v2\/types\/product"}],"replies":[{"embeddable":true,"href":"https:\/\/cristianocarvalho.net\/WordPress\/wp-json\/wp\/v2\/comments?post=4344"}],"version-history":[{"count":1,"href":"https:\/\/cristianocarvalho.net\/WordPress\/wp-json\/wp\/v2\/product\/4344\/revisions"}],"predecessor-version":[{"id":4354,"href":"https:\/\/cristianocarvalho.net\/WordPress\/wp-json\/wp\/v2\/product\/4344\/revisions\/4354"}],"wp:featuredmedia":[{"embeddable":true,"href":"https:\/\/cristianocarvalho.net\/WordPress\/wp-json\/wp\/v2\/media\/4255"}],"wp:attachment":[{"href":"https:\/\/cristianocarvalho.net\/WordPress\/wp-json\/wp\/v2\/media?parent=4344"}],"wp:term":[{"taxonomy":"product_brand","embeddable":true,"href":"https:\/\/cristianocarvalho.net\/WordPress\/wp-json\/wp\/v2\/product_brand?post=4344"},{"taxonomy":"product_cat","embeddable":true,"href":"https:\/\/cristianocarvalho.net\/WordPress\/wp-json\/wp\/v2\/product_cat?post=4344"},{"taxonomy":"product_tag","embeddable":true,"href":"https:\/\/cristianocarvalho.net\/WordPress\/wp-json\/wp\/v2\/product_tag?post=4344"}],"curies":[{"name":"wp","href":"https:\/\/api.w.org\/{rel}","templated":true}]}}