{"id":4275,"date":"2023-07-31T07:19:20","date_gmt":"2023-07-31T07:19:20","guid":{"rendered":"https:\/\/cristianocarvalho.net\/WordPress\/?post_type=product&#038;p=4275"},"modified":"2023-12-29T18:41:23","modified_gmt":"2023-12-29T18:41:23","slug":"nice-seletor-chave-eks","status":"publish","type":"product","link":"https:\/\/cristianocarvalho.net\/WordPress\/produto\/nice-seletor-chave-eks\/","title":{"rendered":"NICE Seletor Chave EKS"},"content":{"rendered":"<h1 class=\"product_title entry-title\">Seletor de chave externo Nice EKS<\/h1>\n<p>Seletor de chave para exterior, cilindro Sandard Nice EKS Seletor em vers\u00e3o anti-roubo com inv\u00f3lucro de metal. Wafer fino: apenas 13 mil\u00edmetros de profundidade da parede nas vers\u00f5es embutidas (32 e 45 mil\u00edmetros nas vers\u00f5es externas).\u00a0Contatos el\u00e9tricos e alavancas protegidos por recipiente pl\u00e1stico.\u00a0Empreg\u00e1vel como comando direto do motor em aplica\u00e7\u00f5es com fonte de alimenta\u00e7\u00e3o el\u00e9trica (230 Vac).<\/p>\n<div>\n<h2>Caracter\u00edsticas T\u00e9cnicas<\/h2>\n<\/div>\n<ul>\n<li><span><span>Faixa de contato: 10 (2) A &#8211; 250 Vac<\/span><\/span><\/li>\n<li>Classe de prote\u00e7\u00e3o (IP): 44<\/li>\n<li>Dimens\u00f5es (mm): 70x32x70 h<\/li>\n<li>Peso (g): 360 g<\/li>\n<\/ul>\n<div class=\"table-wrapper\">\n<h2>Informa\u00e7\u00f5es adicionais<\/h2>\n<div class=\"box-collateral-content\">\n<table id=\"product-attribute-specs-table\" class=\"data-table dna-table vertical-table\">\n<tbody>\n<tr>\n<td class=\"label\">NOME<\/td>\n<td class=\"data\"><span data-update=\"name\">Seletores de chave externo Nice EKS<\/span><\/td>\n<\/tr>\n<tr>\n<td class=\"label\">SKU<\/td>\n<td class=\"data\"><span data-update=\"sku\">EKS<\/span><\/td>\n<\/tr>\n<tr>\n<td class=\"label\">GARANTIA<\/td>\n<td class=\"data\"><span data-update=\"warranty\">2 anos de garantia<\/span><\/td>\n<\/tr>\n<tr>\n<td class=\"label\">INSTALA\u00c7\u00c3O<\/td>\n<td class=\"data\"><span data-update=\"installazione_accessori\">Superf\u00edcie<\/span><\/td>\n<\/tr>\n<\/tbody>\n<\/table>\n<\/div>\n<\/div>\n","protected":false},"excerpt":{"rendered":"<p>O corpo da l\u00e2mpada de sinaliza\u00e7\u00e3o \u00e9 feito de policarbonato dur\u00e1vel.\u00a0Mhouse para automatiza\u00e7\u00e3o de port\u00f5es<\/p>\n<p>Pre\u00e7o sem I.V.A. e sem instala\u00e7\u00e3o<\/p>\n<p><mark class=\"has-inline-color has-base-3-color\" style=\"background-color: var(--contrast);\"><strong>Nota: devido \u00e0 instabilidade dos pre\u00e7os das mercadorias, produtos sem stock podem sofrer altera\u00e7\u00f5es sem aviso pr\u00e9vio. Se n\u00e3o nos for poss\u00edvel manter o valor da compra e se j\u00e1 tiver efetuado o pagamento o valor ser\u00e1 devolvido.<br \/>\n<\/strong><\/mark><strong><span style=\"color: #fc5f3f;\">Custos de expedi\u00e7\u00e3o calculado s\u00f3 para Portugal Continental.<\/span><\/strong><\/p>\n","protected":false},"featured_media":4274,"comment_status":"open","ping_status":"closed","template":"","meta":[],"product_brand":[],"product_cat":[65],"product_tag":[],"class_list":{"0":"post-4275","1":"product","2":"type-product","3":"status-publish","4":"has-post-thumbnail","6":"product_cat-automatismos-para-portoes","7":"product_shipping_class-preco-inferior-a-30kg-em-portugal","9":"first","10":"instock","11":"sale","12":"taxable","13":"shipping-taxable","14":"purchasable","15":"product-type-simple"},"_links":{"self":[{"href":"https:\/\/cristianocarvalho.net\/WordPress\/wp-json\/wp\/v2\/product\/4275","targetHints":{"allow":["GET"]}}],"collection":[{"href":"https:\/\/cristianocarvalho.net\/WordPress\/wp-json\/wp\/v2\/product"}],"about":[{"href":"https:\/\/cristianocarvalho.net\/WordPress\/wp-json\/wp\/v2\/types\/product"}],"replies":[{"embeddable":true,"href":"https:\/\/cristianocarvalho.net\/WordPress\/wp-json\/wp\/v2\/comments?post=4275"}],"version-history":[{"count":1,"href":"https:\/\/cristianocarvalho.net\/WordPress\/wp-json\/wp\/v2\/product\/4275\/revisions"}],"predecessor-version":[{"id":4276,"href":"https:\/\/cristianocarvalho.net\/WordPress\/wp-json\/wp\/v2\/product\/4275\/revisions\/4276"}],"wp:featuredmedia":[{"embeddable":true,"href":"https:\/\/cristianocarvalho.net\/WordPress\/wp-json\/wp\/v2\/media\/4274"}],"wp:attachment":[{"href":"https:\/\/cristianocarvalho.net\/WordPress\/wp-json\/wp\/v2\/media?parent=4275"}],"wp:term":[{"taxonomy":"product_brand","embeddable":true,"href":"https:\/\/cristianocarvalho.net\/WordPress\/wp-json\/wp\/v2\/product_brand?post=4275"},{"taxonomy":"product_cat","embeddable":true,"href":"https:\/\/cristianocarvalho.net\/WordPress\/wp-json\/wp\/v2\/product_cat?post=4275"},{"taxonomy":"product_tag","embeddable":true,"href":"https:\/\/cristianocarvalho.net\/WordPress\/wp-json\/wp\/v2\/product_tag?post=4275"}],"curies":[{"name":"wp","href":"https:\/\/api.w.org\/{rel}","templated":true}]}}