{"id":4270,"date":"2023-07-31T06:49:53","date_gmt":"2023-07-31T06:49:53","guid":{"rendered":"https:\/\/cristianocarvalho.net\/WordPress\/?post_type=product&#038;p=4270"},"modified":"2023-12-29T18:41:23","modified_gmt":"2023-12-29T18:41:23","slug":"pirilampo-fl1-mhouse-12v","status":"publish","type":"product","link":"https:\/\/cristianocarvalho.net\/WordPress\/produto\/pirilampo-fl1-mhouse-12v\/","title":{"rendered":"Pirilampo FL1 mhouse 12V"},"content":{"rendered":"<h1 class=\"product_title entry-title\">Pirilampo FL1 mhouse 12V<\/h1>\n<p><span>O corpo da l\u00e2mpada de sinaliza\u00e7\u00e3o \u00e9 feito de policarbonato dur\u00e1vel.\u00a0<\/span><span>Mhouse para automatiza\u00e7\u00e3o de port\u00f5es<\/span><\/p>\n<div class=\"table-wrapper\">\n<h2><span>Informa\u00e7\u00f5es adicionais<\/span><\/h2>\n<div class=\"box-collateral-content\">\n<table id=\"product-attribute-specs-table\" class=\"data-table\">\n<colgroup>\n<col width=\"25%\" \/>\n<col \/><\/colgroup>\n<tbody>\n<tr class=\"first odd\">\n<th class=\"label\"><span>C\u00f3digo\u00a0<\/span><\/th>\n<td class=\"data last\"><span>FL1<\/span><\/td>\n<\/tr>\n<tr class=\"even\">\n<th class=\"label\"><span>Peso (kg)<\/span><\/th>\n<td class=\"data last\"><span>0,285<\/span><\/td>\n<\/tr>\n<tr class=\"odd\">\n<th class=\"label\"><span>Consumo de energia (A)<\/span><\/th>\n<td class=\"data last\"><span>12 V<\/span><\/td>\n<\/tr>\n<tr class=\"even\">\n<th class=\"label\"><span>Marca comercial<\/span><\/th>\n<td class=\"data last\"><span>mhouse<\/span><\/td>\n<\/tr>\n<tr class=\"odd\">\n<th class=\"label\"><span>classe IP<\/span><\/th>\n<td class=\"data last\"><span>IP55<\/span><\/td>\n<\/tr>\n<tr class=\"even\">\n<th class=\"label\"><span>Temperatura de opera\u00e7\u00e3o<\/span><\/th>\n<td class=\"data last\"><span>-20&#8230;+50<\/span><\/td>\n<\/tr>\n<tr class=\"last odd\">\n<th class=\"label\"><span>Poder<\/span><\/th>\n<td class=\"data last\"><span>21W<\/span><\/td>\n<\/tr>\n<\/tbody>\n<\/table>\n<\/div>\n<\/div>\n","protected":false},"excerpt":{"rendered":"<p>O corpo da l\u00e2mpada de sinaliza\u00e7\u00e3o \u00e9 feito de policarbonato dur\u00e1vel.\u00a0Mhouse para automatiza\u00e7\u00e3o de port\u00f5es<\/p>\n<p>Pre\u00e7o sem I.V.A. e sem instala\u00e7\u00e3o<\/p>\n<p><mark class=\"has-inline-color has-base-3-color\" style=\"background-color: var(--contrast);\"><strong>Nota: devido \u00e0 instabilidade dos pre\u00e7os das mercadorias, produtos sem stock podem sofrer altera\u00e7\u00f5es sem aviso pr\u00e9vio. Se n\u00e3o nos for poss\u00edvel manter o valor da compra e se j\u00e1 tiver efetuado o pagamento o valor ser\u00e1 devolvido.<br \/>\n<\/strong><\/mark><strong><span style=\"color: #fc5f3f;\">Custos de expedi\u00e7\u00e3o calculado s\u00f3 para Portugal Continental.<\/span><\/strong><\/p>\n","protected":false},"featured_media":4271,"comment_status":"open","ping_status":"closed","template":"","meta":[],"product_brand":[],"product_cat":[65],"product_tag":[],"class_list":{"0":"post-4270","1":"product","2":"type-product","3":"status-publish","4":"has-post-thumbnail","6":"product_cat-automatismos-para-portoes","7":"product_shipping_class-preco-inferior-a-30kg-em-portugal","9":"first","10":"instock","11":"sale","12":"sold-individually","13":"taxable","14":"shipping-taxable","15":"purchasable","16":"product-type-simple"},"_links":{"self":[{"href":"https:\/\/cristianocarvalho.net\/WordPress\/wp-json\/wp\/v2\/product\/4270","targetHints":{"allow":["GET"]}}],"collection":[{"href":"https:\/\/cristianocarvalho.net\/WordPress\/wp-json\/wp\/v2\/product"}],"about":[{"href":"https:\/\/cristianocarvalho.net\/WordPress\/wp-json\/wp\/v2\/types\/product"}],"replies":[{"embeddable":true,"href":"https:\/\/cristianocarvalho.net\/WordPress\/wp-json\/wp\/v2\/comments?post=4270"}],"version-history":[{"count":2,"href":"https:\/\/cristianocarvalho.net\/WordPress\/wp-json\/wp\/v2\/product\/4270\/revisions"}],"predecessor-version":[{"id":4273,"href":"https:\/\/cristianocarvalho.net\/WordPress\/wp-json\/wp\/v2\/product\/4270\/revisions\/4273"}],"wp:featuredmedia":[{"embeddable":true,"href":"https:\/\/cristianocarvalho.net\/WordPress\/wp-json\/wp\/v2\/media\/4271"}],"wp:attachment":[{"href":"https:\/\/cristianocarvalho.net\/WordPress\/wp-json\/wp\/v2\/media?parent=4270"}],"wp:term":[{"taxonomy":"product_brand","embeddable":true,"href":"https:\/\/cristianocarvalho.net\/WordPress\/wp-json\/wp\/v2\/product_brand?post=4270"},{"taxonomy":"product_cat","embeddable":true,"href":"https:\/\/cristianocarvalho.net\/WordPress\/wp-json\/wp\/v2\/product_cat?post=4270"},{"taxonomy":"product_tag","embeddable":true,"href":"https:\/\/cristianocarvalho.net\/WordPress\/wp-json\/wp\/v2\/product_tag?post=4270"}],"curies":[{"name":"wp","href":"https:\/\/api.w.org\/{rel}","templated":true}]}}