{"id":4249,"date":"2023-07-23T13:21:46","date_gmt":"2023-07-23T13:21:46","guid":{"rendered":"https:\/\/cristianocarvalho.net\/WordPress\/?post_type=product&#038;p=4249"},"modified":"2023-12-15T07:33:55","modified_gmt":"2023-12-15T07:33:55","slug":"o-view-unidade-programacao-e-diagnostico","status":"publish","type":"product","link":"https:\/\/cristianocarvalho.net\/WordPress\/produto\/o-view-unidade-programacao-e-diagnostico\/","title":{"rendered":"O-View Unidade Programa\u00e7\u00e3o e Diagnostico"},"content":{"rendered":"<h2>O-View Unidade Programa\u00e7\u00e3o e Diagnostico<\/h2>\n<div class=\"textDesc\">\n<p><strong>Unidade de controle, programa\u00e7\u00e3o e diagn\u00f3stico para dispositivos equipados com conex\u00e3o BUS T4, no local ou remotamente via GPRS gra\u00e7as \u00e0 conex\u00e3o com seu PDA, Smartphone ou PC.<\/strong><\/p>\n<p><strong>Gest\u00e3o avan\u00e7ada:<\/strong> O O-View \u00e9 conectado diretamente \u00e0 unidade de controle compat\u00edvel atrav\u00e9s dum cabo BUS T4 (fornecido). Ao conectar o O-View permanentemente a uma unidade de controle ou grupo de unidades de controle via BUS T4, uma rede pode ser criada para gerenciamento centralizado local ou remoto.<\/p>\n<p><strong>Modo de programa\u00e7\u00e3o simples<\/strong>\u00a0com menus intuitivos v\u00e1lidos para cada produto, sem necessidade de consultar as instru\u00e7\u00f5es espec\u00edficas.<\/p>\n<p>O O-View liga e reconhece automaticamente todos os dispositivos da rede assim que \u00e9 conectado, exibindo apenas os par\u00e2metros espec\u00edficos do dispositivo sobre o qual intervir.<\/p>\n<p>No caso de v\u00e1rios dispositivos na rede, o endere\u00e7o BUS T4 \u00e9 identific\u00e1vel por meio de uma etiqueta de texto personalizada conforme necess\u00e1rio, permitindo o reconhecimento r\u00e1pido do dispositivo associado.<\/p>\n<p><strong>Program\u00e1vel<\/strong> : Gra\u00e7as ao rel\u00f3gio integrado, tamb\u00e9m \u00e9 poss\u00edvel (com bateria de backup integrada) programar a entrega de comandos num hor\u00e1rio definido, por exemplo, para automatizar a abertura e o fechamento de sistemas industriais e comerciais complexos ou para a cria\u00e7\u00e3o de \u201ccen\u00e1rios \u201d.<\/p>\n<p>Um pr\u00e1tico suporte de parede fornecido.<\/p>\n<p><strong>Seguro<\/strong> : Dois n\u00edveis protegidos por senha (para o usu\u00e1rio e para o instalador).<\/p>\n<p><strong>Pr\u00e1tico<\/strong> : O O-View \u00e9 o seu escrit\u00f3rio port\u00e1til e pode ser conectado apenas durante a programa\u00e7\u00e3o ou para manuten\u00e7\u00e3o, ou pode ser instalado permanentemente no local para explorar todos os benef\u00edcios do gerenciamento centralizado local ou remoto.<\/p>\n<ul class=\"docs\">\n<li><a href=\"https:\/\/www.niceforyou.com\/sites\/default\/files\/upload\/manuals\/IST244R01.4864.pdf\" target=\"_blank\" rel=\"noopener\">Baixe o folheto<\/a><\/li>\n<\/ul>\n<\/div>\n","protected":false},"excerpt":{"rendered":"<p>1 &#8211; O-View Unidade de Programa\u00e7\u00e3o e Diagnostico<\/p>\n<p>Pre\u00e7o sem I.V.A. e sem instala\u00e7\u00e3o<\/p>\n<p><mark class=\"has-inline-color has-base-3-color\" style=\"background-color: var(--contrast);\"><strong>Nota: devido \u00e0 instabilidade dos pre\u00e7os das mercadorias, produtos sem stock podem sofrer altera\u00e7\u00f5es sem aviso pr\u00e9vio. Se n\u00e3o nos for poss\u00edvel manter o valor da compra e se j\u00e1 tiver efetuado o pagamento o valor ser\u00e1 devolvido.<br \/>\n<\/strong><\/mark><strong><span style=\"color: #fc5f3f;\">Custos de expedi\u00e7\u00e3o calculado s\u00f3 para Portugal Continental.<\/span><\/strong><\/p>\n","protected":false},"featured_media":4252,"comment_status":"open","ping_status":"closed","template":"","meta":[],"product_brand":[],"product_cat":[65],"product_tag":[],"class_list":{"0":"post-4249","1":"product","2":"type-product","3":"status-publish","4":"has-post-thumbnail","6":"product_cat-automatismos-para-portoes","7":"product_shipping_class-preco-inferior-a-30kg-em-portugal","9":"first","10":"onbackorder","11":"sale","12":"sold-individually","13":"taxable","14":"shipping-taxable","15":"purchasable","16":"product-type-simple"},"_links":{"self":[{"href":"https:\/\/cristianocarvalho.net\/WordPress\/wp-json\/wp\/v2\/product\/4249","targetHints":{"allow":["GET"]}}],"collection":[{"href":"https:\/\/cristianocarvalho.net\/WordPress\/wp-json\/wp\/v2\/product"}],"about":[{"href":"https:\/\/cristianocarvalho.net\/WordPress\/wp-json\/wp\/v2\/types\/product"}],"replies":[{"embeddable":true,"href":"https:\/\/cristianocarvalho.net\/WordPress\/wp-json\/wp\/v2\/comments?post=4249"}],"version-history":[{"count":2,"href":"https:\/\/cristianocarvalho.net\/WordPress\/wp-json\/wp\/v2\/product\/4249\/revisions"}],"predecessor-version":[{"id":4267,"href":"https:\/\/cristianocarvalho.net\/WordPress\/wp-json\/wp\/v2\/product\/4249\/revisions\/4267"}],"wp:featuredmedia":[{"embeddable":true,"href":"https:\/\/cristianocarvalho.net\/WordPress\/wp-json\/wp\/v2\/media\/4252"}],"wp:attachment":[{"href":"https:\/\/cristianocarvalho.net\/WordPress\/wp-json\/wp\/v2\/media?parent=4249"}],"wp:term":[{"taxonomy":"product_brand","embeddable":true,"href":"https:\/\/cristianocarvalho.net\/WordPress\/wp-json\/wp\/v2\/product_brand?post=4249"},{"taxonomy":"product_cat","embeddable":true,"href":"https:\/\/cristianocarvalho.net\/WordPress\/wp-json\/wp\/v2\/product_cat?post=4249"},{"taxonomy":"product_tag","embeddable":true,"href":"https:\/\/cristianocarvalho.net\/WordPress\/wp-json\/wp\/v2\/product_tag?post=4249"}],"curies":[{"name":"wp","href":"https:\/\/api.w.org\/{rel}","templated":true}]}}