{"id":4245,"date":"2023-07-23T13:00:41","date_gmt":"2023-07-23T13:00:41","guid":{"rendered":"https:\/\/cristianocarvalho.net\/WordPress\/?post_type=product&#038;p=4245"},"modified":"2026-03-25T08:00:53","modified_gmt":"2026-03-25T08:00:53","slug":"nice-central-mindy-a400","status":"publish","type":"product","link":"https:\/\/cristianocarvalho.net\/WordPress\/produto\/nice-central-mindy-a400\/","title":{"rendered":"Nice Central Mindy A400"},"content":{"rendered":"<h2 style=\"color: red; font-weight: bold; text-align: center;\">\n  Modelo descontinuado<br \/>\n<\/h2>\n<h2>Nice Central Mindy A400<\/h2>\n<div class=\"textDesc\"><span>MINDY A400 Unidade de controle NICE para 2 motores, baseada em microprocessador com detec\u00e7\u00e3o de obst\u00e1culos.\u00a0Compat\u00edvel com motores WINGO.<\/span><\/p>\n<p><span>Dados t\u00e9cnicos:\u00a0<\/span><br \/>\n<span>Alimenta\u00e7\u00e3o: 230 V<\/span><br \/>\n<span>Pr\u00e9-piscando<\/span><br \/>\n<span>Opera\u00e7\u00e3o passo a passo Abre-Stop-Fecha-Stop<\/span><br \/>\n<span>Conector SM para placa de r\u00e1dio<\/span><\/p>\n<ul class=\"docs\">\n<li><a href=\"https:\/\/www.automatisme-online.fr\/media\/pdf\/import_pdf_NICE_janvier_2019\/MINDY-A400-NICE.pdf\" target=\"_blank\" rel=\"noopener\"><span>Baixe o folheto<\/span><\/a><\/li>\n<\/ul>\n<\/div>\n","protected":false},"excerpt":{"rendered":"<h2 style=\"color: red; font-weight: bold; text-align: center;\">\n  Modelo descontinuado<br \/>\n<\/h2>\n<h1>Nice Central Mindy A400<\/h1>\n<p>1 &#8211; Central Mindy A400<\/p>\n<p>Pre\u00e7o sem I.V.A. e sem instala\u00e7\u00e3o<\/p>\n<p><mark class=\"has-inline-color has-base-3-color\" style=\"background-color: var(--contrast);\"><strong>Nota: devido \u00e0 instabilidade dos pre\u00e7os das mercadorias, produtos sem stock podem sofrer altera\u00e7\u00f5es sem aviso pr\u00e9vio. Se n\u00e3o nos for poss\u00edvel manter o valor da compra e se j\u00e1 tiver efetuado o pagamento o valor ser\u00e1 devolvido.<br \/>\n<\/strong><\/mark><strong><span style=\"color: #fc5f3f;\">Custos de expedi\u00e7\u00e3o calculado s\u00f3 para Portugal Continental.<\/span><\/strong><\/p>\n","protected":false},"featured_media":4246,"comment_status":"open","ping_status":"closed","template":"","meta":[],"product_brand":[],"product_cat":[65],"product_tag":[],"class_list":{"0":"post-4245","1":"product","2":"type-product","3":"status-publish","4":"has-post-thumbnail","6":"product_cat-automatismos-para-portoes","7":"product_shipping_class-preco-inferior-a-30kg-em-portugal","9":"first","10":"onbackorder","11":"sold-individually","12":"taxable","13":"shipping-taxable","14":"product-type-simple"},"_links":{"self":[{"href":"https:\/\/cristianocarvalho.net\/WordPress\/wp-json\/wp\/v2\/product\/4245","targetHints":{"allow":["GET"]}}],"collection":[{"href":"https:\/\/cristianocarvalho.net\/WordPress\/wp-json\/wp\/v2\/product"}],"about":[{"href":"https:\/\/cristianocarvalho.net\/WordPress\/wp-json\/wp\/v2\/types\/product"}],"replies":[{"embeddable":true,"href":"https:\/\/cristianocarvalho.net\/WordPress\/wp-json\/wp\/v2\/comments?post=4245"}],"version-history":[{"count":8,"href":"https:\/\/cristianocarvalho.net\/WordPress\/wp-json\/wp\/v2\/product\/4245\/revisions"}],"predecessor-version":[{"id":4914,"href":"https:\/\/cristianocarvalho.net\/WordPress\/wp-json\/wp\/v2\/product\/4245\/revisions\/4914"}],"wp:featuredmedia":[{"embeddable":true,"href":"https:\/\/cristianocarvalho.net\/WordPress\/wp-json\/wp\/v2\/media\/4246"}],"wp:attachment":[{"href":"https:\/\/cristianocarvalho.net\/WordPress\/wp-json\/wp\/v2\/media?parent=4245"}],"wp:term":[{"taxonomy":"product_brand","embeddable":true,"href":"https:\/\/cristianocarvalho.net\/WordPress\/wp-json\/wp\/v2\/product_brand?post=4245"},{"taxonomy":"product_cat","embeddable":true,"href":"https:\/\/cristianocarvalho.net\/WordPress\/wp-json\/wp\/v2\/product_cat?post=4245"},{"taxonomy":"product_tag","embeddable":true,"href":"https:\/\/cristianocarvalho.net\/WordPress\/wp-json\/wp\/v2\/product_tag?post=4245"}],"curies":[{"name":"wp","href":"https:\/\/api.w.org\/{rel}","templated":true}]}}