{"id":3893,"date":"2021-12-25T10:10:36","date_gmt":"2021-12-25T10:10:36","guid":{"rendered":"http:\/\/cristianocarvalho.net\/WordPress\/?post_type=product&#038;p=3893"},"modified":"2023-08-02T12:29:14","modified_gmt":"2023-08-02T12:29:14","slug":"camara-termografica-portatil-dupla-sf-handheld-260t05","status":"publish","type":"product","link":"https:\/\/cristianocarvalho.net\/WordPress\/produto\/camara-termografica-portatil-dupla-sf-handheld-260t05\/","title":{"rendered":"C\u00e2mara Termogr\u00e1fica Port\u00e1til Dupla &#8211; SF-HANDHELD-260T05"},"content":{"rendered":"<p align=\"justify\"><strong>C\u00e2mara Termogr\u00e1fica Port\u00e1til Dupla &#8211; SF-HANDHELD-260T05<\/strong><\/p>\n<div id=\"all\" class=\"row-offcanvas row-offcanvas-left\">\n<div id=\"back\">\n<div id=\"contentarea\" class=\"main-clear\">\n<div id=\"main\">\n<div class=\"productdetails-view productdetails\">\n<div class=\"product-description card\">\n<div id=\"content_tabs\">\n<div class=\"content active\">\n<ul class=\"article_list\">\n<li>C\u00e1mara Termogr\u00e1fica port\u00e1til Dupla<\/li>\n<li>Medi\u00e7\u00e3o da temperatura corporal em tempo real<\/li>\n<li>Resolu\u00e7\u00e3o t\u00e9rmica 256&#215;192<\/li>\n<li>Resolu\u00e7\u00e3o \u00f3ptica 640&#215;480<\/li>\n<li>NETD \u226450mK<\/li>\n<li>Precis\u00e3o \u00b10.5\u00baC<\/li>\n<li>Faixa de medi\u00e7\u00e3o de temperatura 30\u00ba ~ 45\u00baC<\/li>\n<li>Dist\u00e2ncia de detec\u00e7\u00e3o 2 ~ 3m<\/li>\n<li>Luz de informa\u00e7\u00e3o sobre o excesso de temperatura<\/li>\n<li>Captura autom\u00e1tica de imagens com alarme de espectro vis\u00edvel para verifica\u00e7\u00e3o<\/li>\n<li>Comuta\u00e7\u00e3o entre imagem t\u00e9rmica e \u00f3ptica percentualmente 0%, 25%, 50%, 75% e 100%<\/li>\n<li>Resolu\u00e7\u00e3o do visor 320&#215;240<\/li>\n<li>Possibilidade de instala\u00e7\u00e3o em trip\u00e9<\/li>\n<li>Monitoriza\u00e7\u00e3o a partir do monitor externo atrav\u00e9s do PC<\/li>\n<\/ul>\n<\/div>\n<\/div>\n<\/div>\n<\/div>\n<\/div>\n<\/div>\n<\/div>\n<\/div>\n<table class=\"specs\" border=\"0\" cellspacing=\"0\" cellpadding=\"0\">\n<tbody>\n<tr class=\"table-data\" align=\"left\" valign=\"middle\">\n<td width=\"30%\" height=\"22\"><strong>Sensor t\u00e9rmico<\/strong><\/td>\n<td width=\"70%\" height=\"22\">256&#215;192 Vox<\/td>\n<\/tr>\n<tr class=\"table-data\" align=\"left\" valign=\"middle\">\n<td width=\"30%\" height=\"22\"><strong>Sensor \u00f3ptico<\/strong><\/td>\n<td width=\"70%\" height=\"22\">640&#215;480<\/td>\n<\/tr>\n<tr class=\"table-data\" align=\"left\" valign=\"middle\">\n<td width=\"30%\" height=\"22\"><strong>Resolu\u00e7\u00e3o de Temperatura<\/strong><\/td>\n<td width=\"70%\" height=\"22\">0.1\u00baC<\/td>\n<\/tr>\n<tr class=\"table-data\" align=\"left\" valign=\"middle\">\n<td width=\"30%\" height=\"22\"><strong>\u00c2ngulo de vis\u00e3o (t\u00e9rmico)<\/strong><\/td>\n<td width=\"70%\" height=\"22\">56\u00ba x 42\u00ba<\/td>\n<\/tr>\n<tr class=\"table-data\" align=\"left\" valign=\"middle\">\n<td width=\"30%\" height=\"22\"><strong>Precis\u00e3o<\/strong><\/td>\n<td width=\"70%\" height=\"22\">\u00b1 0.5\u00baC<\/td>\n<\/tr>\n<tr class=\"table-data\" align=\"left\" valign=\"middle\">\n<td width=\"30%\" height=\"22\"><strong>Sensibilidade t\u00e9rmica (NETD)<\/strong><\/td>\n<td width=\"70%\" height=\"22\">\u2264 50mK<\/td>\n<\/tr>\n<tr class=\"table-data\" align=\"left\" valign=\"middle\">\n<td width=\"30%\" height=\"22\"><strong>Faixa espectral<\/strong><\/td>\n<td width=\"70%\" height=\"22\">8~14um<\/td>\n<\/tr>\n<tr class=\"table-data\" align=\"left\" valign=\"middle\">\n<td width=\"30%\" height=\"22\"><strong>Fun\u00e7\u00f5es inteligentes<\/strong><\/td>\n<td width=\"70%\" height=\"22\">Medi\u00e7\u00e3o da temperatura corporal<\/td>\n<\/tr>\n<tr class=\"table-data\" align=\"left\" valign=\"middle\">\n<td width=\"30%\" height=\"22\"><strong>Faixa de medi\u00e7\u00e3o<\/strong><\/td>\n<td width=\"70%\" height=\"22\">30\u00baC ~ 45\u00baC<\/td>\n<\/tr>\n<tr class=\"table-data\" align=\"left\" valign=\"middle\">\n<td width=\"30%\" height=\"22\"><strong>Modos de Utiliza\u00e7\u00e3o<\/strong><\/td>\n<td width=\"70%\" height=\"22\">Ponto central, medi\u00e7\u00e3o de pontom\u00e1xima e m\u00ednima de tempratura, fun\u00e7\u00e3o ROI<\/td>\n<\/tr>\n<tr class=\"table-data\" align=\"left\" valign=\"middle\">\n<td width=\"30%\" height=\"22\"><strong>Modos de Imagem<\/strong><\/td>\n<td width=\"70%\" height=\"22\">T\u00e9rmica, Vis\u00edvel, Fus\u00e3o com participa\u00e7\u00e3o de imagem \u00f3ptica (Ajust\u00e1vel a de 0%, 25%, 50%,75%e 100%), PIC<\/td>\n<\/tr>\n<tr class=\"table-data\" align=\"left\" valign=\"middle\">\n<td width=\"30%\" height=\"22\"><strong>Capturas de imagem<\/strong><\/td>\n<td width=\"70%\" height=\"22\">Manual (disparo) \/ Autom\u00e1tico<\/td>\n<\/tr>\n<tr class=\"table-data\" align=\"left\" valign=\"middle\">\n<td width=\"30%\" height=\"22\"><strong>Armazenagem interna<\/strong><\/td>\n<td width=\"70%\" height=\"22\">Cart\u00e3o Micro SD at\u00e9 16 GB (inclu\u00eddo)<\/td>\n<\/tr>\n<tr class=\"table-data\" align=\"left\" valign=\"middle\">\n<td width=\"30%\" height=\"22\"><strong>Luz \/ Lanterna<\/strong><\/td>\n<td width=\"70%\" height=\"22\">Activa\u00e7\u00e3o manual \/ Activa\u00e7\u00e3o devido a excesso ou diminui\u00e7\u00e3o da temperatura<\/td>\n<\/tr>\n<tr class=\"table-data\" align=\"left\" valign=\"middle\">\n<td width=\"30%\" height=\"22\"><strong>Visualiza\u00e7\u00e3o<\/strong><\/td>\n<td width=\"70%\" height=\"22\">Display TFT 2.8&#8243; LCD (320&#215;240) \/ Desde monitor externo atrav\u00e9s de PC<\/td>\n<\/tr>\n<tr class=\"table-data\" align=\"left\" valign=\"middle\">\n<td width=\"30%\" height=\"22\"><strong>Comunica\u00e7\u00e3o<\/strong><\/td>\n<td width=\"70%\" height=\"22\">USB Tipo C (para carregar a bateria e conex\u00e3o ao PC para monitoriza\u00e7\u00e3o)<\/td>\n<\/tr>\n<tr class=\"table-data\" align=\"left\" valign=\"middle\">\n<td width=\"30%\" height=\"22\"><strong>Software para PC<\/strong><\/td>\n<td width=\"70%\" height=\"22\">Imagem ao Vivo, Hist\u00f3rico de Eventos, Notifica\u00e7\u00e3o de Alarme Sonoro<\/td>\n<\/tr>\n<tr class=\"table-data\" align=\"left\" valign=\"middle\">\n<td width=\"30%\" height=\"22\"><strong>Instala\u00e7\u00e3o<\/strong><\/td>\n<td width=\"70%\" height=\"22\">Trip\u00e9 (N\u00e3o inclu\u00eddo) ou em M\u00e3o<\/td>\n<\/tr>\n<tr class=\"table-data\" align=\"left\" valign=\"middle\">\n<td width=\"30%\" height=\"22\"><strong>Alimenta\u00e7\u00e3o<\/strong><\/td>\n<td width=\"70%\" height=\"22\">Bateria de l\u00edtio 3.7V \/ 5000mAh Recarreg\u00e1vel<\/td>\n<\/tr>\n<tr class=\"table-data\" align=\"left\" valign=\"middle\">\n<td width=\"30%\" height=\"22\"><strong>Dura\u00e7\u00e3o da bateria<\/strong><\/td>\n<td width=\"70%\" height=\"22\">5 horas<\/td>\n<\/tr>\n<tr class=\"table-data\" align=\"left\" valign=\"middle\">\n<td width=\"30%\" height=\"22\"><strong>Temp. funcionamento<\/strong><\/td>\n<td width=\"70%\" height=\"22\">10\u00ba C ~ + 30\u00ba C<\/td>\n<\/tr>\n<tr class=\"table-data\" align=\"left\" valign=\"middle\">\n<td width=\"30%\" height=\"22\"><strong>Grau de protec\u00e7\u00e3o<\/strong><\/td>\n<td width=\"70%\" height=\"22\">Imperme\u00e1vel IP66<\/td>\n<\/tr>\n<tr class=\"table-data\" align=\"left\" valign=\"middle\">\n<td width=\"30%\" height=\"22\"><strong>Dimens\u00f5es<\/strong><\/td>\n<td width=\"70%\" height=\"22\">86 (Pf) x 236 (Al) x 75.5(An) mm<\/td>\n<\/tr>\n<tr class=\"table-data\" align=\"left\" valign=\"middle\">\n<td width=\"30%\" height=\"22\"><strong>Peso<\/strong><\/td>\n<td width=\"70%\" height=\"22\">2200 g<\/td>\n<\/tr>\n<\/tbody>\n<\/table>\n","protected":false},"excerpt":{"rendered":"<p>Pre\u00e7o sem I.V.A. e sem instala\u00e7\u00e3o<\/p>\n<p><mark class=\"has-inline-color has-base-3-color\" style=\"background-color: var(--contrast);\"><strong>Nota: devido \u00e0 instabilidade dos pre\u00e7os das mercadorias, produtos sem stock podem sofrer altera\u00e7\u00f5es sem aviso pr\u00e9vio. Se n\u00e3o nos for poss\u00edvel manter o valor da compra e se j\u00e1 tiver efetuado o pagamento o valor ser\u00e1 devolvido.<br \/>\n<\/strong><\/mark><strong><span style=\"color: #fc5f3f;\">Custos de expedi\u00e7\u00e3o calculado s\u00f3 para Portugal Continental.<\/span><\/strong><\/p>\n<p><strong>C\u00e2mara Termogr\u00e1fica Port\u00e1til Dupla &#8211; SF-HANDHELD-260T05<\/strong><\/p>\n<ul>\n<li>C\u00e2mara Termogr\u00e1fica Port\u00e1til Dupla<\/li>\n<li>Medi\u00e7\u00e3o da temperatura corporal em tempo real<\/li>\n<li>Resolu\u00e7\u00e3o t\u00e9rmica | 256&#215;192 Precis\u00e3o \u00b10.5\u00baC<\/li>\n<li>Sensibilidade t\u00e9rmica \u226450mK<\/li>\n<li>Medi\u00e7\u00e3o de temperatura em faces a 3 m de dist\u00e2ncia<\/li>\n<li>Monitoriza\u00e7\u00e3o em monitor externo atrav\u00e9s de PC<\/li>\n<\/ul>\n<p><strong>Conte\u00fado:<\/strong><\/p>\n<ul>\n<li>C\u00e2mara Termogr\u00e1fica Port\u00e1til<\/li>\n<li>Instru\u00e7\u00f5es de uso<\/li>\n<li>Cabo USB &#8211; Tipo C<\/li>\n<li>Cart\u00e3o MicroSD de 16GB<\/li>\n<\/ul>\n","protected":false},"featured_media":3891,"comment_status":"open","ping_status":"closed","template":"","meta":[],"product_brand":[],"product_cat":[75,73],"product_tag":[],"class_list":{"0":"post-3893","1":"product","2":"type-product","3":"status-publish","4":"has-post-thumbnail","6":"product_cat-camaras-termograficas","7":"product_cat-temperatura-corporal-febre","8":"product_shipping_class-preco-inferior-a-30kg-em-portugal","10":"first","11":"onbackorder","12":"sale","13":"taxable","14":"shipping-taxable","15":"purchasable","16":"product-type-simple"},"_links":{"self":[{"href":"https:\/\/cristianocarvalho.net\/WordPress\/wp-json\/wp\/v2\/product\/3893","targetHints":{"allow":["GET"]}}],"collection":[{"href":"https:\/\/cristianocarvalho.net\/WordPress\/wp-json\/wp\/v2\/product"}],"about":[{"href":"https:\/\/cristianocarvalho.net\/WordPress\/wp-json\/wp\/v2\/types\/product"}],"replies":[{"embeddable":true,"href":"https:\/\/cristianocarvalho.net\/WordPress\/wp-json\/wp\/v2\/comments?post=3893"}],"version-history":[{"count":6,"href":"https:\/\/cristianocarvalho.net\/WordPress\/wp-json\/wp\/v2\/product\/3893\/revisions"}],"predecessor-version":[{"id":4281,"href":"https:\/\/cristianocarvalho.net\/WordPress\/wp-json\/wp\/v2\/product\/3893\/revisions\/4281"}],"wp:featuredmedia":[{"embeddable":true,"href":"https:\/\/cristianocarvalho.net\/WordPress\/wp-json\/wp\/v2\/media\/3891"}],"wp:attachment":[{"href":"https:\/\/cristianocarvalho.net\/WordPress\/wp-json\/wp\/v2\/media?parent=3893"}],"wp:term":[{"taxonomy":"product_brand","embeddable":true,"href":"https:\/\/cristianocarvalho.net\/WordPress\/wp-json\/wp\/v2\/product_brand?post=3893"},{"taxonomy":"product_cat","embeddable":true,"href":"https:\/\/cristianocarvalho.net\/WordPress\/wp-json\/wp\/v2\/product_cat?post=3893"},{"taxonomy":"product_tag","embeddable":true,"href":"https:\/\/cristianocarvalho.net\/WordPress\/wp-json\/wp\/v2\/product_tag?post=3893"}],"curies":[{"name":"wp","href":"https:\/\/api.w.org\/{rel}","templated":true}]}}