{"id":3873,"date":"2021-12-24T15:57:42","date_gmt":"2021-12-24T15:57:42","guid":{"rendered":"http:\/\/cristianocarvalho.net\/WordPress\/?post_type=product&#038;p=3873"},"modified":"2021-12-24T16:19:11","modified_gmt":"2021-12-24T16:19:11","slug":"scanner-passe-verde-passaporte-covid-eu-face-temp-qr-base","status":"publish","type":"product","link":"https:\/\/cristianocarvalho.net\/WordPress\/produto\/scanner-passe-verde-passaporte-covid-eu-face-temp-qr-base\/","title":{"rendered":"Scanner Passe verde &#8211; Passaporte COVID EU &#8211; FACE-TEMP-QR-BASE"},"content":{"rendered":"<p align=\"justify\"><strong>Scanner Passe verde &#8211; Passaporte COVID EU &#8211; FACE-TEMP-QR-BASE<\/strong><\/p>\n<div id=\"all\" class=\"row-offcanvas row-offcanvas-left\">\n<div id=\"back\">\n<div id=\"contentarea\" class=\"main-clear\">\n<div id=\"main\">\n<div class=\"productdetails-view productdetails\">\n<div class=\"product-description card\">\n<div id=\"content_tabs\">\n<div class=\"content active\">\n<ul class=\"article_list\">\n<li>Leitor biom\u00e9trico aut\u00f3nomo de controlo de acessos<\/li>\n<li>Identifica\u00e7\u00e3o por Reconhecimento facial e Passaporte Covid Passe verde UE<\/li>\n<li>Medi\u00e7\u00e3o da temperatura corporal<\/li>\n<li>Precis\u00e3o \u00b10.3\u2103<\/li>\n<li>Detec\u00e7\u00e3o de febre e m\u00e1scara<\/li>\n<li>Ecr\u00e3 7&#8243; IPS a cores<\/li>\n<li>Permite certificados de vacina\u00e7\u00e3o Covid 19<\/li>\n<li>Permite certificados negativos PCR<\/li>\n<li>Permite certificados negativos por teste de ant\u00edgeno<\/li>\n<li>Permite certificados por supera\u00e7\u00e3o da doen\u00e7a de Covid 19<\/li>\n<li>Capacidade 22.400 faces e 100.000 registos<\/li>\n<li>Comunica\u00e7\u00e3o TCP\/IP<\/li>\n<li>Controladora Integrada (Rel\u00e9 ou Alarme e Wiegand)<\/li>\n<li>C\u00e2mara com sensor duplo para reconhecimento facial<\/li>\n<li>Instala\u00e7\u00e3o em suporte inclu\u00eddo<\/li>\n<li>Software de gest\u00e3o sVMS2000 gratuito<\/li>\n<\/ul>\n<\/div>\n<\/div>\n<\/div>\n<\/div>\n<\/div>\n<\/div>\n<\/div>\n<\/div>\n<table class=\"specs\" border=\"0\" cellspacing=\"0\" cellpadding=\"0\">\n<tbody>\n<tr class=\"table-header\" align=\"left\" valign=\"middle\">\n<td colspan=\"2\" width=\"100%\">\n<h3>UV-EP-S31-W-NB<\/h3>\n<\/td>\n<\/tr>\n<tr class=\"table-data\" align=\"left\" valign=\"middle\">\n<td width=\"30%\" height=\"22\"><strong>Marca<\/strong><\/td>\n<td width=\"70%\" height=\"22\">Uniview<\/td>\n<\/tr>\n<tr class=\"table-data\" align=\"left\" valign=\"middle\">\n<td width=\"30%\" height=\"22\"><strong>Material<\/strong><\/td>\n<td width=\"70%\" height=\"22\">A\u00e7o inoxid\u00e1vel<\/td>\n<\/tr>\n<tr class=\"table-data\" align=\"left\" valign=\"middle\">\n<td width=\"30%\" height=\"22\"><strong>Dimens\u00f5es<\/strong><\/td>\n<td width=\"70%\" height=\"22\">1158mm (Al) x 222mm (Lg) x 280mm (Pf)<\/td>\n<\/tr>\n<tr class=\"table-data\" align=\"left\" valign=\"middle\">\n<td width=\"30%\" height=\"22\"><strong>Peso<\/strong><\/td>\n<td width=\"70%\" height=\"22\">5 Kg<\/td>\n<\/tr>\n<tr class=\"table-data\" align=\"left\" valign=\"middle\">\n<td width=\"30%\" height=\"22\"><strong>Montagem<\/strong><\/td>\n<td width=\"70%\" height=\"22\">Sobre o ch\u00e3o, de p\u00e9<\/td>\n<\/tr>\n<tr class=\"table-header\" align=\"left\" valign=\"middle\">\n<td colspan=\"2\" width=\"100%\">\n<h3>FACE-TEMP-QR<\/h3>\n<\/td>\n<\/tr>\n<tr class=\"table-data\" align=\"left\" valign=\"middle\">\n<td width=\"30%\" height=\"22\"><strong>CPU<\/strong><\/td>\n<td width=\"70%\" height=\"22\">Linux com 16G EMMC<\/td>\n<\/tr>\n<tr class=\"table-data\" align=\"left\" valign=\"middle\">\n<td width=\"30%\" height=\"22\"><strong>Modos de funcionamento<\/strong><\/td>\n<td width=\"70%\" height=\"22\">Reconhecimento Facial + Temperatura + M\u00e1scara Facial + Passe Verde<br \/>\nReconhecimento facial + Temperatura + M\u00e1scara<br \/>\nReconhecimento Facial + Temperatura<br \/>\nPasse Verde + Temperatura + M\u00e1scara<br \/>\nPasse Verde + Temperatura<br \/>\nReconhecimento facial<br \/>\nPasse Verde<br \/>\nTemperatura<br \/>\nTemperatura + M\u00e1scara<\/td>\n<\/tr>\n<tr class=\"table-data\" align=\"left\" valign=\"middle\">\n<td width=\"30%\" height=\"22\"><strong>Verifica\u00e7\u00e3o de Certificados<\/strong><\/td>\n<td width=\"70%\" height=\"22\">Actualiza\u00e7\u00e3o e autentica\u00e7\u00e3o com servidores. Conex\u00e3o m\u00ednima necess\u00e1ria: 15 min por dia para o seu correcto funcionamento<\/td>\n<\/tr>\n<tr class=\"table-data\" align=\"left\" valign=\"middle\">\n<td width=\"30%\" height=\"22\"><strong>Pa\u00edses com Passaporte Compat\u00edveis<\/strong><\/td>\n<td width=\"70%\" height=\"22\">Espanha, Fran\u00e7a, Portugal, It\u00e1lia, Alemanha, \u00c1ustria, Luxemburgo, B\u00e9lgica, Chipre, Dinamarca, Gr\u00e9cia, Let\u00f3nia, Litu\u00e2nia<\/td>\n<\/tr>\n<tr class=\"table-data\" align=\"left\" valign=\"middle\">\n<td width=\"30%\" height=\"22\"><strong>Sensor de reconhecimento facial<\/strong><\/td>\n<td width=\"70%\" height=\"22\">Lente dupla com IR, Luz Branca e WDR com Detec\u00e7\u00e3o de Rosto Vivo<\/td>\n<\/tr>\n<tr class=\"table-data\" align=\"left\" valign=\"middle\">\n<td width=\"30%\" height=\"22\"><strong>Sensor da c\u00e2mara<\/strong><\/td>\n<td width=\"70%\" height=\"22\">1\/2.7&#8243; CMOS 2Mpx (1920&#215;1080)<\/td>\n<\/tr>\n<tr class=\"table-data\" align=\"left\" valign=\"middle\">\n<td width=\"30%\" height=\"22\"><strong>Lente da c\u00e2mara<\/strong><\/td>\n<td width=\"70%\" height=\"22\">4.5 mmm<\/td>\n<\/tr>\n<tr class=\"table-data\" align=\"left\" valign=\"middle\">\n<td width=\"30%\" height=\"22\"><strong>Sensor de activa\u00e7\u00e3o<\/strong><\/td>\n<td width=\"70%\" height=\"22\">Auto-activa\u00e7\u00e3o por infravermelhos<\/td>\n<\/tr>\n<tr class=\"table-data\" align=\"left\" valign=\"middle\">\n<td width=\"30%\" height=\"22\"><strong>Tiempo de verifica\u00e7\u00e3o<\/strong><\/td>\n<td width=\"70%\" height=\"22\">&lt; 0.5 Seg<\/td>\n<\/tr>\n<tr class=\"table-data\" align=\"left\" valign=\"middle\">\n<td width=\"30%\" height=\"22\"><strong>Capacidade<\/strong><\/td>\n<td width=\"70%\" height=\"22\">At\u00e9 22.400 rostos\/cart\u00f5es<\/td>\n<\/tr>\n<tr class=\"table-data\" align=\"left\" valign=\"middle\">\n<td width=\"30%\" height=\"22\"><strong>Registos<\/strong><\/td>\n<td width=\"70%\" height=\"22\">100.000 registos<\/td>\n<\/tr>\n<tr class=\"table-data\" align=\"left\" valign=\"middle\">\n<td width=\"30%\" height=\"22\"><strong>Modos de identifica\u00e7\u00e3o<\/strong><\/td>\n<td width=\"70%\" height=\"22\">Reconhecimento facial<\/td>\n<\/tr>\n<tr class=\"table-data\" align=\"left\" valign=\"middle\">\n<td width=\"30%\" height=\"22\"><strong>Sensor de Temperatura<\/strong><\/td>\n<td width=\"70%\" height=\"22\">Termopilha de \u00faltima gera\u00e7\u00e3o<\/td>\n<\/tr>\n<tr class=\"table-data\" align=\"left\" valign=\"middle\">\n<td width=\"30%\" height=\"22\"><strong>Faixa de temperatura<\/strong><\/td>\n<td width=\"70%\" height=\"22\">30\u2103 &#8211; 45\u2103<\/td>\n<\/tr>\n<tr class=\"table-data\" align=\"left\" valign=\"middle\">\n<td width=\"30%\" height=\"22\"><strong>Precis\u00e3o<\/strong><\/td>\n<td width=\"70%\" height=\"22\">\u00b10.3\u2103<\/td>\n<\/tr>\n<tr class=\"table-data\" align=\"left\" valign=\"middle\">\n<td width=\"30%\" height=\"22\"><strong>Dist\u00e2ncia de medi\u00e7\u00e3o de temperatura<\/strong><\/td>\n<td width=\"70%\" height=\"22\">0.3m ~ 0.8m<\/td>\n<\/tr>\n<tr class=\"table-data\" align=\"left\" valign=\"middle\">\n<td width=\"30%\" height=\"22\"><strong>Cart\u00e3o de proximidade<\/strong><\/td>\n<td width=\"70%\" height=\"22\">N\u00e3o disp\u00f5e<\/td>\n<\/tr>\n<tr class=\"table-data\" align=\"left\" valign=\"middle\">\n<td width=\"30%\" height=\"22\"><strong>Ecr\u00e3<\/strong><\/td>\n<td width=\"70%\" height=\"22\">7&#8243; HD IPS de alta defini\u00e7\u00e3o<\/td>\n<\/tr>\n<tr class=\"table-data\" align=\"left\" valign=\"middle\">\n<td width=\"30%\" height=\"22\"><strong>\u00c1udio<\/strong><\/td>\n<td width=\"70%\" height=\"22\">Mensagem aud\u00edvel em v\u00e1rios idiomas e volume configur\u00e1vel<\/td>\n<\/tr>\n<tr class=\"table-data\" align=\"left\" valign=\"middle\">\n<td width=\"30%\" height=\"22\"><strong>Comunica\u00e7\u00e3o<\/strong><\/td>\n<td width=\"70%\" height=\"22\">TCP\/IP e USB (para leitor de cart\u00f5es)<\/td>\n<\/tr>\n<tr class=\"table-data\" align=\"left\" valign=\"middle\">\n<td width=\"30%\" height=\"22\"><strong>Idiomas<\/strong><\/td>\n<td width=\"70%\" height=\"22\">Espanhol, Portugu\u00eas, Alem\u00e3o, Italiano, Franc\u00eas e Ingl\u00eas<\/td>\n<\/tr>\n<tr class=\"table-data\" align=\"left\" valign=\"middle\">\n<td width=\"30%\" height=\"22\"><strong>Controladora integrada<\/strong><\/td>\n<td width=\"70%\" height=\"22\">Entrada Wiegand, Sa\u00edda Wiegand, Rel\u00e9 (Configur\u00e1vel como rel\u00e9 de abertura ou alarme)<\/td>\n<\/tr>\n<tr class=\"table-data\" align=\"left\" valign=\"middle\">\n<td width=\"30%\" height=\"22\"><strong>Software Gratuito<\/strong><\/td>\n<td width=\"70%\" height=\"22\">sVMS2000<\/td>\n<\/tr>\n<tr class=\"table-data\" align=\"left\" valign=\"middle\">\n<td width=\"30%\" height=\"22\"><strong>Alimenta\u00e7\u00e3o<\/strong><\/td>\n<td width=\"70%\" height=\"22\">DC 12 V \/ 3 A (20W max.)<\/td>\n<\/tr>\n<tr class=\"table-data\" align=\"left\" valign=\"middle\">\n<td width=\"30%\" height=\"22\"><strong>Grau de protec\u00e7\u00e3o<\/strong><\/td>\n<td width=\"70%\" height=\"22\">Interior<\/td>\n<\/tr>\n<tr class=\"table-data\" align=\"left\" valign=\"middle\">\n<td width=\"30%\" height=\"22\"><strong>Temp. funcionamento<\/strong><\/td>\n<td width=\"70%\" height=\"22\">0\u00ba C ~ +50\u00ba C<\/td>\n<\/tr>\n<tr class=\"table-data\" align=\"left\" valign=\"middle\">\n<td width=\"30%\" height=\"22\"><strong>Altura de instala\u00e7\u00e3o<\/strong><\/td>\n<td width=\"70%\" height=\"22\">1.2 m ~2.2 m<\/td>\n<\/tr>\n<tr class=\"table-data\" align=\"left\" valign=\"middle\">\n<td width=\"30%\" height=\"22\"><strong>Dimens\u00f5es<\/strong><\/td>\n<td width=\"70%\" height=\"22\">123.5 (Lg) x 330 (Al) x 84 (Pf) mm<\/td>\n<\/tr>\n<tr class=\"table-data\" align=\"left\" valign=\"middle\">\n<td width=\"30%\" height=\"22\"><strong>Peso<\/strong><\/td>\n<td width=\"70%\" height=\"22\">2.1 Kg<\/td>\n<\/tr>\n<\/tbody>\n<\/table>\n","protected":false},"excerpt":{"rendered":"<p><strong>Scanner Passe verde &#8211; Passaporte COVID EU &#8211; FACE-TEMP-QR-BASE<\/strong><\/p>\n<ul>\n<li>Scanner Passe verde &#8211; Passaporte COVID EU<\/li>\n<li>Suporte de ch\u00e3o : Ethernet : Multi-linguagem<\/li>\n<li>Detec\u00e7\u00e3o de Febre, M\u00e1scaral e Rec Facial<\/li>\n<li>Autentica\u00e7\u00e3o com servidores de pa\u00edses da UE<\/li>\n<li>Software sVMS2000 gratuito inclu\u00eddo<\/li>\n<li>Sa\u00edda de rel\u00e9 para portas ou alarme<\/li>\n<\/ul>\n<p><strong>Conte\u00fado:<\/strong><\/p>\n<ul>\n<li>Dispositivo Biom\u00e9trico<\/li>\n<li>Material de montagem<\/li>\n<li>Instru\u00e7\u00f5es de uso<\/li>\n<li>Suporte de p\u00e9<\/li>\n<\/ul>\n<p><strong>Pre\u00e7o sem IVA<br \/>\n<span style=\"color: #ff0000;\">Custos de expedi\u00e7\u00e3o calculado s\u00f3 para Portugal Continental.<\/span><\/strong><\/p>\n<p>&nbsp;<\/p>\n","protected":false},"featured_media":3850,"comment_status":"open","ping_status":"closed","template":"","meta":[],"product_brand":[],"product_cat":[74,73],"product_tag":[],"class_list":{"0":"post-3873","1":"product","2":"type-product","3":"status-publish","4":"has-post-thumbnail","6":"product_cat-controlo-de-acessos","7":"product_cat-temperatura-corporal-febre","8":"product_shipping_class-preco-inferior-a-30kg-em-portugal","10":"first","11":"outofstock","12":"sale","13":"taxable","14":"shipping-taxable","15":"purchasable","16":"product-type-simple"},"_links":{"self":[{"href":"https:\/\/cristianocarvalho.net\/WordPress\/wp-json\/wp\/v2\/product\/3873","targetHints":{"allow":["GET"]}}],"collection":[{"href":"https:\/\/cristianocarvalho.net\/WordPress\/wp-json\/wp\/v2\/product"}],"about":[{"href":"https:\/\/cristianocarvalho.net\/WordPress\/wp-json\/wp\/v2\/types\/product"}],"replies":[{"embeddable":true,"href":"https:\/\/cristianocarvalho.net\/WordPress\/wp-json\/wp\/v2\/comments?post=3873"}],"version-history":[{"count":1,"href":"https:\/\/cristianocarvalho.net\/WordPress\/wp-json\/wp\/v2\/product\/3873\/revisions"}],"predecessor-version":[{"id":3874,"href":"https:\/\/cristianocarvalho.net\/WordPress\/wp-json\/wp\/v2\/product\/3873\/revisions\/3874"}],"wp:featuredmedia":[{"embeddable":true,"href":"https:\/\/cristianocarvalho.net\/WordPress\/wp-json\/wp\/v2\/media\/3850"}],"wp:attachment":[{"href":"https:\/\/cristianocarvalho.net\/WordPress\/wp-json\/wp\/v2\/media?parent=3873"}],"wp:term":[{"taxonomy":"product_brand","embeddable":true,"href":"https:\/\/cristianocarvalho.net\/WordPress\/wp-json\/wp\/v2\/product_brand?post=3873"},{"taxonomy":"product_cat","embeddable":true,"href":"https:\/\/cristianocarvalho.net\/WordPress\/wp-json\/wp\/v2\/product_cat?post=3873"},{"taxonomy":"product_tag","embeddable":true,"href":"https:\/\/cristianocarvalho.net\/WordPress\/wp-json\/wp\/v2\/product_tag?post=3873"}],"curies":[{"name":"wp","href":"https:\/\/api.w.org\/{rel}","templated":true}]}}