{"id":3862,"date":"2021-12-24T15:23:23","date_gmt":"2021-12-24T15:23:23","guid":{"rendered":"http:\/\/cristianocarvalho.net\/WordPress\/?post_type=product&#038;p=3862"},"modified":"2021-12-24T15:27:22","modified_gmt":"2021-12-24T15:27:22","slug":"controlo-de-acesso-zkteco-para-torniquete-zk-profacex-td-t","status":"publish","type":"product","link":"https:\/\/cristianocarvalho.net\/WordPress\/produto\/controlo-de-acesso-zkteco-para-torniquete-zk-profacex-td-t\/","title":{"rendered":"Controlo de Acesso ZKTeco para torniquete &#8211; ZK-PROFACEX-TD-T"},"content":{"rendered":"<p align=\"justify\"><strong>Controlo de Acesso ZKTeco para torniquete &#8211; ZK-PROFACEX-TD-T<\/strong><\/p>\n<div id=\"all\" class=\"row-offcanvas row-offcanvas-left\">\n<div id=\"back\">\n<div id=\"contentarea\" class=\"main-clear\">\n<div id=\"main\">\n<div class=\"productdetails-view productdetails\">\n<div class=\"product-description card\">\n<div id=\"content_tabs\">\n<div class=\"content active\">\n<ul class=\"article_list\">\n<li><span><span>ZKTeco<\/span><\/span><\/li>\n<li>Leitor biom\u00e9trico aut\u00f3nomo de controlo de acessos<\/li>\n<li>Identifica\u00e7\u00e3o por reconhecimento facial e\/ou palma da m\u00e3o<\/li>\n<li>Medi\u00e7\u00e3o da temperatura corporal &#8211; Precis\u00e3o \u00b10.3\u2103<\/li>\n<li>Detec\u00e7\u00e3o de febre<\/li>\n<li>Alarme configur\u00e1vel se nenhuma m\u00e1scara for usada<\/li>\n<li>Ecr\u00e3 8&#8243; IPS a cor t\u00e1ctil<\/li>\n<li>Capacidade 30.000 caras, 5.000 palmas e 1.000.000 registos<\/li>\n<li>Comunica\u00e7\u00e3o TCP\/IP<\/li>\n<li>Controladora integrada (sensor porta, bot\u00e3o e rel\u00e9)<\/li>\n<li>C\u00e2mara com sensor duplo para reconhecimento facial<\/li>\n<li>Apto para exterior IP68<\/li>\n<li>Pode ser integrado em torniquetes<\/li>\n<li>Compat\u00edvel com o software ZKBioSecurity<\/li>\n<li>ZkBioAccess com m\u00f3dulo de temperatura inclu\u00eddo gratuitamente<\/li>\n<\/ul>\n<\/div>\n<\/div>\n<\/div>\n<\/div>\n<\/div>\n<\/div>\n<\/div>\n<\/div>\n<table class=\"specs\" border=\"0\" cellspacing=\"0\" cellpadding=\"0\">\n<tbody>\n<tr class=\"table-data\" align=\"left\" valign=\"middle\">\n<td width=\"30%\" height=\"22\"><strong>Marca<\/strong><\/td>\n<td width=\"70%\" height=\"22\"><span>ZKTeco<\/span><\/td>\n<\/tr>\n<tr class=\"table-data\" align=\"left\" valign=\"middle\">\n<td width=\"30%\" height=\"22\"><strong>Modelo<\/strong><\/td>\n<td width=\"70%\" height=\"22\"><span>PROFACEX-TD turnstyle<\/span><\/td>\n<\/tr>\n<tr class=\"table-data\" align=\"left\" valign=\"middle\">\n<td width=\"30%\" height=\"22\"><strong><span>CPU<\/span><\/strong><\/td>\n<td width=\"70%\" height=\"22\"><span>CPU Dual Core 900 MHz, mem\u00f3ria 512 MB RAM 8G Flash<\/span><\/td>\n<\/tr>\n<tr class=\"table-data\" align=\"left\" valign=\"middle\">\n<td width=\"30%\" height=\"22\"><strong><span>Sensor<\/span><\/strong><\/td>\n<td width=\"70%\" height=\"22\">C\u00e2mara 2MP WDR com luz LED branca<\/td>\n<\/tr>\n<tr class=\"table-data\" align=\"left\" valign=\"middle\">\n<td width=\"30%\" height=\"22\"><strong>Sensor de activa\u00e7\u00e3o<\/strong><\/td>\n<td width=\"70%\" height=\"22\">Auto-activa\u00e7\u00e3o por infravermelhos<\/td>\n<\/tr>\n<tr class=\"table-data\" align=\"left\" valign=\"middle\">\n<td width=\"30%\" height=\"22\"><strong>Tiempo de verifica\u00e7\u00e3o<\/strong><\/td>\n<td width=\"70%\" height=\"22\"><span>&lt;1 Seg<\/span><\/td>\n<\/tr>\n<tr class=\"table-data\" align=\"left\" valign=\"middle\">\n<td width=\"30%\" height=\"22\"><strong>Capacidade<\/strong><\/td>\n<td width=\"70%\" height=\"22\">At\u00e9 30.000 caras \/ 5.000 palmas<\/td>\n<\/tr>\n<tr class=\"table-data\" align=\"left\" valign=\"middle\">\n<td width=\"30%\" height=\"22\"><strong>Registos<\/strong><\/td>\n<td width=\"70%\" height=\"22\">1.000.000 registos<\/td>\n<\/tr>\n<tr class=\"table-data\" align=\"left\" valign=\"middle\">\n<td width=\"30%\" height=\"22\"><strong>Modos de identifica\u00e7\u00e3o<\/strong><\/td>\n<td width=\"70%\" height=\"22\">Reconhecimento facial, reconhecimento da palma da m\u00e3o e\/ou combina\u00e7\u00f5es<\/td>\n<\/tr>\n<tr class=\"table-data\" align=\"left\" valign=\"middle\">\n<td width=\"30%\" height=\"22\"><strong>Faixa de temperatura<\/strong><\/td>\n<td width=\"70%\" height=\"22\">34\u2103 &#8211; 45\u2103<\/td>\n<\/tr>\n<tr class=\"table-data\" align=\"left\" valign=\"middle\">\n<td width=\"30%\" height=\"22\"><strong>Precis\u00e3o<\/strong><\/td>\n<td width=\"70%\" height=\"22\">\u00b10.3\u2103<\/td>\n<\/tr>\n<tr class=\"table-data\" align=\"left\" valign=\"middle\">\n<td width=\"30%\" height=\"22\"><strong>Fun\u00e7\u00f5es de temperatura<\/strong><\/td>\n<td width=\"70%\" height=\"22\">Alarme de detec\u00e7\u00e3o de m\u00e1scara (Configur\u00e1vel), Alarme de detec\u00e7\u00e3o de febre (Configur\u00e1vel), Abertura apenas com m\u00e1scara (Configur\u00e1vel)<\/td>\n<\/tr>\n<tr class=\"table-data\" align=\"left\" valign=\"middle\">\n<td width=\"30%\" height=\"22\"><strong>Cart\u00e3o de proximidade<\/strong><\/td>\n<td width=\"70%\" height=\"22\">N\u00e3o disp\u00f5e<\/td>\n<\/tr>\n<tr class=\"table-data\" align=\"left\" valign=\"middle\">\n<td width=\"30%\" height=\"22\"><strong>Ecr\u00e3<\/strong><\/td>\n<td width=\"70%\" height=\"22\">8&#8243; IPS LED t\u00e1ctil<\/td>\n<\/tr>\n<tr class=\"table-data\" align=\"left\" valign=\"middle\">\n<td width=\"30%\" height=\"22\"><strong>C\u00e2mara<\/strong><\/td>\n<td width=\"70%\" height=\"22\">2 MP WDR com duplo sensor de reconhecimento facial<\/td>\n<\/tr>\n<tr class=\"table-data\" align=\"left\" valign=\"middle\">\n<td width=\"30%\" height=\"22\"><strong>Comunica\u00e7\u00e3o<\/strong><\/td>\n<td width=\"70%\" height=\"22\"><span>TCP \/ IP, RS485, RS232<\/span><\/td>\n<\/tr>\n<tr class=\"table-data\" align=\"left\" valign=\"middle\">\n<td width=\"30%\" height=\"22\"><strong>Controladora integrada<\/strong><\/td>\n<td width=\"70%\" height=\"22\">Sensor de porta, bot\u00e3o de press\u00e3o, rel\u00e9, Wiegand, entrada e sa\u00edda de alarme<\/td>\n<\/tr>\n<tr class=\"table-data\" align=\"left\" valign=\"middle\">\n<td width=\"30%\" height=\"22\"><strong><span>Programas<\/span><\/strong><\/td>\n<td width=\"70%\" height=\"22\"><span>ZKBioSecurity 3.1<\/span><\/td>\n<\/tr>\n<tr class=\"table-data\" align=\"left\" valign=\"middle\">\n<td width=\"30%\" height=\"22\"><strong>Alimenta\u00e7\u00e3o<\/strong><\/td>\n<td width=\"70%\" height=\"22\"><span>DC 12 V \/ 2 A m\u00e1x.<\/span><\/td>\n<\/tr>\n<tr class=\"table-data\" align=\"left\" valign=\"middle\">\n<td width=\"30%\" height=\"22\"><strong>Grau de protec\u00e7\u00e3o<\/strong><\/td>\n<td width=\"70%\" height=\"22\">Adequado para exterior IP68 \/ IK04<\/td>\n<\/tr>\n<tr class=\"table-data\" align=\"left\" valign=\"middle\">\n<td width=\"30%\" height=\"22\"><strong>Temp. funcionamento<\/strong><\/td>\n<td width=\"70%\" height=\"22\"><span>-10\u00ba C ~ + 45\u00ba C<\/span><\/td>\n<\/tr>\n<tr class=\"table-data\" align=\"left\" valign=\"middle\">\n<td width=\"30%\" height=\"22\"><strong>Dimens\u00f5es<\/strong><\/td>\n<td width=\"70%\" height=\"22\">143 (An) x 227 (Al) x 26 (Fo) mm mais o suporte do torniquete (inclu\u00eddo)<\/td>\n<\/tr>\n<tr class=\"table-data\" align=\"left\" valign=\"middle\">\n<td width=\"30%\" height=\"22\"><strong>Peso<\/strong><\/td>\n<td width=\"70%\" height=\"22\"><span>400 g<\/span><\/td>\n<\/tr>\n<\/tbody>\n<\/table>\n","protected":false},"excerpt":{"rendered":"<p><strong>Controlo de Acesso ZKTeco para torniquete &#8211; ZK-PROFACEX-TD-T<\/strong><\/p>\n<ul>\n<li>Controli de Acesso ZKTeco para torniquete<\/li>\n<li>Detec\u00e7\u00e3o de Febre e M\u00e1scara<\/li>\n<li>Reconhecimento facial e palma<\/li>\n<li>30.000 rostos, 200.000 registros<\/li>\n<li>TCP\/IP | Modos de presen\u00e7a<\/li>\n<li>Software BioAccess gratuito inclu\u00eddo<\/li>\n<\/ul>\n<p><strong>Conte\u00fado:<\/strong><\/p>\n<ul>\n<li>Dispositivo Biom\u00e9trico ZKTeco<\/li>\n<li>Suporte de torniquete<\/li>\n<li>Material de montagem<\/li>\n<li>Instru\u00e7\u00f5es de uso<\/li>\n<\/ul>\n<p><strong>Pre\u00e7o sem IVA<br \/>\n<span style=\"color: #ff0000;\">Custos de expedi\u00e7\u00e3o calculado s\u00f3 para Portugal Continental.<\/span><\/strong><\/p>\n<p>&nbsp;<\/p>\n","protected":false},"featured_media":3856,"comment_status":"open","ping_status":"closed","template":"","meta":[],"product_brand":[],"product_cat":[74,73],"product_tag":[],"class_list":{"0":"post-3862","1":"product","2":"type-product","3":"status-publish","4":"has-post-thumbnail","6":"product_cat-controlo-de-acessos","7":"product_cat-temperatura-corporal-febre","8":"product_shipping_class-preco-inferior-a-30kg-em-portugal","10":"first","11":"onbackorder","12":"sale","13":"taxable","14":"shipping-taxable","15":"purchasable","16":"product-type-simple"},"_links":{"self":[{"href":"https:\/\/cristianocarvalho.net\/WordPress\/wp-json\/wp\/v2\/product\/3862","targetHints":{"allow":["GET"]}}],"collection":[{"href":"https:\/\/cristianocarvalho.net\/WordPress\/wp-json\/wp\/v2\/product"}],"about":[{"href":"https:\/\/cristianocarvalho.net\/WordPress\/wp-json\/wp\/v2\/types\/product"}],"replies":[{"embeddable":true,"href":"https:\/\/cristianocarvalho.net\/WordPress\/wp-json\/wp\/v2\/comments?post=3862"}],"version-history":[{"count":1,"href":"https:\/\/cristianocarvalho.net\/WordPress\/wp-json\/wp\/v2\/product\/3862\/revisions"}],"predecessor-version":[{"id":3863,"href":"https:\/\/cristianocarvalho.net\/WordPress\/wp-json\/wp\/v2\/product\/3862\/revisions\/3863"}],"wp:featuredmedia":[{"embeddable":true,"href":"https:\/\/cristianocarvalho.net\/WordPress\/wp-json\/wp\/v2\/media\/3856"}],"wp:attachment":[{"href":"https:\/\/cristianocarvalho.net\/WordPress\/wp-json\/wp\/v2\/media?parent=3862"}],"wp:term":[{"taxonomy":"product_brand","embeddable":true,"href":"https:\/\/cristianocarvalho.net\/WordPress\/wp-json\/wp\/v2\/product_brand?post=3862"},{"taxonomy":"product_cat","embeddable":true,"href":"https:\/\/cristianocarvalho.net\/WordPress\/wp-json\/wp\/v2\/product_cat?post=3862"},{"taxonomy":"product_tag","embeddable":true,"href":"https:\/\/cristianocarvalho.net\/WordPress\/wp-json\/wp\/v2\/product_tag?post=3862"}],"curies":[{"name":"wp","href":"https:\/\/api.w.org\/{rel}","templated":true}]}}