{"id":3809,"date":"2021-12-24T10:11:19","date_gmt":"2021-12-24T10:11:19","guid":{"rendered":"http:\/\/cristianocarvalho.net\/WordPress\/?post_type=product&#038;p=3809"},"modified":"2021-12-24T10:15:38","modified_gmt":"2021-12-24T10:15:38","slug":"nivian-smart-camara-2k-nvs-ipc-02b-l","status":"publish","type":"product","link":"https:\/\/cristianocarvalho.net\/WordPress\/produto\/nivian-smart-camara-2k-nvs-ipc-02b-l\/","title":{"rendered":"Nivian Smart C\u00e2mara 2K &#8211; NVS-IPC-02B-L"},"content":{"rendered":"<p><a href=\"https:\/\/play.google.com\/store\/apps\/details?id=com.tuya.smart&amp;hl=pt_PT\" target=\"_blank\" rel=\"noopener noreferrer\" data-wp-editing=\"1\"><img data-opt-id=216246474  fetchpriority=\"high\" decoding=\"async\" class=\"alignnone wp-image-1640\" src=\"https:\/\/mlibb0mwkwo9.i.optimole.com\/cb:62NB.5857\/w:auto\/h:auto\/q:mauto\/f:best\/https:\/\/cristianocarvalho.net\/WordPress\/wp-content\/uploads\/2020\/04\/google-play.png\" alt=\"\" width=\"180\" height=\"51\" \/>\u00a0\u00a0\u00a0 <\/a><a href=\"https:\/\/apps.apple.com\/us\/app\/tuyasmart\/id1034649547\" target=\"_blank\" rel=\"noopener noreferrer\"><img data-opt-id=2025297500  fetchpriority=\"high\" decoding=\"async\" class=\"alignnone wp-image-1639\" src=\"https:\/\/mlibb0mwkwo9.i.optimole.com\/cb:62NB.5857\/w:auto\/h:auto\/q:mauto\/f:best\/https:\/\/cristianocarvalho.net\/WordPress\/wp-content\/uploads\/2020\/04\/App-Sotre.png\" alt=\"\" width=\"180\" height=\"51\" \/><\/a><\/p>\n<p align=\"justify\"><strong>Nivian Smart C\u00e2mara 2K &#8211; NVS-IPC-02B-L<\/strong><\/p>\n<div id=\"all\" class=\"row-offcanvas row-offcanvas-left\">\n<div id=\"back\">\n<div id=\"contentarea\" class=\"main-clear\">\n<div id=\"main\">\n<div class=\"productdetails-view productdetails\">\n<div class=\"product-description card\">\n<div id=\"content_tabs\">\n<div class=\"content active\">\n<ul class=\"article_list\">\n<li>C\u00e2mara Nivian Smart<\/li>\n<li><span><span>1 \/ 2.9 &#8220;CMOS progressivo<\/span><\/span><\/li>\n<li><span><span>2K 3MP (2304 x 1296)<\/span><\/span><\/li>\n<li>Lente 4 mm<\/li>\n<li>IR Alcance 10 m<\/li>\n<li>2 focos LED de luz branca inteligente<\/li>\n<li>Detec\u00e7\u00e3o inteligente de pessoas<\/li>\n<li>\u00c1udio bidireccional (microfone e alto falante integrados)<\/li>\n<li><span><span>Wifi IEEE 802.11 b \/ g \/ n 2,4 GHz<\/span><\/span><\/li>\n<li>Slot para cart\u00e3o Micro SD at\u00e9 128 GB<\/li>\n<li>Apta para Exterior IP66<\/li>\n<li>Compat\u00edvel com APP TUYA Smart<\/li>\n<li>Compat\u00edvel com o Google Assistant e Alexa Echo<\/li>\n<\/ul>\n<\/div>\n<\/div>\n<\/div>\n<\/div>\n<\/div>\n<\/div>\n<\/div>\n<\/div>\n<table class=\"specs\" border=\"0\" cellspacing=\"0\" cellpadding=\"0\">\n<tbody>\n<tr class=\"table-data\" align=\"left\" valign=\"middle\">\n<td width=\"30%\" height=\"22\"><strong>Marca<\/strong><\/td>\n<td width=\"70%\" height=\"22\">Nivian Smart<\/td>\n<\/tr>\n<tr class=\"table-data\" align=\"left\" valign=\"middle\">\n<td width=\"30%\" height=\"22\"><strong>Sensor de imagem<\/strong><\/td>\n<td width=\"70%\" height=\"22\">CMOS progressivo de 1 \/ 2,9 \u201d<\/td>\n<\/tr>\n<tr class=\"table-data\" align=\"left\" valign=\"middle\">\n<td width=\"30%\" height=\"22\"><strong>Resolu\u00e7\u00e3o<\/strong><\/td>\n<td width=\"70%\" height=\"22\">2304&#215;1296 (2K 3MP)<\/td>\n<\/tr>\n<tr class=\"table-data\" align=\"left\" valign=\"middle\">\n<td width=\"30%\" height=\"22\"><strong>Compress\u00e3o<\/strong><\/td>\n<td width=\"70%\" height=\"22\">H.264<\/td>\n<\/tr>\n<tr class=\"table-data\" align=\"left\" valign=\"middle\">\n<td width=\"30%\" height=\"22\"><strong>Lente<\/strong><\/td>\n<td width=\"70%\" height=\"22\">4 mm (\u00c2ngulo de vis\u00e3o D:85\u00b0) con zoom digital<\/td>\n<\/tr>\n<tr class=\"table-data\" align=\"left\" valign=\"middle\">\n<td width=\"30%\" height=\"22\"><strong>Ilumina\u00e7\u00e3o m\u00ednima<\/strong><\/td>\n<td width=\"70%\" height=\"22\">0,01 Lux<\/td>\n<\/tr>\n<tr class=\"table-data\" align=\"left\" valign=\"middle\">\n<td width=\"30%\" height=\"22\"><strong>Ilumina\u00e7\u00e3o infravermelha<\/strong><\/td>\n<td width=\"70%\" height=\"22\">Leds IR Alcance at\u00e9 10 m<\/td>\n<\/tr>\n<tr class=\"table-data\" align=\"left\" valign=\"middle\">\n<td width=\"30%\" height=\"22\"><strong>Ilumina\u00e7\u00e3o com luz branca<\/strong><\/td>\n<td width=\"70%\" height=\"22\">2 Projectores LED brancos inteligentes com 3 modos de vis\u00e3o nocturna:<br \/>\n&#8211; Modo infravermelho<br \/>\n&#8211; Modo de luz branca<br \/>\n&#8211; Modo infravermelho em descanso com luz branca na detec\u00e7\u00e3o<\/td>\n<\/tr>\n<tr class=\"table-data\" align=\"left\" valign=\"middle\">\n<td width=\"30%\" height=\"22\"><strong>Caracter\u00edsticas<\/strong><\/td>\n<td width=\"70%\" height=\"22\">Detec\u00e7\u00e3o de Movimento, Detec\u00e7\u00e3o inteligente de Humanos, Modo Privacidade<\/td>\n<\/tr>\n<tr class=\"table-data\" align=\"left\" valign=\"middle\">\n<td width=\"30%\" height=\"22\"><strong>\u00c1udio<\/strong><\/td>\n<td width=\"70%\" height=\"22\">\u00c1udio bidireccional (microfone e alta voz)<\/td>\n<\/tr>\n<tr class=\"table-data\" align=\"left\" valign=\"middle\">\n<td width=\"30%\" height=\"22\"><strong>Interface de rede<\/strong><\/td>\n<td width=\"70%\" height=\"22\">WiFi IEEE 802.11b\/g\/n 2.4 GHz com antena dupla de longo alcance<\/td>\n<\/tr>\n<tr class=\"table-data\" align=\"left\" valign=\"middle\">\n<td width=\"30%\" height=\"22\"><strong>Acesso Plug &amp; Play<\/strong><\/td>\n<td width=\"70%\" height=\"22\">P2P, com leitura de c\u00f3digo QR<\/td>\n<\/tr>\n<tr class=\"table-data\" align=\"left\" valign=\"middle\">\n<td width=\"30%\" height=\"22\"><strong>Notifica\u00e7\u00e3o de eventos<\/strong><\/td>\n<td width=\"70%\" height=\"22\">Notifica\u00e7\u00e3o push em app e grava\u00e7\u00e3o de v\u00eddeo e imagem em cart\u00e3o SD<\/td>\n<\/tr>\n<tr class=\"table-data\" align=\"left\" valign=\"middle\">\n<td width=\"30%\" height=\"22\"><strong>Compatibilidade<\/strong><\/td>\n<td width=\"70%\" height=\"22\">App: TUYA Smart \/ SmartLife<br \/>\nAssistentes de voz Google Assistant e Alexa Echo para as seguintes funcionalidades:<br \/>\n&#8211; Visualiza\u00e7\u00e3o ao vivo (Assistentes com ecr\u00e3, Smart TV ou Chromecast\/FireTV)<br \/>\n&#8211; Comandos de voz para cenas inteligentes criadas no aplicativo Tuya\/SmartLife<br \/>\nProtocolo ONVIF para visualiza\u00e7\u00e3o e grava\u00e7\u00e3o em gravadores de v\u00eddeo NVR<\/td>\n<\/tr>\n<tr class=\"table-data\" align=\"left\" valign=\"middle\">\n<td width=\"30%\" height=\"22\"><strong>Acesso remoto<\/strong><\/td>\n<td width=\"70%\" height=\"22\">Tuya Cloud P2P<\/td>\n<\/tr>\n<tr class=\"table-data\" align=\"left\" valign=\"middle\">\n<td width=\"30%\" height=\"22\"><strong>Armazenagem interna<\/strong><\/td>\n<td width=\"70%\" height=\"22\">Slot cart\u00e3o MicroSD, Max 128 GB (n\u00e3o inclu\u00eddo) \/ Armazenamento em Tuya Cloud<\/td>\n<\/tr>\n<tr class=\"table-data\" align=\"left\" valign=\"middle\">\n<td width=\"30%\" height=\"22\"><strong>Uso<\/strong><\/td>\n<td width=\"70%\" height=\"22\">EXTERIOR IP66<\/td>\n<\/tr>\n<tr class=\"table-data\" align=\"left\" valign=\"middle\">\n<td width=\"30%\" height=\"22\"><strong>Alimenta\u00e7\u00e3o<\/strong><\/td>\n<td width=\"70%\" height=\"22\">DC 5 V \/ 1 A, 5W<\/td>\n<\/tr>\n<tr class=\"table-data\" align=\"left\" valign=\"middle\">\n<td width=\"30%\" height=\"22\"><strong>Dimens\u00f5es \/ Peso<\/strong><\/td>\n<td width=\"70%\" height=\"22\">155 (Fundo) x 49 (Al) x 79 (Largura) \/ 200 g<\/td>\n<\/tr>\n<\/tbody>\n<\/table>\n<p>&nbsp;<\/p>\n","protected":false},"excerpt":{"rendered":"<p><strong>Nivian Smart C\u00e2mara 2K &#8211; NVS-IPC-02B-L<\/strong><\/p>\n<ul>\n<li>Nivian Smart C\u00e2mara 2K<\/li>\n<li><span><span>Wifi 2,4 GHz<\/span><\/span><\/li>\n<li>Adequado para uso em exterior | IR at\u00e9 10 m<\/li>\n<li>Luz branca \/ Detec\u00e7\u00e3o de pessoas<\/li>\n<li>Grava\u00e7\u00e3o em cart\u00e3o MicroSD ou Cloud<\/li>\n<li>Compativel TUYA Smart \/ Google \/ Alexa<\/li>\n<\/ul>\n<p><strong>Conteudo:<\/strong><\/p>\n<ul>\n<li>C\u00e2mara Bullet IP<\/li>\n<li>Alimentador DC 5 V \/ 1000 mA<\/li>\n<li>Acess\u00f3rios de montagem<\/li>\n<li>Manual do Usu\u00e1rio<\/li>\n<\/ul>\n<p><strong>Pre\u00e7o sem IVA<br \/>\n<span style=\"color: #ff0000;\">Custos de expedi\u00e7\u00e3o calculado s\u00f3 para Portugal Continental.<\/span><\/strong><\/p>\n<p>&nbsp;<\/p>\n","protected":false},"featured_media":3807,"comment_status":"open","ping_status":"closed","template":"","meta":[],"product_brand":[],"product_cat":[57,71],"product_tag":[],"class_list":{"0":"post-3809","1":"product","2":"type-product","3":"status-publish","4":"has-post-thumbnail","6":"product_cat-smart-home","7":"product_cat-smart-home-camaras","8":"product_shipping_class-preco-inferior-a-30kg-em-portugal","10":"first","11":"onbackorder","12":"sale","13":"taxable","14":"shipping-taxable","15":"purchasable","16":"product-type-simple"},"_links":{"self":[{"href":"https:\/\/cristianocarvalho.net\/WordPress\/wp-json\/wp\/v2\/product\/3809","targetHints":{"allow":["GET"]}}],"collection":[{"href":"https:\/\/cristianocarvalho.net\/WordPress\/wp-json\/wp\/v2\/product"}],"about":[{"href":"https:\/\/cristianocarvalho.net\/WordPress\/wp-json\/wp\/v2\/types\/product"}],"replies":[{"embeddable":true,"href":"https:\/\/cristianocarvalho.net\/WordPress\/wp-json\/wp\/v2\/comments?post=3809"}],"version-history":[{"count":1,"href":"https:\/\/cristianocarvalho.net\/WordPress\/wp-json\/wp\/v2\/product\/3809\/revisions"}],"predecessor-version":[{"id":3810,"href":"https:\/\/cristianocarvalho.net\/WordPress\/wp-json\/wp\/v2\/product\/3809\/revisions\/3810"}],"wp:featuredmedia":[{"embeddable":true,"href":"https:\/\/cristianocarvalho.net\/WordPress\/wp-json\/wp\/v2\/media\/3807"}],"wp:attachment":[{"href":"https:\/\/cristianocarvalho.net\/WordPress\/wp-json\/wp\/v2\/media?parent=3809"}],"wp:term":[{"taxonomy":"product_brand","embeddable":true,"href":"https:\/\/cristianocarvalho.net\/WordPress\/wp-json\/wp\/v2\/product_brand?post=3809"},{"taxonomy":"product_cat","embeddable":true,"href":"https:\/\/cristianocarvalho.net\/WordPress\/wp-json\/wp\/v2\/product_cat?post=3809"},{"taxonomy":"product_tag","embeddable":true,"href":"https:\/\/cristianocarvalho.net\/WordPress\/wp-json\/wp\/v2\/product_tag?post=3809"}],"curies":[{"name":"wp","href":"https:\/\/api.w.org\/{rel}","templated":true}]}}