{"id":3793,"date":"2021-12-24T09:22:22","date_gmt":"2021-12-24T09:22:22","guid":{"rendered":"http:\/\/cristianocarvalho.net\/WordPress\/?post_type=product&#038;p=3793"},"modified":"2021-12-24T09:46:25","modified_gmt":"2021-12-24T09:46:25","slug":"nivian-smart-camara-1080p-nvs-ipc-i4","status":"publish","type":"product","link":"https:\/\/cristianocarvalho.net\/WordPress\/produto\/nivian-smart-camara-1080p-nvs-ipc-i4\/","title":{"rendered":"Nivian Smart C\u00e2mara 1080P &#8211; NVS-IPC-I4"},"content":{"rendered":"<p><a href=\"https:\/\/play.google.com\/store\/apps\/details?id=com.tuya.smart&amp;hl=pt_PT\" target=\"_blank\" rel=\"noopener noreferrer\" data-wp-editing=\"1\"><img data-opt-id=216246474  fetchpriority=\"high\" decoding=\"async\" class=\"alignnone wp-image-1640\" src=\"https:\/\/mlibb0mwkwo9.i.optimole.com\/cb:62NB.5857\/w:auto\/h:auto\/q:mauto\/f:best\/https:\/\/cristianocarvalho.net\/WordPress\/wp-content\/uploads\/2020\/04\/google-play.png\" alt=\"\" width=\"180\" height=\"51\" \/>\u00a0\u00a0\u00a0 <\/a><a href=\"https:\/\/apps.apple.com\/us\/app\/tuyasmart\/id1034649547\" target=\"_blank\" rel=\"noopener noreferrer\"><img data-opt-id=2025297500  fetchpriority=\"high\" decoding=\"async\" class=\"alignnone wp-image-1639\" src=\"https:\/\/mlibb0mwkwo9.i.optimole.com\/cb:62NB.5857\/w:auto\/h:auto\/q:mauto\/f:best\/https:\/\/cristianocarvalho.net\/WordPress\/wp-content\/uploads\/2020\/04\/App-Sotre.png\" alt=\"\" width=\"180\" height=\"51\" \/><\/a><\/p>\n<p align=\"justify\"><strong>Nivian Smart C\u00e2mara 1080P &#8211; NVS-IPC-I4<br \/>\n<\/strong><\/p>\n<div id=\"all\" class=\"row-offcanvas row-offcanvas-left\">\n<div id=\"back\">\n<div id=\"contentarea\" class=\"main-clear\">\n<div id=\"main\">\n<div class=\"productdetails-view productdetails\">\n<div class=\"product-description card\">\n<div id=\"content_tabs\">\n<div class=\"content active\">\n<ul class=\"article_list\">\n<li>C\u00e2mara Nivian Smart<\/li>\n<li>1 \/ 2.7 &#8220;CMOS progressivo<\/li>\n<li>1080p (1920 x 1080)<\/li>\n<li>Lente 4 mm<\/li>\n<li>IR Alcance 9 m<\/li>\n<li>Compress\u00e3o H.264<\/li>\n<li>Wifi IEEE 802.11 b \/ g \/ n 2,4 GHz<\/li>\n<li>Slot para cart\u00e3o Micro SD at\u00e9 128 GB (n\u00e3o inclu\u00eddo)<\/li>\n<li>Armazenamento na nuvem Tuya Cloud (por subscri\u00e7\u00e3o)<\/li>\n<li>\u00c1udio bidireccional (microfone e alto falante integrados)<\/li>\n<li>Compat\u00edvel com APP TUYA Smart<\/li>\n<li>Compat\u00edvel com o Google Assistant e Alexa Echo<\/li>\n<li>Controlo e automatiza\u00e7\u00e3o Smart Home desde app<\/li>\n<\/ul>\n<\/div>\n<\/div>\n<\/div>\n<\/div>\n<\/div>\n<\/div>\n<\/div>\n<\/div>\n<table class=\"specs\" border=\"0\" cellspacing=\"0\" cellpadding=\"0\">\n<tbody>\n<tr class=\"table-data\" align=\"left\" valign=\"middle\">\n<td width=\"30%\" height=\"22\"><strong>Marca<\/strong><\/td>\n<td width=\"70%\" height=\"22\">Nivian Smart<\/td>\n<\/tr>\n<tr class=\"table-data\" align=\"left\" valign=\"middle\">\n<td width=\"30%\" height=\"22\"><strong>Sensor de imagem<\/strong><\/td>\n<td width=\"70%\" height=\"22\">CMOS progressivo de 1 \/ 2.7 \u201d<\/td>\n<\/tr>\n<tr class=\"table-data\" align=\"left\" valign=\"middle\">\n<td width=\"30%\" height=\"22\"><strong>Resolu\u00e7\u00e3o<\/strong><\/td>\n<td width=\"70%\" height=\"22\">1920&#215;1080 (1080P), 640&#215;480 (VGA)<\/td>\n<\/tr>\n<tr class=\"table-data\" align=\"left\" valign=\"middle\">\n<td width=\"30%\" height=\"22\"><strong>Taxa de bits<\/strong><\/td>\n<td width=\"70%\" height=\"22\">15 FPS<\/td>\n<\/tr>\n<tr class=\"table-data\" align=\"left\" valign=\"middle\">\n<td width=\"30%\" height=\"22\"><strong>Compress\u00e3o<\/strong><\/td>\n<td width=\"70%\" height=\"22\">H.264<\/td>\n<\/tr>\n<tr class=\"table-data\" align=\"left\" valign=\"middle\">\n<td width=\"30%\" height=\"22\"><strong>Lente<\/strong><\/td>\n<td width=\"70%\" height=\"22\">4 mm (D: 85\u00ba)<\/td>\n<\/tr>\n<tr class=\"table-data\" align=\"left\" valign=\"middle\">\n<td width=\"30%\" height=\"22\"><strong>Ilumina\u00e7\u00e3o m\u00ednima<\/strong><\/td>\n<td width=\"70%\" height=\"22\">0 Lux | IR Alcance at\u00e9 9 m<\/td>\n<\/tr>\n<tr class=\"table-data\" align=\"left\" valign=\"middle\">\n<td width=\"30%\" height=\"22\"><strong>Caracter\u00edsticas<\/strong><\/td>\n<td width=\"70%\" height=\"22\">Detec\u00e7\u00e3o de movimento<\/td>\n<\/tr>\n<tr class=\"table-data\" align=\"left\" valign=\"middle\">\n<td width=\"30%\" height=\"22\"><strong>\u00c1udio<\/strong><\/td>\n<td width=\"70%\" height=\"22\">\u00c1udio bidirecional (microfone, entrada e sa\u00edda de \u00e1udio)<\/td>\n<\/tr>\n<tr class=\"table-data\" align=\"left\" valign=\"middle\">\n<td width=\"30%\" height=\"22\"><strong>Interface de rede<\/strong><\/td>\n<td width=\"70%\" height=\"22\">WiFi IEEE 802.11b \/ g \/ n 2,4 GHz<\/td>\n<\/tr>\n<tr class=\"table-data\" align=\"left\" valign=\"middle\">\n<td width=\"30%\" height=\"22\"><strong>Acesso Plug &amp; Play<\/strong><\/td>\n<td width=\"70%\" height=\"22\">P2P, com leitura de c\u00f3digo QR<\/td>\n<\/tr>\n<tr class=\"table-data\" align=\"left\" valign=\"middle\">\n<td width=\"30%\" height=\"22\"><strong>Notifica\u00e7\u00e3o de eventos<\/strong><\/td>\n<td width=\"70%\" height=\"22\">Notifica\u00e7\u00e3o push e grava\u00e7\u00e3o de v\u00eddeo e imagem no cart\u00e3o SD<\/td>\n<\/tr>\n<tr class=\"table-data\" align=\"left\" valign=\"middle\">\n<td width=\"30%\" height=\"22\"><strong>Acesso remoto<\/strong><\/td>\n<td width=\"70%\" height=\"22\">Tuya Cloud, Google Assistant e Amazon Echo<\/td>\n<\/tr>\n<tr class=\"table-data\" align=\"left\" valign=\"middle\">\n<td width=\"30%\" height=\"22\"><strong>Armazenagem interna<\/strong><\/td>\n<td width=\"70%\" height=\"22\">Slot Cart\u00e3o MicroSD, Max 128 GB (n\u00e3o inclu\u00eddo)\/ Armazenamento Tuya Cloud<\/td>\n<\/tr>\n<tr class=\"table-data\" align=\"left\" valign=\"middle\">\n<td width=\"30%\" height=\"22\"><strong>Uso<\/strong><\/td>\n<td width=\"70%\" height=\"22\">Interior<\/td>\n<\/tr>\n<tr class=\"table-data\" align=\"left\" valign=\"middle\">\n<td width=\"30%\" height=\"22\"><strong>Alimenta\u00e7\u00e3o<\/strong><\/td>\n<td width=\"70%\" height=\"22\">DC 5 V \/ 1 A<\/td>\n<\/tr>\n<tr class=\"table-data\" align=\"left\" valign=\"middle\">\n<td width=\"30%\" height=\"22\"><strong>Dimens\u00f5es \/ Peso<\/strong><\/td>\n<td width=\"70%\" height=\"22\">73 (\u00d8) x 149 (Al) \/ 240 g<\/td>\n<\/tr>\n<\/tbody>\n<\/table>\n","protected":false},"excerpt":{"rendered":"<p><strong>V\u00eddeo Porteiro 720P &#8211; NVS-IPVD1B<\/strong><\/p>\n<ul>\n<li>Nivian Smart C\u00e2mara 1080P<\/li>\n<li>Wifi 2,4 GHz<\/li>\n<li>\u00c1udio | Faixa de IR 9 m<\/li>\n<li>Grava\u00e7\u00e3o em cart\u00e3o MicroSD ou Cloud<\/li>\n<li>Compat\u00edvel com TUYA Smart<\/li>\n<li>Compat\u00edvel com o Google Asistant e Alexa<\/li>\n<\/ul>\n<p><strong>Conteudo:<\/strong><\/p>\n<ul>\n<li>C\u00e2mara IP<\/li>\n<li>Alimentador DC 5 V \/ 1000 mA<\/li>\n<li>Acess\u00f3rios de montagem<\/li>\n<li>Manual do Usu\u00e1rio<\/li>\n<\/ul>\n<p><strong>Pre\u00e7o sem IVA<br \/>\n<span style=\"color: #ff0000;\">Custos de expedi\u00e7\u00e3o calculado s\u00f3 para Portugal Continental.<\/span><\/strong><\/p>\n<p>&nbsp;<\/p>\n","protected":false},"featured_media":3799,"comment_status":"open","ping_status":"closed","template":"","meta":[],"product_brand":[],"product_cat":[57,71],"product_tag":[],"class_list":{"0":"post-3793","1":"product","2":"type-product","3":"status-publish","4":"has-post-thumbnail","6":"product_cat-smart-home","7":"product_cat-smart-home-camaras","8":"product_shipping_class-preco-inferior-a-30kg-em-portugal","10":"first","11":"onbackorder","12":"sale","13":"taxable","14":"shipping-taxable","15":"purchasable","16":"product-type-simple"},"_links":{"self":[{"href":"https:\/\/cristianocarvalho.net\/WordPress\/wp-json\/wp\/v2\/product\/3793","targetHints":{"allow":["GET"]}}],"collection":[{"href":"https:\/\/cristianocarvalho.net\/WordPress\/wp-json\/wp\/v2\/product"}],"about":[{"href":"https:\/\/cristianocarvalho.net\/WordPress\/wp-json\/wp\/v2\/types\/product"}],"replies":[{"embeddable":true,"href":"https:\/\/cristianocarvalho.net\/WordPress\/wp-json\/wp\/v2\/comments?post=3793"}],"version-history":[{"count":2,"href":"https:\/\/cristianocarvalho.net\/WordPress\/wp-json\/wp\/v2\/product\/3793\/revisions"}],"predecessor-version":[{"id":3802,"href":"https:\/\/cristianocarvalho.net\/WordPress\/wp-json\/wp\/v2\/product\/3793\/revisions\/3802"}],"wp:featuredmedia":[{"embeddable":true,"href":"https:\/\/cristianocarvalho.net\/WordPress\/wp-json\/wp\/v2\/media\/3799"}],"wp:attachment":[{"href":"https:\/\/cristianocarvalho.net\/WordPress\/wp-json\/wp\/v2\/media?parent=3793"}],"wp:term":[{"taxonomy":"product_brand","embeddable":true,"href":"https:\/\/cristianocarvalho.net\/WordPress\/wp-json\/wp\/v2\/product_brand?post=3793"},{"taxonomy":"product_cat","embeddable":true,"href":"https:\/\/cristianocarvalho.net\/WordPress\/wp-json\/wp\/v2\/product_cat?post=3793"},{"taxonomy":"product_tag","embeddable":true,"href":"https:\/\/cristianocarvalho.net\/WordPress\/wp-json\/wp\/v2\/product_tag?post=3793"}],"curies":[{"name":"wp","href":"https:\/\/api.w.org\/{rel}","templated":true}]}}