{"id":3764,"date":"2021-12-24T07:11:40","date_gmt":"2021-12-24T07:11:40","guid":{"rendered":"http:\/\/cristianocarvalho.net\/WordPress\/?post_type=product&#038;p=3764"},"modified":"2021-12-24T09:07:56","modified_gmt":"2021-12-24T09:07:56","slug":"valvula-de-radiador-inteligente-nvs-radiator-trv","status":"publish","type":"product","link":"https:\/\/cristianocarvalho.net\/WordPress\/produto\/valvula-de-radiador-inteligente-nvs-radiator-trv\/","title":{"rendered":"V\u00e1lvula de radiador inteligente &#8211; NVS-RADIATOR-TRV"},"content":{"rendered":"<p><a href=\"https:\/\/play.google.com\/store\/apps\/details?id=com.tuya.smart&amp;hl=pt_PT\" target=\"_blank\" rel=\"noopener noreferrer\" data-wp-editing=\"1\"><img data-opt-id=216246474  fetchpriority=\"high\" decoding=\"async\" class=\"alignnone wp-image-1640\" src=\"https:\/\/mlibb0mwkwo9.i.optimole.com\/cb:62NB.5857\/w:auto\/h:auto\/q:mauto\/f:best\/https:\/\/cristianocarvalho.net\/WordPress\/wp-content\/uploads\/2020\/04\/google-play.png\" alt=\"\" width=\"180\" height=\"51\" \/>\u00a0\u00a0\u00a0 <\/a><a href=\"https:\/\/apps.apple.com\/us\/app\/tuyasmart\/id1034649547\" target=\"_blank\" rel=\"noopener noreferrer\"><img data-opt-id=2025297500  fetchpriority=\"high\" decoding=\"async\" class=\"alignnone wp-image-1639\" src=\"https:\/\/mlibb0mwkwo9.i.optimole.com\/cb:62NB.5857\/w:auto\/h:auto\/q:mauto\/f:best\/https:\/\/cristianocarvalho.net\/WordPress\/wp-content\/uploads\/2020\/04\/App-Sotre.png\" alt=\"\" width=\"180\" height=\"51\" \/><\/a><\/p>\n<p><strong>V\u00e1lvula de radiador inteligente &#8211; NVS-RADIATOR-TRV<\/strong><\/p>\n<ul class=\"article_list\">\n<li>V\u00e1lvula do radiador inteligente<\/li>\n<li>Liga\u00e7\u00e3o via r\u00e1dio com NVS-THERMOSTAT<\/li>\n<li>Controlo de temperatura por divis\u00e3o<\/li>\n<li>Adaptadores universais de v\u00e1lvulas<\/li>\n<li>Compat\u00edvel com TUYA Smart<\/li>\n<li>Compat\u00edvel com os assistentes do Alexa e Google<\/li>\n<\/ul>\n<p align=\"justify\">V\u00e1lvula termost\u00e1tica inteligente Nivian Smart,para radiadores de \u00e1gua em circuito fechado.<br \/>\nControla a temperatura das salas individualmente, trabalhando em conjunto com o termostato NVS-THERMOSTAT.<\/p>\n<p>Instala\u00e7\u00e3o simples, sem drenar a \u00e1gua ou intervir no circuito do radiador, bastando para isso substituir a v\u00e1lvula termost\u00e1tica ligada no radiador.<br \/>\nCompatibilidade universal com a maioria das v\u00e1lvulas termost\u00e1ticas dos radiantes existentes devido a diferentes roscas adaptadoras.<\/p>\n<p>A v\u00e1lvula inteligente o eTRV, comunica-se via radio com a central HUB NVS-THERMOSTAT, para poder operar desde a app, logo \u00e9 necess\u00e1rio dispor deste produto previamente.<br \/>\nAs caracter\u00edsticas mais not\u00e1veis desta solu\u00e7\u00e3o s\u00e3o:<\/p>\n<ul class=\"article_list\">\n<li>Longo alcance via r\u00e1dio (80 m espa\u00e7o aberto) para ser instalado em qualquer radiador da sala.<\/li>\n<li>Comunica\u00e7\u00e3o est\u00e1vel.<\/li>\n<li>Funcionamento a pilhas, n\u00e3o h\u00e1 necessidade de tomadas de corrente.<\/li>\n<li>Baixo consumo, autonomia m\u00e9dia 1.5 anos.<\/li>\n<\/ul>\n<p align=\"justify\">As fun\u00e7\u00f5es que podemos encontrar na v\u00e1lvula inteligente s\u00e3o:<\/p>\n<ul class=\"article_list\">\n<li>Visor LCD com indicador de temperatura, data\/hora, bateria, programa\u00e7\u00e3o e modo.<\/li>\n<li>Betoneira de 3 bot\u00f5es e mando rotativo.<\/li>\n<li>5 modos de controlo para ajuste da temperatura no quarto<\/li>\n<li>Programa\u00e7\u00e3o autom\u00e1tica, com 5 per\u00edodos pr\u00e9-definidos , extens\u00edvel a 9.<\/li>\n<li>Programa\u00e7\u00e3o hor\u00e1ria, di\u00e1ria, semanal ou semanal completa.<\/li>\n<li>Detec\u00e7\u00e3o r\u00e1pida de queda de temperatura (janela aberta).<\/li>\n<li>Modos anti-geada \/ Aquecimento r\u00e1pido \/ Conforto \/ Economizar de energia.<\/li>\n<li>Fun\u00e7\u00e3o de bloqueio para evitar ajustes acidentais (crian\u00e7as).<\/li>\n<li>Descalcifica\u00e7\u00e3o semanal autom\u00e1tica.<\/li>\n<li>Detec\u00e7\u00e3o de instala\u00e7\u00e3o correta.<\/li>\n<\/ul>\n<p align=\"justify\">O app Tuya Smart oferece a compatibilidade com a maior plataforma de dispositivos Smart Home existente, entre os que encontram-se os produtos Nivian Smart.<br \/>\nA configura\u00e7\u00e3o \u00e9 simples e intuitiva em 2 \u00fanicos passos , gra\u00e7as ao Tuya Smart Cloud.<\/p>\n<p>Gra\u00e7as \u00e0 nuvem Tuya Smart, as possibilidades de controlo e gest\u00e3o automatizada aumentam exponencialmente:<\/p>\n<ul class=\"article_list\">\n<li>Gest\u00e3o da temperatura em remoto.<\/li>\n<li>Funcionamento manual, autom\u00e1tico ou em modo de f\u00e9rias.<\/li>\n<li>Capacidade de programa\u00e7\u00e3o inteligente.<\/li>\n<li>A\u00e7\u00f5es vinculadas ao posicionamento GPS do smartphone do usu\u00e1rio.<\/li>\n<li>A\u00e7\u00f5es relacionadas ao tempo atmosf\u00e9rico (servidor integrado)<\/li>\n<li>Criando cenas inteligentes interagindo com outros dispositivos Smart Home.<\/li>\n<\/ul>\n<p align=\"justify\">Al\u00e9m disso, o aplicativo Tuya \u00e9 compat\u00edvel com os assistentes de voz do Google e do Amazon Alexa, com os quais podemos ativar dispositivos e cen\u00e1rios atrav\u00e9s de convenientes comandos de voz.<\/p>\n<table class=\"specs\" style=\"height: 458px;\" border=\"0\" width=\"1211\" cellspacing=\"0\" cellpadding=\"0\">\n<tbody>\n<tr align=\"left\" valign=\"middle\">\n<td width=\"30%\" height=\"22\"><strong>Marca<\/strong><\/td>\n<td width=\"70%\" height=\"22\">Nivian &#8211; Nivian Smart<\/td>\n<\/tr>\n<tr align=\"left\" valign=\"middle\">\n<td height=\"22\"><strong>Modelo<\/strong><\/td>\n<td height=\"22\">NVS-RADIATOR-TRV<\/td>\n<\/tr>\n<tr align=\"left\" valign=\"middle\">\n<td height=\"22\"><strong>Comunica\u00e7\u00e3o<\/strong><\/td>\n<td height=\"22\">RF 868 MHz<\/td>\n<\/tr>\n<tr align=\"left\" valign=\"middle\">\n<td height=\"22\"><strong>Faixa de temperatura de ajuste<\/strong><\/td>\n<td height=\"22\">5\u00b0 C ~ 29.5\u00b0 C<\/td>\n<\/tr>\n<tr align=\"left\" valign=\"middle\">\n<td height=\"22\"><strong>Etapa do incremento de ajuste<\/strong><\/td>\n<td height=\"22\">0.5\u00b0 C<\/td>\n<\/tr>\n<tr align=\"left\" valign=\"middle\">\n<td height=\"22\"><strong>Alimenta\u00e7\u00e3o<\/strong><\/td>\n<td height=\"22\">Pilhas AA 1.5 V x 2 ud (inclu\u00eddas)<\/td>\n<\/tr>\n<tr align=\"left\" valign=\"middle\">\n<td height=\"22\"><strong>Uso<\/strong><\/td>\n<td height=\"22\">Interior. Prote\u00e7\u00e3o IP20.<\/td>\n<\/tr>\n<tr align=\"left\" valign=\"middle\">\n<td height=\"22\"><strong>Temp. funcionamento<\/strong><\/td>\n<td height=\"22\">-10\u00ba C ~ +40\u00ba C<\/td>\n<\/tr>\n<tr align=\"left\" valign=\"middle\">\n<td height=\"22\"><strong>Dimens\u00f5es<\/strong><\/td>\n<td height=\"22\">60 mm (Al) x 59 mm (An) x 100 (Fo) mm<\/td>\n<\/tr>\n<tr align=\"left\" valign=\"middle\">\n<td height=\"22\"><strong>Peso<\/strong><\/td>\n<td height=\"22\">183 g<\/td>\n<\/tr>\n<\/tbody>\n<\/table>\n","protected":false},"excerpt":{"rendered":"<ul>\n<li>V\u00e1lvula do radiador inteligente<\/li>\n<li>Liga\u00e7\u00e3o via r\u00e1dio com NVS-THERMOSTAT<\/li>\n<li>Controlo de temperatura por divis\u00e3o<\/li>\n<li>Adaptadores universais de v\u00e1lvulas<\/li>\n<li>Compat\u00edvel com TUYA Smart<\/li>\n<li>Compat\u00edvel com os assistentes do Alexa e Google<\/li>\n<\/ul>\n<p><strong>Conteudo:<\/strong><\/p>\n<ul>\n<li>V\u00e1lvula inteligente<\/li>\n<li>Adaptadores de instala\u00e7\u00e3o<\/li>\n<li>2 pilhas AA 1.5 V<\/li>\n<li>Guia r\u00e1pido de instala\u00e7\u00e3o<\/li>\n<\/ul>\n<p><strong>Pre\u00e7o sem IVA<br \/>\n<span style=\"color: #ff0000;\">Custos de expedi\u00e7\u00e3o calculado s\u00f3 para Portugal Continental.<\/span><\/strong><\/p>\n<p>&nbsp;<\/p>\n","protected":false},"featured_media":3765,"comment_status":"open","ping_status":"closed","template":"","meta":[],"product_brand":[],"product_cat":[57,70],"product_tag":[],"class_list":{"0":"post-3764","1":"product","2":"type-product","3":"status-publish","4":"has-post-thumbnail","6":"product_cat-smart-home","7":"product_cat-smart-home-acessorios","8":"product_shipping_class-preco-inferior-a-30kg-em-portugal","10":"first","11":"onbackorder","12":"sale","13":"taxable","14":"shipping-taxable","15":"purchasable","16":"product-type-simple"},"_links":{"self":[{"href":"https:\/\/cristianocarvalho.net\/WordPress\/wp-json\/wp\/v2\/product\/3764","targetHints":{"allow":["GET"]}}],"collection":[{"href":"https:\/\/cristianocarvalho.net\/WordPress\/wp-json\/wp\/v2\/product"}],"about":[{"href":"https:\/\/cristianocarvalho.net\/WordPress\/wp-json\/wp\/v2\/types\/product"}],"replies":[{"embeddable":true,"href":"https:\/\/cristianocarvalho.net\/WordPress\/wp-json\/wp\/v2\/comments?post=3764"}],"version-history":[{"count":5,"href":"https:\/\/cristianocarvalho.net\/WordPress\/wp-json\/wp\/v2\/product\/3764\/revisions"}],"predecessor-version":[{"id":3787,"href":"https:\/\/cristianocarvalho.net\/WordPress\/wp-json\/wp\/v2\/product\/3764\/revisions\/3787"}],"wp:featuredmedia":[{"embeddable":true,"href":"https:\/\/cristianocarvalho.net\/WordPress\/wp-json\/wp\/v2\/media\/3765"}],"wp:attachment":[{"href":"https:\/\/cristianocarvalho.net\/WordPress\/wp-json\/wp\/v2\/media?parent=3764"}],"wp:term":[{"taxonomy":"product_brand","embeddable":true,"href":"https:\/\/cristianocarvalho.net\/WordPress\/wp-json\/wp\/v2\/product_brand?post=3764"},{"taxonomy":"product_cat","embeddable":true,"href":"https:\/\/cristianocarvalho.net\/WordPress\/wp-json\/wp\/v2\/product_cat?post=3764"},{"taxonomy":"product_tag","embeddable":true,"href":"https:\/\/cristianocarvalho.net\/WordPress\/wp-json\/wp\/v2\/product_tag?post=3764"}],"curies":[{"name":"wp","href":"https:\/\/api.w.org\/{rel}","templated":true}]}}