{"id":3751,"date":"2021-12-22T19:58:08","date_gmt":"2021-12-22T19:58:08","guid":{"rendered":"http:\/\/cristianocarvalho.net\/WordPress\/?post_type=product&#038;p=3751"},"modified":"2021-12-22T21:09:09","modified_gmt":"2021-12-22T21:09:09","slug":"estrutura-set-02v4-1315433","status":"publish","type":"product","link":"https:\/\/cristianocarvalho.net\/WordPress\/produto\/estrutura-set-02v4-1315433\/","title":{"rendered":"Estrutura SET 02V4 &#8211; 1315433"},"content":{"rendered":"<p><span class=\"azul\"><strong>Estrutura para telha em alum\u00ednio SET 02V4 &#8211; 1315433<\/strong><\/span><\/p>\n<p>Para 1 fila de 4 pain\u00e9is vertical. M\u00f3dulo m\u00e1ximo 2279&#215;1150 mm.<\/p>\n<p>pdf &#8211; <a href=\"https:\/\/shop.krannich-solar.com\/media\/pdf\/e9\/5e\/1f\/9-252F9-252Fa-252Fa-252F99aa31cd736b247ba9ab4a20b9e6100042f39bff_ft_m_snf_set_02v_escA33JqIlZ2Ajx.pdf\" target=\"_blank\" rel=\"noopener\">Ficha T\u00e9cnica<\/a><\/p>\n<p>pdf &#8211; <a href=\"https:\/\/shop.krannich-solar.com\/media\/pdf\/c5\/3b\/27\/f-252Fa-252Fb-252Fd-252Ffabd271f539f7e88a0f45d044c984bf096b8783c_im_m_snf_set_02v_eskuAshMTFnxX3N.pdf\" target=\"_blank\" rel=\"noopener\">Instru\u00e7\u00f5es de Montagem<\/a><\/p>\n","protected":false},"excerpt":{"rendered":"<h2 class=\"label-above node-serie_description-label\"><span class=\"azul\"><strong>Estrutura SET 02V4 &#8211; 1315433<br \/>\n<\/strong><\/span><\/h2>\n<p>Para 1 fila de 4 pain\u00e9is vertical. M\u00f3dulo m\u00e1ximo 2279&#215;1150 mm.<br \/>\n1 \u2013 Estrutura em alum\u00ednio para telha SET 02V4<\/p>\n<p>Pre\u00e7o sem I.V.A. e sem instala\u00e7\u00e3o<\/p>\n<p><span style=\"color: #ff0000;\"><strong>Custos de expedi\u00e7\u00e3o calculado s\u00f3 para Portugal Continental.<\/strong><\/span><\/p>\n","protected":false},"featured_media":3755,"comment_status":"open","ping_status":"closed","template":"","meta":[],"product_brand":[],"product_cat":[42,28],"product_tag":[],"class_list":{"0":"post-3751","1":"product","2":"type-product","3":"status-publish","4":"has-post-thumbnail","6":"product_cat-autoconsumo","7":"product_cat-energia-solar-fotovoltaica","8":"product_shipping_class-preco-inferior-a-30kg-em-portugal","10":"first","11":"onbackorder","12":"sale","13":"taxable","14":"shipping-taxable","15":"purchasable","16":"product-type-simple"},"_links":{"self":[{"href":"https:\/\/cristianocarvalho.net\/WordPress\/wp-json\/wp\/v2\/product\/3751","targetHints":{"allow":["GET"]}}],"collection":[{"href":"https:\/\/cristianocarvalho.net\/WordPress\/wp-json\/wp\/v2\/product"}],"about":[{"href":"https:\/\/cristianocarvalho.net\/WordPress\/wp-json\/wp\/v2\/types\/product"}],"replies":[{"embeddable":true,"href":"https:\/\/cristianocarvalho.net\/WordPress\/wp-json\/wp\/v2\/comments?post=3751"}],"version-history":[{"count":5,"href":"https:\/\/cristianocarvalho.net\/WordPress\/wp-json\/wp\/v2\/product\/3751\/revisions"}],"predecessor-version":[{"id":3758,"href":"https:\/\/cristianocarvalho.net\/WordPress\/wp-json\/wp\/v2\/product\/3751\/revisions\/3758"}],"wp:featuredmedia":[{"embeddable":true,"href":"https:\/\/cristianocarvalho.net\/WordPress\/wp-json\/wp\/v2\/media\/3755"}],"wp:attachment":[{"href":"https:\/\/cristianocarvalho.net\/WordPress\/wp-json\/wp\/v2\/media?parent=3751"}],"wp:term":[{"taxonomy":"product_brand","embeddable":true,"href":"https:\/\/cristianocarvalho.net\/WordPress\/wp-json\/wp\/v2\/product_brand?post=3751"},{"taxonomy":"product_cat","embeddable":true,"href":"https:\/\/cristianocarvalho.net\/WordPress\/wp-json\/wp\/v2\/product_cat?post=3751"},{"taxonomy":"product_tag","embeddable":true,"href":"https:\/\/cristianocarvalho.net\/WordPress\/wp-json\/wp\/v2\/product_tag?post=3751"}],"curies":[{"name":"wp","href":"https:\/\/api.w.org\/{rel}","templated":true}]}}