{"id":3744,"date":"2021-12-22T15:17:20","date_gmt":"2021-12-22T15:17:20","guid":{"rendered":"http:\/\/cristianocarvalho.net\/WordPress\/?post_type=product&#038;p=3744"},"modified":"2021-12-22T15:37:03","modified_gmt":"2021-12-22T15:37:03","slug":"pocket-wifi-plus-interface-1333439","status":"publish","type":"product","link":"https:\/\/cristianocarvalho.net\/WordPress\/produto\/pocket-wifi-plus-interface-1333439\/","title":{"rendered":"Pocket WIFI Plus Interface (1333439)"},"content":{"rendered":"<p><span class=\"azul\"><strong>Pocket WIFI Plus Interface (<\/strong>1334352<strong>)\u00a0\u00a0<a href=\"https:\/\/www.solaxpower.com\/wp-content\/uploads\/2020\/02\/pocket-wifi-plus.pdf\" target=\"_blank\" rel=\"noopener\">pdf<\/a><\/strong><\/span><\/p>\n<p>O Pocket wifi da SolaX permite a visualiza\u00e7\u00e3o remoto de toda a gama de inversores SolaX. Um dispositivo de plug-in simples permitir\u00e1 que o usu\u00e1rio final visualize o desempenho de seus sistemas em qualquer lugar do mundo.<\/p>\n<p><iframe title=\"YouTube video player\" src=\"https:\/\/www.youtube.com\/embed\/Et8WfdYeiiA\" width=\"800\" height=\"500\" frameborder=\"0\" allowfullscreen=\"allowfullscreen\"><\/iframe><\/p>\n","protected":false},"excerpt":{"rendered":"<h2 class=\"label-above node-serie_description-label\"><span class=\"azul\"><strong>Pocket WIFI Plus Interface (<\/strong>1334352<strong>)\u00a0\u00a0<a href=\"https:\/\/www.solaxpower.com\/wp-content\/uploads\/2020\/02\/pocket-wifi-plus.pdf\" target=\"_blank\" rel=\"noopener\">pdf<\/a><\/strong><\/span><\/h2>\n<p><span class=\"azul\">1 \u2013 <strong>Pocket WIFI Plus Interface (<\/strong>1334352<strong>)<\/strong><\/span><\/p>\n<p>Pre\u00e7o sem I.V.A. e sem instala\u00e7\u00e3o<\/p>\n<p><span style=\"color: #ff0000;\"><strong>Custos de expedi\u00e7\u00e3o calculado s\u00f3 para Portugal Continental.<\/strong><\/span><\/p>\n","protected":false},"featured_media":3750,"comment_status":"open","ping_status":"closed","template":"","meta":[],"product_brand":[],"product_cat":[42,28],"product_tag":[],"class_list":{"0":"post-3744","1":"product","2":"type-product","3":"status-publish","4":"has-post-thumbnail","6":"product_cat-autoconsumo","7":"product_cat-energia-solar-fotovoltaica","8":"product_shipping_class-preco-inferior-a-30kg-em-portugal","10":"first","11":"onbackorder","12":"sale","13":"taxable","14":"shipping-taxable","15":"purchasable","16":"product-type-simple"},"_links":{"self":[{"href":"https:\/\/cristianocarvalho.net\/WordPress\/wp-json\/wp\/v2\/product\/3744","targetHints":{"allow":["GET"]}}],"collection":[{"href":"https:\/\/cristianocarvalho.net\/WordPress\/wp-json\/wp\/v2\/product"}],"about":[{"href":"https:\/\/cristianocarvalho.net\/WordPress\/wp-json\/wp\/v2\/types\/product"}],"replies":[{"embeddable":true,"href":"https:\/\/cristianocarvalho.net\/WordPress\/wp-json\/wp\/v2\/comments?post=3744"}],"version-history":[{"count":3,"href":"https:\/\/cristianocarvalho.net\/WordPress\/wp-json\/wp\/v2\/product\/3744\/revisions"}],"predecessor-version":[{"id":3748,"href":"https:\/\/cristianocarvalho.net\/WordPress\/wp-json\/wp\/v2\/product\/3744\/revisions\/3748"}],"wp:featuredmedia":[{"embeddable":true,"href":"https:\/\/cristianocarvalho.net\/WordPress\/wp-json\/wp\/v2\/media\/3750"}],"wp:attachment":[{"href":"https:\/\/cristianocarvalho.net\/WordPress\/wp-json\/wp\/v2\/media?parent=3744"}],"wp:term":[{"taxonomy":"product_brand","embeddable":true,"href":"https:\/\/cristianocarvalho.net\/WordPress\/wp-json\/wp\/v2\/product_brand?post=3744"},{"taxonomy":"product_cat","embeddable":true,"href":"https:\/\/cristianocarvalho.net\/WordPress\/wp-json\/wp\/v2\/product_cat?post=3744"},{"taxonomy":"product_tag","embeddable":true,"href":"https:\/\/cristianocarvalho.net\/WordPress\/wp-json\/wp\/v2\/product_tag?post=3744"}],"curies":[{"name":"wp","href":"https:\/\/api.w.org\/{rel}","templated":true}]}}