{"id":3737,"date":"2021-12-22T15:08:58","date_gmt":"2021-12-22T15:08:58","guid":{"rendered":"http:\/\/cristianocarvalho.net\/WordPress\/?post_type=product&#038;p=3737"},"modified":"2021-12-22T15:15:33","modified_gmt":"2021-12-22T15:15:33","slug":"painel-solar-ja-solar-jam60s20-375-mr","status":"publish","type":"product","link":"https:\/\/cristianocarvalho.net\/WordPress\/produto\/painel-solar-ja-solar-jam60s20-375-mr\/","title":{"rendered":"Painel Solar JA SOLAR JAM60S20-375\/MR"},"content":{"rendered":"<h3 class=\"label-above node-serie_description-label\"><span class=\"azul\"><strong>Painel Solar <a href=\"https:\/\/www.jasolar.com\/html\/en\/\" target=\"_blank\" rel=\"noopener\">JA SOLAR<\/a> JAM60S20-375\/MR\u00a0<\/strong><\/span><\/h3>\n<p>JA Solar, c\u00e9lulas e m\u00f3dulos de primeira qualidade<\/p>\n<p>Os pain\u00e9is solares da JA Solar centram-se na otimiza\u00e7\u00e3o do processo e na melhoria do rendimento e da fiabilidade. As suas c\u00e9lulas fotovoltaicas contam com difus\u00e3o seletiva, MWT e passiva\u00e7\u00e3o traseira.<\/p>\n<p>A JA Solar \u00e9 l\u00edder mundial de produtos solares e dedica-se \u00e0 inova\u00e7\u00e3o e \u00e0 investiga\u00e7\u00e3o de tecnologia fotovoltaica, sendo um fabricante de primeira categoria de m\u00f3dulos no setor. Al\u00e9m disso, ultrapassa os testes de fiabilidade cuja norma \u00e9 o triplo da Norma IEC.<\/p>\n","protected":false},"excerpt":{"rendered":"<h2 class=\"label-above node-serie_description-label\"><span class=\"azul\"><strong>Painel Solar <a href=\"https:\/\/www.jasolar.com\/html\/en\/\" target=\"_blank\" rel=\"noopener\">JA SOLAR<\/a> JAM60S20-375\/MR\u00a0<\/strong><\/span><\/h2>\n<p><span class=\"azul\">1 \u2013 <strong>Painel Solar JA SOLAR JAM60S20-375\/MR<\/strong><\/span><\/p>\n<p>Pre\u00e7o sem I.V.A. e sem instala\u00e7\u00e3o<\/p>\n<p><span style=\"color: #ff0000;\"><strong>Custos de expedi\u00e7\u00e3o calculado s\u00f3 para Portugal Continental.<\/strong><\/span><\/p>\n","protected":false},"featured_media":3739,"comment_status":"open","ping_status":"closed","template":"","meta":[],"product_brand":[],"product_cat":[42,28],"product_tag":[],"class_list":{"0":"post-3737","1":"product","2":"type-product","3":"status-publish","4":"has-post-thumbnail","6":"product_cat-autoconsumo","7":"product_cat-energia-solar-fotovoltaica","8":"product_shipping_class-preco-superior-a-30kg-a-100kg-em-portugal","10":"first","11":"onbackorder","12":"sale","13":"taxable","14":"shipping-taxable","15":"purchasable","16":"product-type-simple"},"_links":{"self":[{"href":"https:\/\/cristianocarvalho.net\/WordPress\/wp-json\/wp\/v2\/product\/3737","targetHints":{"allow":["GET"]}}],"collection":[{"href":"https:\/\/cristianocarvalho.net\/WordPress\/wp-json\/wp\/v2\/product"}],"about":[{"href":"https:\/\/cristianocarvalho.net\/WordPress\/wp-json\/wp\/v2\/types\/product"}],"replies":[{"embeddable":true,"href":"https:\/\/cristianocarvalho.net\/WordPress\/wp-json\/wp\/v2\/comments?post=3737"}],"version-history":[{"count":3,"href":"https:\/\/cristianocarvalho.net\/WordPress\/wp-json\/wp\/v2\/product\/3737\/revisions"}],"predecessor-version":[{"id":3742,"href":"https:\/\/cristianocarvalho.net\/WordPress\/wp-json\/wp\/v2\/product\/3737\/revisions\/3742"}],"wp:featuredmedia":[{"embeddable":true,"href":"https:\/\/cristianocarvalho.net\/WordPress\/wp-json\/wp\/v2\/media\/3739"}],"wp:attachment":[{"href":"https:\/\/cristianocarvalho.net\/WordPress\/wp-json\/wp\/v2\/media?parent=3737"}],"wp:term":[{"taxonomy":"product_brand","embeddable":true,"href":"https:\/\/cristianocarvalho.net\/WordPress\/wp-json\/wp\/v2\/product_brand?post=3737"},{"taxonomy":"product_cat","embeddable":true,"href":"https:\/\/cristianocarvalho.net\/WordPress\/wp-json\/wp\/v2\/product_cat?post=3737"},{"taxonomy":"product_tag","embeddable":true,"href":"https:\/\/cristianocarvalho.net\/WordPress\/wp-json\/wp\/v2\/product_tag?post=3737"}],"curies":[{"name":"wp","href":"https:\/\/api.w.org\/{rel}","templated":true}]}}