{"id":3732,"date":"2021-12-22T14:57:27","date_gmt":"2021-12-22T14:57:27","guid":{"rendered":"http:\/\/cristianocarvalho.net\/WordPress\/?post_type=product&#038;p=3732"},"modified":"2021-12-22T21:18:24","modified_gmt":"2021-12-22T21:18:24","slug":"inversor-solax-x1-1-5-s-d-mini-g3-0","status":"publish","type":"product","link":"https:\/\/cristianocarvalho.net\/WordPress\/produto\/inversor-solax-x1-1-5-s-d-mini-g3-0\/","title":{"rendered":"Inversor SOLAX X1-1.5-S-D-MINI G3.0"},"content":{"rendered":"<p><span class=\"azul\"><strong>1 \u2013 X1-3.0-S-D MINI G3.0 (<\/strong>1334352<strong>)<\/strong><\/span><\/p>\n<p><strong>pdf &#8211; <\/strong><a href=\"https:\/\/www.solaxpower.com\/wp-content\/uploads\/2021\/05\/X1-Mini-User-Manual.pdf\" target=\"_blank\" rel=\"noopener\">Manual GB<\/a><strong><br \/>\npdf &#8211; <\/strong><a href=\"https:\/\/www.solaxpower.com\/wp-content\/uploads\/2021\/06\/X1-mini-V2.pdf\" target=\"_blank\" rel=\"noopener\">Datasheet<\/a><strong><br \/>\npdf<\/strong> &#8211; <a href=\"https:\/\/www.solaxpower.com\/wp-content\/uploads\/2021\/05\/X1-Mini-Installation-Guide.pdf\" target=\"_blank\" rel=\"noopener\">Guia Rapido<\/a><\/p>\n<p>A SolaX \u00e9 ser l\u00edder mundial no desenvolvimento, produ\u00e7\u00e3o e distribui\u00e7\u00e3o de inversores solares.<br \/>\nCom apenas 35cm de altura e 7kg, a gama SolaX X1 Mini de inversores MPPT simples com sa\u00eddas de 1100W a 2000W s\u00e3o projetadas e projetadas para pequenas matrizes fotovoltaicas.<br \/>\nCom uma tens\u00e3o de inicializa\u00e7\u00e3o de 65V e uma efici\u00eancia m\u00e1xima de 97,1%, o X1 Mini promete desempenho incompar\u00e1vel, o que lhe permite colher a quantidade m\u00e1xima de energia poss\u00edvel do seu sistema fotovoltaico.<br \/>\nPara obter informa\u00e7\u00f5es sobre o sistema, o Pocket WiFi opcional do SolaX permite o monitoramento remoto para a gama completa do inversor SolaX. Um dispositivo plug-in simples permitir\u00e1 ao utilizador final visualizar o desempenho de seus sistemas em qualquer lugar do mundo.<br \/>\nCaracter\u00edsticas principais:<br \/>\nM\u00e1xima efici\u00eancia 97,1%<br \/>\nEfici\u00eancia MPPT&gt; 99,9%<br \/>\nBaixa tens\u00e3o de inicializa\u00e7\u00e3o<br \/>\nPequeno e leve; 35cm de altura e 7kg<br \/>\nIP65 classificado para uso interno ou externo<br \/>\nGarantia de 10 anos<\/p>\n<p><span class=\"azul\">Inversor monof\u00e1sico Solax sem Wifi<br \/>\nFabricante: Solax, 10 anos de garantia limitada<br \/>\nPot\u00eancia pico m\u00e1xima 2.2500<br \/>\nTens\u00e3o de entrada m\u00e1x. 450V<br \/>\nCorrente m\u00e1xima de entrada 14A<br \/>\nN\u00ba seguidores MPP 1<br \/>\nPot\u00eancia nominal AC 1.5000<br \/>\nPot\u00eancia m\u00e1xima AC 1.6500<\/span><\/p>\n<p><iframe title=\"YouTube video player\" src=\"https:\/\/www.youtube.com\/embed\/M0W9PlG7QdA\" width=\"800\" height=\"500\" frameborder=\"0\" allowfullscreen=\"allowfullscreen\"><\/iframe><\/p>\n","protected":false},"excerpt":{"rendered":"<h2 class=\"label-above node-serie_description-label\">Inversor SOLAX X1-1.5-S-D-MINI G3.0<\/h2>\n<p><span class=\"azul\">1 \u2013 X1-1.5-S-D MINI G3.0 (1334352)<\/span><\/p>\n<p>Pre\u00e7o sem I.V.A. e sem instala\u00e7\u00e3o<\/p>\n<p><span style=\"color: #ff0000;\"><strong>Custos de expedi\u00e7\u00e3o calculado s\u00f3 para Portugal Continental.<\/strong><\/span><\/p>\n","protected":false},"featured_media":3733,"comment_status":"open","ping_status":"closed","template":"","meta":[],"product_brand":[],"product_cat":[42,28],"product_tag":[],"class_list":{"0":"post-3732","1":"product","2":"type-product","3":"status-publish","4":"has-post-thumbnail","6":"product_cat-autoconsumo","7":"product_cat-energia-solar-fotovoltaica","8":"product_shipping_class-preco-inferior-a-30kg-em-portugal","10":"first","11":"onbackorder","12":"sale","13":"taxable","14":"shipping-taxable","15":"purchasable","16":"product-type-simple"},"_links":{"self":[{"href":"https:\/\/cristianocarvalho.net\/WordPress\/wp-json\/wp\/v2\/product\/3732","targetHints":{"allow":["GET"]}}],"collection":[{"href":"https:\/\/cristianocarvalho.net\/WordPress\/wp-json\/wp\/v2\/product"}],"about":[{"href":"https:\/\/cristianocarvalho.net\/WordPress\/wp-json\/wp\/v2\/types\/product"}],"replies":[{"embeddable":true,"href":"https:\/\/cristianocarvalho.net\/WordPress\/wp-json\/wp\/v2\/comments?post=3732"}],"version-history":[{"count":4,"href":"https:\/\/cristianocarvalho.net\/WordPress\/wp-json\/wp\/v2\/product\/3732\/revisions"}],"predecessor-version":[{"id":3759,"href":"https:\/\/cristianocarvalho.net\/WordPress\/wp-json\/wp\/v2\/product\/3732\/revisions\/3759"}],"wp:featuredmedia":[{"embeddable":true,"href":"https:\/\/cristianocarvalho.net\/WordPress\/wp-json\/wp\/v2\/media\/3733"}],"wp:attachment":[{"href":"https:\/\/cristianocarvalho.net\/WordPress\/wp-json\/wp\/v2\/media?parent=3732"}],"wp:term":[{"taxonomy":"product_brand","embeddable":true,"href":"https:\/\/cristianocarvalho.net\/WordPress\/wp-json\/wp\/v2\/product_brand?post=3732"},{"taxonomy":"product_cat","embeddable":true,"href":"https:\/\/cristianocarvalho.net\/WordPress\/wp-json\/wp\/v2\/product_cat?post=3732"},{"taxonomy":"product_tag","embeddable":true,"href":"https:\/\/cristianocarvalho.net\/WordPress\/wp-json\/wp\/v2\/product_tag?post=3732"}],"curies":[{"name":"wp","href":"https:\/\/api.w.org\/{rel}","templated":true}]}}