{"id":3723,"date":"2021-12-18T15:20:28","date_gmt":"2021-12-18T15:20:28","guid":{"rendered":"http:\/\/cristianocarvalho.net\/WordPress\/?post_type=product&#038;p=3723"},"modified":"2021-12-20T21:18:17","modified_gmt":"2021-12-20T21:18:17","slug":"pack-solar-swi270-3-juautoconsumo-1500w","status":"publish","type":"product","link":"https:\/\/cristianocarvalho.net\/WordPress\/produto\/pack-solar-swi270-3-juautoconsumo-1500w\/","title":{"rendered":"Pack solar SWI270-3 JU+AutoConsumo 1500W"},"content":{"rendered":"<h2 class=\"label-above node-serie_description-label\">Bomba Calor SWI270-3 JU + AutoConsumo 1500W<\/h2>\n<p>De acordo com a normativa EU 517\/2014, as Bombas de calor Supraeco W cont\u00eam g\u00e1s refrigerante R134A, com GWP=1430, num circuito hermeticamente fechado.<br \/>\nCOP at\u00e9 3.8 de acordo com a EN 16147:2017; Ar a 14 \u00baC e \u00e1gua a 46 \u00baC (Modelo de 270L)<br \/>\nAs bombas de calor Supraeco W da Junkers, para produ\u00e7\u00e3o de \u00e1gua quente sanit\u00e1ria, s\u00e3o equipamentos com um elevado n\u00edvel de efici\u00eancia na produ\u00e7\u00e3o de A.Q.S.<\/p>\n<p><strong>Maior poupan\u00e7a<br \/>\n<\/strong>Permitem uma poupan\u00e7a significativa de energia, superior a 70% comparativamente com outros sistemas de aquecimento de \u00e1gua.<br \/>\nO controlo eletr\u00f3nico da temperatura permite um maior conforto e uma maior poupan\u00e7a energ\u00e9tica.<\/p>\n<p><strong>Conforto e disponibilidade de \u00e1gua quente.<br \/>\n<\/strong>Modelos com dep\u00f3sito de <strong>270<\/strong>, 250 e 200 litros, permitem uma grande disponibilidade de \u00e1gua quente, at\u00e9 472 litros de A.Q.S. a 40\u00baC (no modelo de 270l).<br \/>\nApoio com suporte el\u00e9trico (resist\u00eancia de 2kW) para diminuir o tempo de aquecimento em per\u00edodos de pico de consumo.<\/p>\n<p><strong>Compatibilidade com sistema solar<br \/>\n<\/strong>Os modelos com serpentina s\u00e3o compat\u00edveis com a instala\u00e7\u00e3o de um sistema solar t\u00e9rmico.<br \/>\nEstes aparelhos, disp\u00f5em de uma serpentina de 1m2, que os torna compat\u00edveis com sistemas solares t\u00e9rmicos, permitindo uma redu\u00e7\u00e3o nos custos energ\u00e9ticos e maior rapidez de recupera\u00e7\u00e3o.<\/p>\n<p><strong>Display LCD integrado<br \/>\n<\/strong>Possuem um display LCD de grandes dimens\u00f5es que indica toda a informa\u00e7\u00e3o relevante e permite um interface f\u00e1cil para efetuar ajustes, programa\u00e7\u00f5es e configura\u00e7\u00f5es.<\/p>\n<p><span class=\"azul\"><strong>4 \u2013 AXIpremium XL HC AC-450MH\/144V (<\/strong>1333438<strong>) \u00a0<a href=\"https:\/\/www.axitecsolar.com\/sites\/default\/files\/solar_modules_pdf\/DB_144zlg_premium_XL%20HC_MiA_US_1500V.pdf\" target=\"_blank\" rel=\"noopener\">pdf<\/a><\/strong><br \/>\nM\u00f3dulo fotovoltaico AXITEC de alta qualidade.<br \/>\nFabricante: AXITEC Energy, 15 anos de garantia limitada.<br \/>\n25 Anos de garantia de rendimento.<br \/>\nPot\u00eancia nominal 450W<br \/>\nTens\u00e3o nominal 41.39V<br \/>\nCorrente ratet 10.88A<br \/>\n<\/span>\u00a0C- 2094 mm * L- 1038 mm * A- 35 mm<\/p>\n<p><span class=\"azul\"><strong>1 \u2013 X1-3.0-S-D MINI G3.0 (<\/strong>1334352<strong>)\u00a0\u00a0<a href=\"https:\/\/www.solaxpower.com\/wp-content\/uploads\/2021\/06\/X1-mini-V2.pdf\" target=\"_blank\" rel=\"noopener\">pdf<\/a><\/strong><br \/>\nInversor monof\u00e1sico Solax sem Wifi<br \/>\nFabricante: Solax, 10 anos de garantia limitada<br \/>\nPot\u00eancia pico m\u00e1xima 2.2500<br \/>\nTens\u00e3o de entrada m\u00e1x. 450V<br \/>\nCorrente m\u00e1xima de entrada 14A<br \/>\nN\u00ba seguidores MPP 1<br \/>\nPot\u00eancia nominal AC 1.5000<br \/>\nPot\u00eancia m\u00e1xima AC 1.6500<\/span><\/p>\n<p><strong>1 \u2013 POCKET WIFI PLUS INTERFACE (<\/strong>1333439<strong>)\u00a0\u00a0<a href=\"https:\/\/www.solaxpower.com\/wp-content\/uploads\/2020\/02\/pocket-wifi-plus.pdf\" target=\"_blank\" rel=\"noopener\">pdf<\/a><\/strong><br \/>\nInterface Dongle WLAN com antena<br \/>\nFabricante: Solax, 2 anos de garantia limitada<\/p>\n<p><span class=\"azul\"><strong>1 \u2013 Estrutura inclu\u00edda SET 02V3 (<\/strong>1315433<strong>)\u00a0\u00a0<a href=\"https:\/\/cristianocarvalho.net\/WordPress\/wp-content\/uploads\/2021\/10\/Estrututra-SET-02V4.pdf\" target=\"_blank\" rel=\"noopener\">pdf<\/a><\/strong><br \/>\n<\/span>Estrutura teto inclinado<br \/>\nFabricante: Sunfer, 5 anos de garantia limitada<br \/>\nPara 1 fila de 4 paineis vertical. M\u00f3dulo m\u00e1ximo 2279\u00d71150 mm.<\/p>\n<p><span class=\"azul\">Cabos e fichas DC e AC n\u00e3o inclu\u00eddos<\/span><\/p>\n<p><strong>O KIT CONT\u00c9M:<\/strong><\/p>\n<p>1 \u2013 Bomba Calor SWO 270-3 X<br \/>\n<span class=\"azul\">4 \u2013 AXIpremium XL HC AC-<strong>450MH<\/strong>\/144V (1333438)<\/span><span class=\"azul\"><br \/>\n1 \u2013 X1-1.5-S-D MINI G3.0 (1334352)<br \/>\n1 \u2013 Poket WIFI Plus Interface (1333439)<br \/>\n<\/span><span class=\"azul\">1 \u2013 Estrutura inclu\u00edda SET 02V3 (1315433)<\/span><\/p>\n","protected":false},"excerpt":{"rendered":"<h2 class=\"label-above node-serie_description-label\">Bomba Calor SWI270-3 JU + AutoConsumo 1500W<\/h2>\n<p><strong>O KIT CONT\u00c9M:<\/strong><\/p>\n<p>1 \u2013 Bomba Calor SWO 270-3 X<br \/>\n<span class=\"azul\">4 \u2013 AXIpremium XL HC AC-<strong>450MH<\/strong>\/144V (1333438)<\/span><span class=\"azul\"><br \/>\n1 \u2013 X1-1.5-S-D MINI G3.0 (1334352)<br \/>\n1 \u2013 Poket WIFI Plus Interface (1333439)<br \/>\n<\/span><span class=\"azul\">1 \u2013 Estrutura inclu\u00edda SET 02V3 (1315433)<\/span><\/p>\n<p>Pre\u00e7o sem I.V.A. e sem instala\u00e7\u00e3o<\/p>\n<p><span style=\"color: #ff0000;\"><strong>Custos de expedi\u00e7\u00e3o calculado s\u00f3 para Portugal Continental.<\/strong><\/span><\/p>\n","protected":false},"featured_media":3724,"comment_status":"open","ping_status":"closed","template":"","meta":[],"product_brand":[],"product_cat":[69,42,28],"product_tag":[],"class_list":{"0":"post-3723","1":"product","2":"type-product","3":"status-publish","4":"has-post-thumbnail","6":"product_cat-aqs-agua-quente","7":"product_cat-autoconsumo","8":"product_cat-energia-solar-fotovoltaica","9":"product_shipping_class-preco-superior-a-30kg-a-100kg-em-portugal","11":"first","12":"onbackorder","13":"sale","14":"taxable","15":"shipping-taxable","16":"purchasable","17":"product-type-simple"},"_links":{"self":[{"href":"https:\/\/cristianocarvalho.net\/WordPress\/wp-json\/wp\/v2\/product\/3723","targetHints":{"allow":["GET"]}}],"collection":[{"href":"https:\/\/cristianocarvalho.net\/WordPress\/wp-json\/wp\/v2\/product"}],"about":[{"href":"https:\/\/cristianocarvalho.net\/WordPress\/wp-json\/wp\/v2\/types\/product"}],"replies":[{"embeddable":true,"href":"https:\/\/cristianocarvalho.net\/WordPress\/wp-json\/wp\/v2\/comments?post=3723"}],"version-history":[{"count":1,"href":"https:\/\/cristianocarvalho.net\/WordPress\/wp-json\/wp\/v2\/product\/3723\/revisions"}],"predecessor-version":[{"id":3725,"href":"https:\/\/cristianocarvalho.net\/WordPress\/wp-json\/wp\/v2\/product\/3723\/revisions\/3725"}],"wp:featuredmedia":[{"embeddable":true,"href":"https:\/\/cristianocarvalho.net\/WordPress\/wp-json\/wp\/v2\/media\/3724"}],"wp:attachment":[{"href":"https:\/\/cristianocarvalho.net\/WordPress\/wp-json\/wp\/v2\/media?parent=3723"}],"wp:term":[{"taxonomy":"product_brand","embeddable":true,"href":"https:\/\/cristianocarvalho.net\/WordPress\/wp-json\/wp\/v2\/product_brand?post=3723"},{"taxonomy":"product_cat","embeddable":true,"href":"https:\/\/cristianocarvalho.net\/WordPress\/wp-json\/wp\/v2\/product_cat?post=3723"},{"taxonomy":"product_tag","embeddable":true,"href":"https:\/\/cristianocarvalho.net\/WordPress\/wp-json\/wp\/v2\/product_tag?post=3723"}],"curies":[{"name":"wp","href":"https:\/\/api.w.org\/{rel}","templated":true}]}}