{"id":3719,"date":"2021-12-18T14:40:55","date_gmt":"2021-12-18T14:40:55","guid":{"rendered":"http:\/\/cristianocarvalho.net\/WordPress\/?post_type=product&#038;p=3719"},"modified":"2021-12-20T21:19:15","modified_gmt":"2021-12-20T21:19:15","slug":"pack-solar-tp-2fcc-swi270-3-ju","status":"publish","type":"product","link":"https:\/\/cristianocarvalho.net\/WordPress\/produto\/pack-solar-tp-2fcc-swi270-3-ju\/","title":{"rendered":"Pack solar TP\/2FCC\/SWI270-3 JU"},"content":{"rendered":"<h2 class=\"label-above node-serie_description-label\">Pack solar TP\/2FCC\/SWI270-3 JU<\/h2>\n<p>De acordo com a normativa EU 517\/2014, as Bombas de calor Supraeco W cont\u00eam g\u00e1s refrigerante R134A, com GWP=1430, num circuito hermeticamente fechado.<br \/>\nCOP at\u00e9 3.8 de acordo com a EN 16147:2017; Ar a 14 \u00baC e \u00e1gua a 46 \u00baC (Modelo de 270L)<br \/>\nAs bombas de calor Supraeco W da Junkers, para produ\u00e7\u00e3o de \u00e1gua quente sanit\u00e1ria, s\u00e3o equipamentos com um elevado n\u00edvel de efici\u00eancia na produ\u00e7\u00e3o de A.Q.S.<\/p>\n<p><strong>Maior poupan\u00e7a<br \/>\n<\/strong>Permitem uma poupan\u00e7a significativa de energia, superior a 70% comparativamente com outros sistemas de aquecimento de \u00e1gua.<br \/>\nO controlo eletr\u00f3nico da temperatura permite um maior conforto e uma maior poupan\u00e7a energ\u00e9tica.<\/p>\n<p><strong>Conforto e disponibilidade de \u00e1gua quente.<br \/>\n<\/strong>Modelos com dep\u00f3sito de <strong>270<\/strong>, 250 e 200 litros, permitem uma grande disponibilidade de \u00e1gua quente, at\u00e9 472 litros de A.Q.S. a 40\u00baC (no modelo de 270l).<br \/>\nApoio com suporte el\u00e9trico (resist\u00eancia de 2kW) para diminuir o tempo de aquecimento em per\u00edodos de pico de consumo.<\/p>\n<p><strong>Compatibilidade com sistema solar<br \/>\n<\/strong>Os modelos com serpentina s\u00e3o compat\u00edveis com a instala\u00e7\u00e3o de um sistema solar t\u00e9rmico.<br \/>\nEstes aparelhos, disp\u00f5em de uma serpentina de 1m2, que os torna compat\u00edveis com sistemas solares t\u00e9rmicos, permitindo uma redu\u00e7\u00e3o nos custos energ\u00e9ticos e maior rapidez de recupera\u00e7\u00e3o.<\/p>\n<p><strong>Display LCD integrado<br \/>\n<\/strong>Possuem um display LCD de grandes dimens\u00f5es que indica toda a informa\u00e7\u00e3o relevante e permite um interface f\u00e1cil para efetuar ajustes, programa\u00e7\u00f5es e configura\u00e7\u00f5es.<\/p>\n<p><strong>O KIT CONT\u00c9M:<\/strong><\/p>\n<p>2 \u2013 Colector solar Junkers FCC-2S CTE<br \/>\n1 \u2013 WFS18 Junkers<br \/>\n1 \u2013 Estrutura suporte b\u00e1sica WMT1<br \/>\n1 \u2013 Estrutura soporte b\u00e1sica WMT2<br \/>\n1 \u2013 Esta\u00e7\u00e3o solar AGS10-2<br \/>\n1 \u2013 Controlador Solar TDS100-2<br \/>\n1 \u2013 Jogo de pe\u00e7as de liga\u00e7\u00e3o AAS 1<br \/>\n1 \u2013 Purgador SKY TOP<br \/>\n1 \u2013 SAG 18<br \/>\n1 \u2013 Vaso expans\u00e3o 18L inst. sanit.<br \/>\n1 \u2013 Fluido transfer\u00eancia t\u00e9rmica WTF 20S<br \/>\n1 \u2013 Bomba Calor SWO 270-3 X<br \/>\n1 \u2013 V\u00c1LVULA SEG. 1\/2*3\/4&#8243; 10 bar<br \/>\n1 \u2013 V\u00e1lvula de reten\u00e7\u00e3o 1&#8243;<br \/>\n1 \u2013 Perfil sup.adicional telhado plano FKF13<br \/>\n1 \u2013 Kit de eleva\u00e7\u00e3o b\u00e1sico FKF10<\/p>\n","protected":false},"excerpt":{"rendered":"<h2 class=\"label-above node-serie_description-label\">Pack solar TP\/2FCC\/SWI270-3 JU<\/h2>\n<p><strong>O KIT CONT\u00c9M:<\/strong><\/p>\n<p>2 \u2013 Colector solar Junkers FCC-2S CTE<br \/>\n1 \u2013 WFS18 Junkers<br \/>\n1 \u2013 Estrutura suporte b\u00e1sica WMT1<br \/>\n1 \u2013 Estrutura soporte b\u00e1sica WMT2<br \/>\n1 \u2013 Esta\u00e7\u00e3o solar AGS10-2<br \/>\n1 \u2013 Controlador Solar TDS100-2<br \/>\n1 \u2013 Jogo de pe\u00e7as de liga\u00e7\u00e3o AAS 1<br \/>\n1 \u2013 Purgador SKY TOP<br \/>\n1 \u2013 SAG 18<br \/>\n1 \u2013 Vaso expans\u00e3o 18L inst. sanit.<br \/>\n1 \u2013 Fluido transfer\u00eancia t\u00e9rmica WTF 20S<br \/>\n1 \u2013 Bomba Calor SWO 270-3 X<br \/>\n1 \u2013 V\u00c1LVULA SEG. 1\/2*3\/4&#8243; 10 bar<br \/>\n1 \u2013 V\u00e1lvula de reten\u00e7\u00e3o 1&#8243;<br \/>\n1 \u2013 Perfil sup.adicional telhado plano FKF13<br \/>\n1 \u2013 Kit de eleva\u00e7\u00e3o b\u00e1sico FKF10<\/p>\n<p>Pre\u00e7o sem I.V.A. e sem instala\u00e7\u00e3o<\/p>\n<p><span style=\"color: #ff0000;\"><strong>Custos de expedi\u00e7\u00e3o calculado s\u00f3 para Portugal Continental.<\/strong><\/span><\/p>\n","protected":false},"featured_media":3720,"comment_status":"open","ping_status":"closed","template":"","meta":[],"product_brand":[],"product_cat":[69,66,68],"product_tag":[],"class_list":{"0":"post-3719","1":"product","2":"type-product","3":"status-publish","4":"has-post-thumbnail","6":"product_cat-aqs-agua-quente","7":"product_cat-energia-solar-termica","8":"product_cat-solar-forcado","9":"product_shipping_class-preco-superior-a-30kg-a-100kg-em-portugal","11":"first","12":"onbackorder","13":"sale","14":"taxable","15":"shipping-taxable","16":"purchasable","17":"product-type-simple"},"_links":{"self":[{"href":"https:\/\/cristianocarvalho.net\/WordPress\/wp-json\/wp\/v2\/product\/3719","targetHints":{"allow":["GET"]}}],"collection":[{"href":"https:\/\/cristianocarvalho.net\/WordPress\/wp-json\/wp\/v2\/product"}],"about":[{"href":"https:\/\/cristianocarvalho.net\/WordPress\/wp-json\/wp\/v2\/types\/product"}],"replies":[{"embeddable":true,"href":"https:\/\/cristianocarvalho.net\/WordPress\/wp-json\/wp\/v2\/comments?post=3719"}],"version-history":[{"count":1,"href":"https:\/\/cristianocarvalho.net\/WordPress\/wp-json\/wp\/v2\/product\/3719\/revisions"}],"predecessor-version":[{"id":3721,"href":"https:\/\/cristianocarvalho.net\/WordPress\/wp-json\/wp\/v2\/product\/3719\/revisions\/3721"}],"wp:featuredmedia":[{"embeddable":true,"href":"https:\/\/cristianocarvalho.net\/WordPress\/wp-json\/wp\/v2\/media\/3720"}],"wp:attachment":[{"href":"https:\/\/cristianocarvalho.net\/WordPress\/wp-json\/wp\/v2\/media?parent=3719"}],"wp:term":[{"taxonomy":"product_brand","embeddable":true,"href":"https:\/\/cristianocarvalho.net\/WordPress\/wp-json\/wp\/v2\/product_brand?post=3719"},{"taxonomy":"product_cat","embeddable":true,"href":"https:\/\/cristianocarvalho.net\/WordPress\/wp-json\/wp\/v2\/product_cat?post=3719"},{"taxonomy":"product_tag","embeddable":true,"href":"https:\/\/cristianocarvalho.net\/WordPress\/wp-json\/wp\/v2\/product_tag?post=3719"}],"curies":[{"name":"wp","href":"https:\/\/api.w.org\/{rel}","templated":true}]}}