{"id":3713,"date":"2021-12-18T09:56:21","date_gmt":"2021-12-18T09:56:21","guid":{"rendered":"http:\/\/cristianocarvalho.net\/WordPress\/?post_type=product&#038;p=3713"},"modified":"2022-10-22T09:02:23","modified_gmt":"2022-10-22T09:02:23","slug":"resistencia-eletrica-2-kw-thermowatt","status":"publish","type":"product","link":"https:\/\/cristianocarvalho.net\/WordPress\/produto\/resistencia-eletrica-2-kw-thermowatt\/","title":{"rendered":"Resist\u00eancia El\u00e9trica 2 kW Thermowatt"},"content":{"rendered":"<p><strong>Resist\u00eancia El\u00e9trica 2 kW Thermowatt<\/strong><\/p>\n<p>Resist\u00eancia el\u00e9trica de apoio para dep\u00f3sitos<br \/>\nverticais Pot\u00eancia: 2,0 kW (1 x 230V)<br \/>\nV\u00e1lida para os S-ZB e SK Solar (dupla<br \/>\nserpentina)<\/p>\n","protected":false},"excerpt":{"rendered":"<p><strong>Resist\u00eancia El\u00e9trica 2 kW Thermowatt<\/strong><\/p>\n<p>2KWx230V 14&#8243; x 11\/2&#8243; INC8<\/p>\n<p><span style=\"color: #ff0000;\"><strong>Custos de expedi\u00e7\u00e3o calculado s\u00f3 para Portugal Continental.<\/strong><\/span><\/p>\n","protected":false},"featured_media":3718,"comment_status":"open","ping_status":"closed","template":"","meta":[],"product_brand":[],"product_cat":[69,66,68,67],"product_tag":[],"class_list":{"0":"post-3713","1":"product","2":"type-product","3":"status-publish","4":"has-post-thumbnail","6":"product_cat-aqs-agua-quente","7":"product_cat-energia-solar-termica","8":"product_cat-solar-forcado","9":"product_cat-termossifao","10":"product_shipping_class-preco-inferior-a-30kg-em-portugal","12":"first","13":"onbackorder","14":"sale","15":"taxable","16":"shipping-taxable","17":"purchasable","18":"product-type-simple"},"_links":{"self":[{"href":"https:\/\/cristianocarvalho.net\/WordPress\/wp-json\/wp\/v2\/product\/3713","targetHints":{"allow":["GET"]}}],"collection":[{"href":"https:\/\/cristianocarvalho.net\/WordPress\/wp-json\/wp\/v2\/product"}],"about":[{"href":"https:\/\/cristianocarvalho.net\/WordPress\/wp-json\/wp\/v2\/types\/product"}],"replies":[{"embeddable":true,"href":"https:\/\/cristianocarvalho.net\/WordPress\/wp-json\/wp\/v2\/comments?post=3713"}],"version-history":[{"count":4,"href":"https:\/\/cristianocarvalho.net\/WordPress\/wp-json\/wp\/v2\/product\/3713\/revisions"}],"predecessor-version":[{"id":3717,"href":"https:\/\/cristianocarvalho.net\/WordPress\/wp-json\/wp\/v2\/product\/3713\/revisions\/3717"}],"wp:featuredmedia":[{"embeddable":true,"href":"https:\/\/cristianocarvalho.net\/WordPress\/wp-json\/wp\/v2\/media\/3718"}],"wp:attachment":[{"href":"https:\/\/cristianocarvalho.net\/WordPress\/wp-json\/wp\/v2\/media?parent=3713"}],"wp:term":[{"taxonomy":"product_brand","embeddable":true,"href":"https:\/\/cristianocarvalho.net\/WordPress\/wp-json\/wp\/v2\/product_brand?post=3713"},{"taxonomy":"product_cat","embeddable":true,"href":"https:\/\/cristianocarvalho.net\/WordPress\/wp-json\/wp\/v2\/product_cat?post=3713"},{"taxonomy":"product_tag","embeddable":true,"href":"https:\/\/cristianocarvalho.net\/WordPress\/wp-json\/wp\/v2\/product_tag?post=3713"}],"curies":[{"name":"wp","href":"https:\/\/api.w.org\/{rel}","templated":true}]}}