{"id":3620,"date":"2021-12-06T08:30:14","date_gmt":"2021-12-06T08:30:14","guid":{"rendered":"http:\/\/cristianocarvalho.net\/WordPress\/?post_type=product&#038;p=3620"},"modified":"2023-07-22T19:20:30","modified_gmt":"2023-07-22T19:20:30","slug":"nice-kit-solemyo-sykce","status":"publish","type":"product","link":"https:\/\/cristianocarvalho.net\/WordPress\/produto\/nice-kit-solemyo-sykce\/","title":{"rendered":"Nice KIT Solemyo &#8211; SYKCE"},"content":{"rendered":"<p><strong>Solemyo \u00e9 o sistema de alimenta\u00e7\u00e3o solar para sistemas de automa\u00e7\u00e3o de port\u00f5es de entrada, port\u00f5es de garagem e barreiras de controlo de acesso sem possibilidade de liga\u00e7\u00e3o \u00e0 rede el\u00e9trica.<\/strong><\/p>\n<p>O solemyo est\u00e1 dispon\u00edvel quer em kit, quer em produtos vendidos separadamente.<\/p>\n<p><strong>Para instalar em qualquer lugar<\/strong> sem fazer liga\u00e7\u00f5es e escava\u00e7\u00f5es, mesmo em lugares muito distantes ou de dif\u00edcil acesso \u00e0 rede el\u00e9trica.<\/p>\n<p><strong>Mais poupan\u00e7a e respeito pelo meio ambiente<\/strong> gra\u00e7as \u00e0 energia solar, gratuita e limpa, uma escolha inteligente e ecol\u00f3gica que se recupera em pouco tempo.<\/p>\n<p><strong>Baixo consumo e nenhum corte de energia<\/strong>, a longa dura\u00e7\u00e3o da reserva de energia, juntamente com o baixo consumo dos automatismos, garante o funcionamento tamb\u00e9m em per\u00edodos prolongados de nebulosidade.<\/p>\n<p><strong>Consumo reduzido, mais autonomia de funcionamento!<\/strong><br \/>\nMesmo nas horas noturnas ou nos per\u00edodos de nebulosidade prolongada tudo funcionar\u00e1 perfeitamente, garantindo conforto e seguran\u00e7a.<\/p>\n<p><strong>Simplicidade de utiliza\u00e7\u00e3o<\/strong><br \/>\nO alimentador auxiliar SYA! permite carregar a bateria de forma r\u00e1pida atrav\u00e9s da rede el\u00e9trica de 230Vac, como alternativa ao m\u00f3dulo fotovoltaico.<br \/>\nSinaliza\u00e7\u00e3o por LED de recarga conclu\u00edda.<\/p>\n<p><strong>Conselhos para a instala\u00e7\u00e3o<\/strong><br \/>\nSe for necess\u00e1rio instalar dois ou mais pain\u00e9is solares em paralelo, \u00e9 aconselh\u00e1vel comprar separadamente os c\u00f3digos que comp\u00f5em o sistema Solemyo para aumentar a capacidade de recarga do sistema ou utilizar um \u00fanico alimentador SYA1 para recarregar v\u00e1rias caixas de bateria PSY24.<\/p>\n<table border=\"0\" width=\"100%\" cellspacing=\"0\" cellpadding=\"0\">\n<tbody>\n<tr>\n<td width=\"15%\">\n<div align=\"center\"><strong>C\u00d3DIGO<\/strong><\/div>\n<\/td>\n<td width=\"70%\">\n<div align=\"center\"><strong>DESCRI\u00c7\u00c3O<\/strong><\/div>\n<\/td>\n<td width=\"15%\">\n<div align=\"center\"><strong>PRE\u00c7O (\u20ac)<\/strong><\/div>\n<\/td>\n<\/tr>\n<tr>\n<td>\n<div align=\"center\"><strong>SYKCE<\/strong><\/div>\n<\/td>\n<td>\n<div align=\"left\">KIT de alimenta\u00e7\u00e3o solar constitu\u00eddo pelo painel fotovoltaico SYP e pela caixa de bateria PSY24 com circuito de controlo de recarga.<\/div>\n<\/td>\n<td>\n<div align=\"center\">515,00<\/div>\n<\/td>\n<\/tr>\n<tr>\n<td>\n<div align=\"center\"><strong>SYP<\/strong><\/div>\n<\/td>\n<td>\n<div align=\"left\">Painel solar fotovoltaico para alimenta\u00e7\u00e3o de 24V com pot\u00eancia m\u00e1xima de 15W.<\/div>\n<\/td>\n<td>\n<div align=\"center\">200,00<\/div>\n<\/td>\n<\/tr>\n<tr>\n<td>\n<div align=\"center\"><strong>SYP30<\/strong><\/div>\n<\/td>\n<td>\n<div align=\"left\">Painel solar fotovoltaico para alimenta\u00e7\u00e3o de 24V com pot\u00eancia m\u00e1xima de 30W.<\/div>\n<\/td>\n<td>\n<div align=\"center\">255,00<\/div>\n<\/td>\n<\/tr>\n<tr>\n<td>\n<div align=\"center\"><strong>PSY24<\/strong><\/div>\n<\/td>\n<td>\n<div align=\"left\">Caixa da bateria 24V com circuito de controlo e pegas de transporte.<\/div>\n<\/td>\n<td>\n<div align=\"center\">325,00<\/div>\n<\/td>\n<\/tr>\n<tr>\n<td>\n<div align=\"center\"><strong>SYA1<\/strong><\/div>\n<\/td>\n<td>\n<div align=\"left\">Alimentador para a carga a partir da rede el\u00e9trica.<\/div>\n<\/td>\n<td>\n<div align=\"center\">120,00<\/div>\n<\/td>\n<\/tr>\n<\/tbody>\n<\/table>\n<p>&nbsp;<\/p>\n<table border=\"1\" width=\"100%\" cellspacing=\"0\" cellpadding=\"0\">\n<tbody>\n<tr>\n<td colspan=\"5\">\n<div align=\"center\"><strong>CARACTER\u00edSTiCAS\u00a0<\/strong><\/div>\n<\/td>\n<\/tr>\n<tr>\n<td width=\"52%\">\n<div style=\"text-align: center;\" align=\"left\"><strong>C\u00d3DIGO<\/strong><\/div>\n<\/td>\n<td width=\"12%\">\n<div align=\"center\"><strong>PSY24<\/strong><\/div>\n<\/td>\n<td width=\"12%\">\n<div align=\"center\"><strong>SYP30<\/strong><\/div>\n<\/td>\n<td width=\"12%\">\n<div align=\"center\"><strong>SYP<\/strong><\/div>\n<\/td>\n<td width=\"12%\">\n<div align=\"center\"><strong>SYA1<\/strong><\/div>\n<\/td>\n<\/tr>\n<tr>\n<td>\n<div align=\"left\">ALIMENTA\u00c7\u00c3O (Vca 50\/60 Hz)<\/div>\n<\/td>\n<td colspan=\"3\">\n<div align=\"center\">&#8211;<\/div>\n<\/td>\n<td>\n<div align=\"center\">110 a 240<\/div>\n<\/td>\n<\/tr>\n<tr>\n<td>\n<div align=\"left\">TENS\u00c3O NOMINAL (V)<\/div>\n<\/td>\n<td colspan=\"3\">\n<div align=\"center\">24<\/div>\n<\/td>\n<td>\n<div align=\"center\">&#8211;<\/div>\n<\/td>\n<\/tr>\n<tr>\n<td>\n<div align=\"left\">CORRENTE M\u00c1XIMA (A)<\/div>\n<\/td>\n<td>\n<div align=\"center\">10<\/div>\n<\/td>\n<td colspan=\"3\">\n<div align=\"center\">&#8211;<\/div>\n<\/td>\n<\/tr>\n<tr>\n<td>\n<div align=\"left\">POT\u00caNCIA DE PICO (Wp)<\/div>\n<\/td>\n<td>\n<div align=\"center\">&#8211;<\/div>\n<\/td>\n<td>\n<div align=\"center\">30<\/div>\n<\/td>\n<td>\n<div align=\"center\">15<\/div>\n<\/td>\n<td>\n<div align=\"center\">&#8211;<\/div>\n<\/td>\n<\/tr>\n<tr>\n<td>\n<div align=\"left\">POT\u00caNCIA M\u00c3XIMA (W)<\/div>\n<\/td>\n<td colspan=\"3\">\n<div align=\"center\">&#8211;<\/div>\n<\/td>\n<td>\n<div align=\"center\">60<\/div>\n<\/td>\n<\/tr>\n<tr>\n<td>\n<div align=\"left\">CAPACIDADE NOMINAL DA BATERIA (Ah)<\/div>\n<\/td>\n<td>\n<div align=\"center\">20<\/div>\n<\/td>\n<td colspan=\"3\">\n<div align=\"center\">&#8211;<\/div>\n<\/td>\n<\/tr>\n<tr>\n<td>\n<div align=\"left\">GRAU DE PROTE\u00c7\u00c3O (IP)<\/div>\n<\/td>\n<td>\n<div align=\"center\">44<\/div>\n<\/td>\n<td colspan=\"3\">\n<div align=\"center\">&#8211;<\/div>\n<\/td>\n<\/tr>\n<tr>\n<td>\n<div align=\"left\">TEMPO DE FUNCIONAMENTO (\u00baC M\u00cdN.\/M\u00c1X.)<\/div>\n<\/td>\n<td>\n<div align=\"center\">-20 a +50 *<\/div>\n<\/td>\n<td colspan=\"2\">\n<div align=\"center\">-40 a +85<\/div>\n<\/td>\n<td>\n<div align=\"center\">0 a +40<\/div>\n<\/td>\n<\/tr>\n<tr>\n<td>\n<div align=\"left\">TEMPO DE RECARGA COMPLETA (HORAS)<\/div>\n<\/td>\n<td>\n<div align=\"center\">15 **<\/div>\n<\/td>\n<td colspan=\"3\">\n<div align=\"center\"><\/div>\n<\/td>\n<\/tr>\n<tr>\n<td>\n<div align=\"left\">DIMENS\u00d5ES (mm)<\/div>\n<\/td>\n<td>\n<div align=\"center\">235x170x250 h<\/div>\n<\/td>\n<td>\n<div align=\"center\">450x25x550 h<\/div>\n<\/td>\n<td>\n<div align=\"center\">390x28x415 h<\/div>\n<\/td>\n<td>\n<div align=\"center\">132x58x30 h<\/div>\n<\/td>\n<\/tr>\n<tr>\n<td>\n<div align=\"left\">PESO (Kg)<\/div>\n<\/td>\n<td>\n<div align=\"center\">14<\/div>\n<\/td>\n<td>\n<div align=\"center\">3,5<\/div>\n<\/td>\n<td>\n<div align=\"center\">1,19<\/div>\n<\/td>\n<td>\n<div align=\"center\">0,345<\/div>\n<\/td>\n<\/tr>\n<tr>\n<td>\n<div align=\"left\">PRE\u00c7O (\u20ac)<\/div>\n<\/td>\n<td>\n<div align=\"center\">325,00<\/div>\n<\/td>\n<td>\n<div align=\"center\">255,00<\/div>\n<\/td>\n<td>\n<div align=\"center\">200,00<\/div>\n<\/td>\n<td>\n<div align=\"center\">120,00<\/div>\n<\/td>\n<\/tr>\n<\/tbody>\n<\/table>\n<p>* Dos 0 a 40\u00ba se recarregado a partir da rede el\u00e9trica com o alimentador <strong>SYA1<\/strong>.<br \/>\n** Com a utiliza\u00e7\u00e3o do alimentador a partir da rede fixa.<\/p>\n","protected":false},"excerpt":{"rendered":"<p><strong>Solemyo \u00e9 o sistema de alimenta\u00e7\u00e3o solar para sistemas de automa\u00e7\u00e3o de port\u00f5es de entrada, port\u00f5es de garagem e barreiras de controlo de acesso sem possibilidade de liga\u00e7\u00e3o \u00e0 rede el\u00e9trica.<\/strong><\/p>\n<p>O solemyo est\u00e1 dispon\u00edvel quer em kit, quer em produtos vendidos separadamente.<\/p>\n<p><strong>Para instalar em qualquer lugar<\/strong> sem fazer liga\u00e7\u00f5es e escava\u00e7\u00f5es, mesmo em lugares muito distantes ou de dif\u00edcil acesso \u00e0 rede el\u00e9trica.<\/p>\n<p><strong>O KIT CONT\u00c9M:<\/strong><\/p>\n<p>1 \u2013 Painel solar SYP para alimenta\u00e7\u00e3o a 24v.<br \/>\n1 \u2013 Caixa de bateria PSY24 com circuito de controlo.<br \/>\nCabos e conetores necess\u00e1rios para as liga\u00e7\u00e3o.<\/p>\n<p>Pre\u00e7o sem I.V.A. e sem instala\u00e7\u00e3o<\/p>\n<p><mark class=\"has-inline-color has-base-3-color\" style=\"background-color: var(--contrast);\"><strong>Nota: devido \u00e0 instabilidade dos pre\u00e7os das mercadorias, produtos sem stock podem sofrer altera\u00e7\u00f5es sem aviso pr\u00e9vio. Se n\u00e3o nos for poss\u00edvel manter o valor da compra e se j\u00e1 tiver efetuado o pagamento o valor ser\u00e1 devolvido.<br \/>\n<\/strong><\/mark><strong><span style=\"color: #fc5f3f;\">Custos de expedi\u00e7\u00e3o calculado s\u00f3 para Portugal Continental.<\/span><\/strong><\/p>\n","protected":false},"featured_media":3622,"comment_status":"open","ping_status":"closed","template":"","meta":[],"product_brand":[],"product_cat":[65,28],"product_tag":[],"class_list":{"0":"post-3620","1":"product","2":"type-product","3":"status-publish","4":"has-post-thumbnail","6":"product_cat-automatismos-para-portoes","7":"product_cat-energia-solar-fotovoltaica","8":"product_shipping_class-preco-inferior-a-30kg-em-portugal","10":"first","11":"onbackorder","12":"sale","13":"sold-individually","14":"taxable","15":"shipping-taxable","16":"purchasable","17":"product-type-simple"},"_links":{"self":[{"href":"https:\/\/cristianocarvalho.net\/WordPress\/wp-json\/wp\/v2\/product\/3620","targetHints":{"allow":["GET"]}}],"collection":[{"href":"https:\/\/cristianocarvalho.net\/WordPress\/wp-json\/wp\/v2\/product"}],"about":[{"href":"https:\/\/cristianocarvalho.net\/WordPress\/wp-json\/wp\/v2\/types\/product"}],"replies":[{"embeddable":true,"href":"https:\/\/cristianocarvalho.net\/WordPress\/wp-json\/wp\/v2\/comments?post=3620"}],"version-history":[{"count":2,"href":"https:\/\/cristianocarvalho.net\/WordPress\/wp-json\/wp\/v2\/product\/3620\/revisions"}],"predecessor-version":[{"id":4235,"href":"https:\/\/cristianocarvalho.net\/WordPress\/wp-json\/wp\/v2\/product\/3620\/revisions\/4235"}],"wp:featuredmedia":[{"embeddable":true,"href":"https:\/\/cristianocarvalho.net\/WordPress\/wp-json\/wp\/v2\/media\/3622"}],"wp:attachment":[{"href":"https:\/\/cristianocarvalho.net\/WordPress\/wp-json\/wp\/v2\/media?parent=3620"}],"wp:term":[{"taxonomy":"product_brand","embeddable":true,"href":"https:\/\/cristianocarvalho.net\/WordPress\/wp-json\/wp\/v2\/product_brand?post=3620"},{"taxonomy":"product_cat","embeddable":true,"href":"https:\/\/cristianocarvalho.net\/WordPress\/wp-json\/wp\/v2\/product_cat?post=3620"},{"taxonomy":"product_tag","embeddable":true,"href":"https:\/\/cristianocarvalho.net\/WordPress\/wp-json\/wp\/v2\/product_tag?post=3620"}],"curies":[{"name":"wp","href":"https:\/\/api.w.org\/{rel}","templated":true}]}}