{"id":3607,"date":"2021-11-12T09:02:24","date_gmt":"2021-11-12T09:02:24","guid":{"rendered":"http:\/\/cristianocarvalho.net\/WordPress\/?post_type=product&#038;p=3607"},"modified":"2021-12-18T15:45:11","modified_gmt":"2021-12-18T15:45:11","slug":"resistencia-eletrica-1-kw-sunpad","status":"publish","type":"product","link":"https:\/\/cristianocarvalho.net\/WordPress\/produto\/resistencia-eletrica-1-kw-sunpad\/","title":{"rendered":"Resist\u00eancia El\u00e9trica 1 kW SUNPAD"},"content":{"rendered":"<p><strong>Resist\u00eancia El\u00e9trica 1 kW SUNPAD<\/strong><\/p>\n<p><span style=\"color: #999999;\">Fonte:<\/span><br \/>\n<span style=\"color: #999999;\">https:\/\/www.sunpad.solar\/<\/span><\/p>\n","protected":false},"excerpt":{"rendered":"<p><strong>Resist\u00eancia El\u00e9trica 1 kW SUNPAD<\/strong><\/p>\n<p><span style=\"color: #ff0000;\"><strong>Custos de expedi\u00e7\u00e3o calculado s\u00f3 para Portugal Continental.<\/strong><\/span><\/p>\n","protected":false},"featured_media":0,"comment_status":"open","ping_status":"closed","template":"","meta":[],"product_brand":[],"product_cat":[69,66,67],"product_tag":[],"class_list":{"0":"post-3607","1":"product","2":"type-product","3":"status-publish","5":"product_cat-aqs-agua-quente","6":"product_cat-energia-solar-termica","7":"product_cat-termossifao","8":"product_shipping_class-preco-inferior-a-30kg-em-portugal","10":"first","11":"onbackorder","12":"sale","13":"taxable","14":"shipping-taxable","15":"purchasable","16":"product-type-simple"},"_links":{"self":[{"href":"https:\/\/cristianocarvalho.net\/WordPress\/wp-json\/wp\/v2\/product\/3607","targetHints":{"allow":["GET"]}}],"collection":[{"href":"https:\/\/cristianocarvalho.net\/WordPress\/wp-json\/wp\/v2\/product"}],"about":[{"href":"https:\/\/cristianocarvalho.net\/WordPress\/wp-json\/wp\/v2\/types\/product"}],"replies":[{"embeddable":true,"href":"https:\/\/cristianocarvalho.net\/WordPress\/wp-json\/wp\/v2\/comments?post=3607"}],"version-history":[{"count":1,"href":"https:\/\/cristianocarvalho.net\/WordPress\/wp-json\/wp\/v2\/product\/3607\/revisions"}],"predecessor-version":[{"id":3608,"href":"https:\/\/cristianocarvalho.net\/WordPress\/wp-json\/wp\/v2\/product\/3607\/revisions\/3608"}],"wp:attachment":[{"href":"https:\/\/cristianocarvalho.net\/WordPress\/wp-json\/wp\/v2\/media?parent=3607"}],"wp:term":[{"taxonomy":"product_brand","embeddable":true,"href":"https:\/\/cristianocarvalho.net\/WordPress\/wp-json\/wp\/v2\/product_brand?post=3607"},{"taxonomy":"product_cat","embeddable":true,"href":"https:\/\/cristianocarvalho.net\/WordPress\/wp-json\/wp\/v2\/product_cat?post=3607"},{"taxonomy":"product_tag","embeddable":true,"href":"https:\/\/cristianocarvalho.net\/WordPress\/wp-json\/wp\/v2\/product_tag?post=3607"}],"curies":[{"name":"wp","href":"https:\/\/api.w.org\/{rel}","templated":true}]}}