{"id":3603,"date":"2021-11-12T08:56:27","date_gmt":"2021-11-12T08:56:27","guid":{"rendered":"http:\/\/cristianocarvalho.net\/WordPress\/?post_type=product&#038;p=3603"},"modified":"2022-02-01T21:54:29","modified_gmt":"2022-02-01T21:54:29","slug":"estrutura-cobertura-telhado-inclinado","status":"publish","type":"product","link":"https:\/\/cristianocarvalho.net\/WordPress\/produto\/estrutura-cobertura-telhado-inclinado\/","title":{"rendered":"Estrutura Cobertura Telhado Inclinado"},"content":{"rendered":"<p><strong>Estrutura\/Suporte Telhado em A\u00e7o Inox<\/strong><\/p>\n<p><span style=\"color: #999999;\">Fonte:<\/span><br \/>\n<span style=\"color: #999999;\">https:\/\/www.sunpad.solar\/<\/span><\/p>\n","protected":false},"excerpt":{"rendered":"<p><strong>Estrutura\/Suporte Telhado em A\u00e7o Inox<\/strong><\/p>\n<p>\u2022 Inclui suporte para painel<br \/>\n\u2022 Inclui tamp\u00f5es do painel<br \/>\n\u2022 Inclui v\u00e1lvula de seguran\u00e7a\/antiretorno<\/p>\n<p><span style=\"color: #ff0000;\"><strong>Custos de expedi\u00e7\u00e3o calculado s\u00f3 para Portugal Continental.<\/strong><\/span><\/p>\n","protected":false},"featured_media":3604,"comment_status":"open","ping_status":"closed","template":"","meta":[],"product_brand":[],"product_cat":[66,67],"product_tag":[],"class_list":{"0":"post-3603","1":"product","2":"type-product","3":"status-publish","4":"has-post-thumbnail","6":"product_cat-energia-solar-termica","7":"product_cat-termossifao","8":"product_shipping_class-preco-inferior-a-30kg-em-portugal","10":"first","11":"onbackorder","12":"taxable","13":"shipping-taxable","14":"purchasable","15":"product-type-simple"},"_links":{"self":[{"href":"https:\/\/cristianocarvalho.net\/WordPress\/wp-json\/wp\/v2\/product\/3603","targetHints":{"allow":["GET"]}}],"collection":[{"href":"https:\/\/cristianocarvalho.net\/WordPress\/wp-json\/wp\/v2\/product"}],"about":[{"href":"https:\/\/cristianocarvalho.net\/WordPress\/wp-json\/wp\/v2\/types\/product"}],"replies":[{"embeddable":true,"href":"https:\/\/cristianocarvalho.net\/WordPress\/wp-json\/wp\/v2\/comments?post=3603"}],"version-history":[{"count":2,"href":"https:\/\/cristianocarvalho.net\/WordPress\/wp-json\/wp\/v2\/product\/3603\/revisions"}],"predecessor-version":[{"id":3606,"href":"https:\/\/cristianocarvalho.net\/WordPress\/wp-json\/wp\/v2\/product\/3603\/revisions\/3606"}],"wp:featuredmedia":[{"embeddable":true,"href":"https:\/\/cristianocarvalho.net\/WordPress\/wp-json\/wp\/v2\/media\/3604"}],"wp:attachment":[{"href":"https:\/\/cristianocarvalho.net\/WordPress\/wp-json\/wp\/v2\/media?parent=3603"}],"wp:term":[{"taxonomy":"product_brand","embeddable":true,"href":"https:\/\/cristianocarvalho.net\/WordPress\/wp-json\/wp\/v2\/product_brand?post=3603"},{"taxonomy":"product_cat","embeddable":true,"href":"https:\/\/cristianocarvalho.net\/WordPress\/wp-json\/wp\/v2\/product_cat?post=3603"},{"taxonomy":"product_tag","embeddable":true,"href":"https:\/\/cristianocarvalho.net\/WordPress\/wp-json\/wp\/v2\/product_tag?post=3603"}],"curies":[{"name":"wp","href":"https:\/\/api.w.org\/{rel}","templated":true}]}}