{"id":3600,"date":"2021-11-12T08:48:50","date_gmt":"2021-11-12T08:48:50","guid":{"rendered":"http:\/\/cristianocarvalho.net\/WordPress\/?post_type=product&#038;p=3600"},"modified":"2022-02-01T21:52:31","modified_gmt":"2022-02-01T21:52:31","slug":"estrutura-cobertura-plana-20o-30o-sunpad","status":"publish","type":"product","link":"https:\/\/cristianocarvalho.net\/WordPress\/produto\/estrutura-cobertura-plana-20o-30o-sunpad\/","title":{"rendered":"Estrutura Cobertura Plana 20\u00ba \/ 30\u00ba Sunpad"},"content":{"rendered":"<p><strong>Estrutura\/Suporte Cobertura Plana em A\u00e7o Galvanizado 20\u00ba-30\u00ba<\/strong><\/p>\n<p><span style=\"color: #999999;\">Fonte:<\/span><br \/>\n<span style=\"color: #999999;\">https:\/\/www.sunpad.solar\/<\/span><\/p>\n","protected":false},"excerpt":{"rendered":"<p><strong>Estrutura\/Suporte Cobertura Plana em A\u00e7o Galvanizado 20\u00ba-30\u00ba<\/strong><\/p>\n<p>\u2022 Inclui suporte para painel<br \/>\n\u2022 Inclui tamp\u00f5es do painel<br \/>\n\u2022 Inclui v\u00e1lvula de seguran\u00e7a\/antiretorno<\/p>\n<p><span style=\"color: #ff0000;\"><strong>Custos de expedi\u00e7\u00e3o calculado s\u00f3 para Portugal Continental.<\/strong><\/span><\/p>\n","protected":false},"featured_media":3601,"comment_status":"open","ping_status":"closed","template":"","meta":[],"product_brand":[],"product_cat":[66,67],"product_tag":[],"class_list":{"0":"post-3600","1":"product","2":"type-product","3":"status-publish","4":"has-post-thumbnail","6":"product_cat-energia-solar-termica","7":"product_cat-termossifao","8":"product_shipping_class-preco-inferior-a-30kg-em-portugal","10":"first","11":"onbackorder","12":"sale","13":"taxable","14":"shipping-taxable","15":"purchasable","16":"product-type-simple"},"_links":{"self":[{"href":"https:\/\/cristianocarvalho.net\/WordPress\/wp-json\/wp\/v2\/product\/3600","targetHints":{"allow":["GET"]}}],"collection":[{"href":"https:\/\/cristianocarvalho.net\/WordPress\/wp-json\/wp\/v2\/product"}],"about":[{"href":"https:\/\/cristianocarvalho.net\/WordPress\/wp-json\/wp\/v2\/types\/product"}],"replies":[{"embeddable":true,"href":"https:\/\/cristianocarvalho.net\/WordPress\/wp-json\/wp\/v2\/comments?post=3600"}],"version-history":[{"count":1,"href":"https:\/\/cristianocarvalho.net\/WordPress\/wp-json\/wp\/v2\/product\/3600\/revisions"}],"predecessor-version":[{"id":3602,"href":"https:\/\/cristianocarvalho.net\/WordPress\/wp-json\/wp\/v2\/product\/3600\/revisions\/3602"}],"wp:featuredmedia":[{"embeddable":true,"href":"https:\/\/cristianocarvalho.net\/WordPress\/wp-json\/wp\/v2\/media\/3601"}],"wp:attachment":[{"href":"https:\/\/cristianocarvalho.net\/WordPress\/wp-json\/wp\/v2\/media?parent=3600"}],"wp:term":[{"taxonomy":"product_brand","embeddable":true,"href":"https:\/\/cristianocarvalho.net\/WordPress\/wp-json\/wp\/v2\/product_brand?post=3600"},{"taxonomy":"product_cat","embeddable":true,"href":"https:\/\/cristianocarvalho.net\/WordPress\/wp-json\/wp\/v2\/product_cat?post=3600"},{"taxonomy":"product_tag","embeddable":true,"href":"https:\/\/cristianocarvalho.net\/WordPress\/wp-json\/wp\/v2\/product_tag?post=3600"}],"curies":[{"name":"wp","href":"https:\/\/api.w.org\/{rel}","templated":true}]}}