{"id":3590,"date":"2021-10-30T14:03:27","date_gmt":"2021-10-30T14:03:27","guid":{"rendered":"http:\/\/cristianocarvalho.net\/WordPress\/?post_type=product&#038;p=3590"},"modified":"2021-10-30T14:05:27","modified_gmt":"2021-10-30T14:05:27","slug":"aquecedor-de-pes-60-x-40-cinza","status":"publish","type":"product","link":"https:\/\/cristianocarvalho.net\/WordPress\/produto\/aquecedor-de-pes-60-x-40-cinza\/","title":{"rendered":"Aquecedor de p\u00e9s 60 \u00d7 40 cinza"},"content":{"rendered":"<h3><strong>Aquecedor de p\u00e9s 60 \u00d7 40 cinza 65W<\/strong><\/h3>\n<div class=\"woocommerce-product-details__short-description\">\n<ul>\n<li>Tapete aquecedor de p\u00e9s para casa ou escrit\u00f3rio.<\/li>\n<li>Para \u00e1reas internas e secas.<\/li>\n<li>Acabamento cinza tipo carpete.<\/li>\n<li>Mede 40 \u00d7 60 cm &#8211; Pot\u00eancia 75 W.<\/li>\n<li>Limitador de temperatura a 60\u00baC<\/li>\n<li>Cabo de liga\u00e7\u00e3o de 2m com interruptor.<\/li>\n<\/ul>\n<\/div>\n","protected":false},"excerpt":{"rendered":"<h3><strong>Aquecedor de p\u00e9s 60 \u00d7 40 cinza 65W<\/strong><\/h3>\n<p><strong>Pre\u00e7o sem IVA<br \/>\n<span style=\"color: #fc5f3f;\">Custos de expedi\u00e7\u00e3o calculado s\u00f3 para Portugal Continental.<\/span><\/strong><\/p>\n","protected":false},"featured_media":3591,"comment_status":"open","ping_status":"closed","template":"","meta":[],"product_brand":[],"product_cat":[50,56,48,51],"product_tag":[],"class_list":{"0":"post-3590","1":"product","2":"type-product","3":"status-publish","4":"has-post-thumbnail","6":"product_cat-ecofilm","7":"product_cat-manta-de-aquecimento","8":"product_cat-piso-radiante-eletrico","9":"product_cat-termostatos-e-acessorios","10":"product_shipping_class-preco-inferior-a-30kg-em-portugal","12":"first","13":"instock","14":"taxable","15":"shipping-taxable","16":"purchasable","17":"product-type-simple"},"_links":{"self":[{"href":"https:\/\/cristianocarvalho.net\/WordPress\/wp-json\/wp\/v2\/product\/3590","targetHints":{"allow":["GET"]}}],"collection":[{"href":"https:\/\/cristianocarvalho.net\/WordPress\/wp-json\/wp\/v2\/product"}],"about":[{"href":"https:\/\/cristianocarvalho.net\/WordPress\/wp-json\/wp\/v2\/types\/product"}],"replies":[{"embeddable":true,"href":"https:\/\/cristianocarvalho.net\/WordPress\/wp-json\/wp\/v2\/comments?post=3590"}],"version-history":[{"count":1,"href":"https:\/\/cristianocarvalho.net\/WordPress\/wp-json\/wp\/v2\/product\/3590\/revisions"}],"predecessor-version":[{"id":3592,"href":"https:\/\/cristianocarvalho.net\/WordPress\/wp-json\/wp\/v2\/product\/3590\/revisions\/3592"}],"wp:featuredmedia":[{"embeddable":true,"href":"https:\/\/cristianocarvalho.net\/WordPress\/wp-json\/wp\/v2\/media\/3591"}],"wp:attachment":[{"href":"https:\/\/cristianocarvalho.net\/WordPress\/wp-json\/wp\/v2\/media?parent=3590"}],"wp:term":[{"taxonomy":"product_brand","embeddable":true,"href":"https:\/\/cristianocarvalho.net\/WordPress\/wp-json\/wp\/v2\/product_brand?post=3590"},{"taxonomy":"product_cat","embeddable":true,"href":"https:\/\/cristianocarvalho.net\/WordPress\/wp-json\/wp\/v2\/product_cat?post=3590"},{"taxonomy":"product_tag","embeddable":true,"href":"https:\/\/cristianocarvalho.net\/WordPress\/wp-json\/wp\/v2\/product_tag?post=3590"}],"curies":[{"name":"wp","href":"https:\/\/api.w.org\/{rel}","templated":true}]}}