{"id":3533,"date":"2021-07-06T18:59:42","date_gmt":"2021-07-06T18:59:42","guid":{"rendered":"http:\/\/cristianocarvalho.net\/WordPress\/?post_type=product&#038;p=3533"},"modified":"2023-11-17T21:10:56","modified_gmt":"2023-11-17T21:10:56","slug":"nice-fotocelulas-era-epm","status":"publish","type":"product","link":"https:\/\/cristianocarvalho.net\/WordPress\/produto\/nice-fotocelulas-era-epm\/","title":{"rendered":"Nice Fotoc\u00e9lulas ERA EPM"},"content":{"rendered":"<h4><strong>Fotoc\u00e9lulas sincronizadas, fixas ou ajust\u00e1veis com tecnologia de ponta<\/strong><\/h4>\n<p>Dispositivo seguro que permite detetar obst\u00e1culos presentes no eixo \u00f3ptico entre o transmissor e o recetor. Devido ao \u00e2ngulo de rece\u00e7\u00e3o de 10\u00ba as vers\u00f5es ajust\u00e1veis permitem compensar diferen\u00e7as de centragem de at\u00e9 30\u00ba. Revestimento resistente e sistema antirreflexo que elimina poss\u00edveis interfer\u00eancias da luz solar. Todos os modelos permitem uma liga\u00e7\u00e3o f\u00e1cil com a unidade de controle.<\/p>\n<table>\n<tbody>\n<tr>\n<td>Fotoc\u00e9lulas<\/td>\n<td>ERA EPM<\/td>\n<td><\/td>\n<\/tr>\n<tr>\n<td>Alimenta\u00e7\u00e3o<\/td>\n<td>12Vcc<\/td>\n<td><\/td>\n<\/tr>\n<tr>\n<td>Corrente de Consumo (TX \u2013 RX)<\/td>\n<td>40mA<\/td>\n<td><\/td>\n<\/tr>\n<tr>\n<td>Dist\u00e2ncia M\u00e1xima entre M\u00f3dulos (TX \u2013 RX)<\/td>\n<td>At\u00e9 20m<\/td>\n<td><\/td>\n<\/tr>\n<tr>\n<td>Interfer\u00eancia pela luz ambiente<\/td>\n<td>10.000 Lux<\/td>\n<td><\/td>\n<\/tr>\n<tr>\n<td>Grade de Prote\u00e7\u00e3o da Cabine<\/td>\n<td>IP 44<\/td>\n<td><\/td>\n<\/tr>\n<tr>\n<td>Tipo de sa\u00edda<\/td>\n<td>Coletor Aberto (NO\/NC)<\/td>\n<\/tr>\n<\/tbody>\n<\/table>\n<p><strong>N. B.<\/strong> O conte\u00fado da embalagem pode variar: consultar o vendedor.<\/p>\n","protected":false},"excerpt":{"rendered":"<p>A fotoc\u00e9lula transmissora-recetora de seguran\u00e7a EPM NICE, \u00e9 um dos elementos de seguran\u00e7a mais utilizados em portas de garagem,\u00a0 <strong>recomenda-se a sua instala\u00e7\u00e3o em todas as portas automatizadas, sejam pedonais ou garagens.<br \/>\n<\/strong><strong>Revestimento resistente e sistema antirreflexo que elimina poss\u00edveis interfer\u00eancias da luz solar.<\/strong><\/p>\n<p>Pre\u00e7o sem I.V.A. e sem instala\u00e7\u00e3o<\/p>\n<p><mark class=\"has-inline-color has-base-3-color\" style=\"background-color: var(--contrast);\"><strong>Nota: devido \u00e0 instabilidade dos pre\u00e7os das mercadorias, produtos sem stock podem sofrer altera\u00e7\u00f5es sem aviso pr\u00e9vio. Se n\u00e3o nos for poss\u00edvel manter o valor da compra e se j\u00e1 tiver efetuado o pagamento o valor ser\u00e1 devolvido.<br \/>\n<\/strong><\/mark><strong><span style=\"color: #fc5f3f;\">Custos de expedi\u00e7\u00e3o calculado s\u00f3 para Portugal Continental.<\/span><\/strong><\/p>\n","protected":false},"featured_media":3534,"comment_status":"open","ping_status":"closed","template":"","meta":[],"product_brand":[],"product_cat":[65],"product_tag":[],"class_list":{"0":"post-3533","1":"product","2":"type-product","3":"status-publish","4":"has-post-thumbnail","6":"product_cat-automatismos-para-portoes","7":"product_shipping_class-preco-inferior-a-30kg-em-portugal","9":"first","10":"onbackorder","11":"sale","12":"taxable","13":"shipping-taxable","14":"purchasable","15":"product-type-simple"},"_links":{"self":[{"href":"https:\/\/cristianocarvalho.net\/WordPress\/wp-json\/wp\/v2\/product\/3533","targetHints":{"allow":["GET"]}}],"collection":[{"href":"https:\/\/cristianocarvalho.net\/WordPress\/wp-json\/wp\/v2\/product"}],"about":[{"href":"https:\/\/cristianocarvalho.net\/WordPress\/wp-json\/wp\/v2\/types\/product"}],"replies":[{"embeddable":true,"href":"https:\/\/cristianocarvalho.net\/WordPress\/wp-json\/wp\/v2\/comments?post=3533"}],"version-history":[{"count":5,"href":"https:\/\/cristianocarvalho.net\/WordPress\/wp-json\/wp\/v2\/product\/3533\/revisions"}],"predecessor-version":[{"id":4236,"href":"https:\/\/cristianocarvalho.net\/WordPress\/wp-json\/wp\/v2\/product\/3533\/revisions\/4236"}],"wp:featuredmedia":[{"embeddable":true,"href":"https:\/\/cristianocarvalho.net\/WordPress\/wp-json\/wp\/v2\/media\/3534"}],"wp:attachment":[{"href":"https:\/\/cristianocarvalho.net\/WordPress\/wp-json\/wp\/v2\/media?parent=3533"}],"wp:term":[{"taxonomy":"product_brand","embeddable":true,"href":"https:\/\/cristianocarvalho.net\/WordPress\/wp-json\/wp\/v2\/product_brand?post=3533"},{"taxonomy":"product_cat","embeddable":true,"href":"https:\/\/cristianocarvalho.net\/WordPress\/wp-json\/wp\/v2\/product_cat?post=3533"},{"taxonomy":"product_tag","embeddable":true,"href":"https:\/\/cristianocarvalho.net\/WordPress\/wp-json\/wp\/v2\/product_tag?post=3533"}],"curies":[{"name":"wp","href":"https:\/\/api.w.org\/{rel}","templated":true}]}}