{"id":3496,"date":"2021-03-30T20:42:39","date_gmt":"2021-03-30T20:42:39","guid":{"rendered":"http:\/\/cristianocarvalho.net\/WordPress\/?post_type=product&#038;p=3496"},"modified":"2023-07-23T12:37:56","modified_gmt":"2023-07-23T12:37:56","slug":"nice-wingokit-2024-wingo2024kce","status":"publish","type":"product","link":"https:\/\/cristianocarvalho.net\/WordPress\/produto\/nice-wingokit-2024-wingo2024kce\/","title":{"rendered":"Nice WingoKIT 2024 &#8211; WINGO2024KCE"},"content":{"rendered":"<h2><strong>KIT Para a automa\u00e7\u00e3o de port\u00f5es de batente com folhas at\u00e9 2m, 24Vdc montagem exterior.<\/strong><\/h2>\n<p>Motor eletromec\u00e2nico de 24Vdc.<\/p>\n<p><strong>Fiabilidade e funcionamento silencioso:<\/strong> disposi\u00e7\u00e3o dos componentes internos patenteada, redu\u00e7\u00e3o das partes m\u00f3veis.<\/p>\n<p><strong>Facilidade de instala\u00e7\u00e3o:<\/strong> liga\u00e7\u00f5es el\u00e9tricas pela parte superior, ap\u00f3s a montagem do motor.<\/p>\n<p><strong>Pr\u00e1tico de desbloquear<\/strong> com chave personalizada Nice e fechadura padr\u00e3o (de s\u00e9rie).<\/p>\n<p><strong>Fins de curso mec\u00e2nicos<\/strong> na abertura pr\u00e9-montados.<\/p>\n<p><strong>Central de comando Moonclever MC424L<br \/>\n<\/strong><\/p>\n<ul>\n<li>Programa\u00e7\u00e3o f\u00e1cil.<\/li>\n<li>embraiagem com dispositivo de seguran\u00e7a antiesmagamento.<\/li>\n<li>Memoriza\u00e7\u00e3o dos fins de curso na abertura e fecho com autoaprendizagem.<\/li>\n<li>Programa\u00e7\u00e3o do tempo de pausa.<\/li>\n<li>Folha de passagem para pe\u00f5es.<\/li>\n<li>Desacelera\u00e7\u00e3o na abertura e fecho.<\/li>\n<li>Funcionamento, na falta de energia com baterias opcional (<strong><a href=\"https:\/\/mlibb0mwkwo9.i.optimole.com\/cb:62NB.5857\/w:auto\/h:auto\/q:mauto\/f:best\/https:\/\/cristianocarvalho.net\/WordPress\/wp-content\/uploads\/2021\/06\/PowerSupply-PS124.png\" target=\"_blank\" rel=\"noopener\">PS124<\/a><\/strong>) montadas dentro da central.<\/li>\n<\/ul>\n<p>&nbsp;<\/p>\n<table border=\"1\" width=\"100%\" cellspacing=\"0\" cellpadding=\"0\" align=\"center\">\n<tbody>\n<tr>\n<td colspan=\"2\">\n<div align=\"center\"><strong>CARACTER\u00cdSTICAS T\u00c9CNICAS<\/strong><\/div>\n<\/td>\n<\/tr>\n<tr>\n<td width=\"66%\">\n<div align=\"left\">C\u00d3DIGO<\/div>\n<\/td>\n<td width=\"34%\">\n<div align=\"center\">WG2024<\/div>\n<\/td>\n<\/tr>\n<tr>\n<td colspan=\"2\">\n<div align=\"center\"><strong>DADOS EL\u00c9TRICOS<\/strong><\/div>\n<\/td>\n<\/tr>\n<tr>\n<td>\n<div align=\"left\">ALIMENTA\u00c7\u00c3O (Vac 50 Hz)*<\/div>\n<\/td>\n<td>\n<div align=\"center\">24<\/div>\n<\/td>\n<\/tr>\n<tr>\n<td>\n<div align=\"left\">CONSUMO (A)<\/div>\n<\/td>\n<td>\n<div align=\"center\"><\/div>\n<\/td>\n<\/tr>\n<tr>\n<td>\n<div align=\"left\">POT\u00caNCIA (W)<\/div>\n<\/td>\n<td>\n<div align=\"center\"><\/div>\n<\/td>\n<\/tr>\n<tr>\n<td colspan=\"2\">\n<div align=\"center\"><strong>DADOS DE DESEMPENHO<\/strong><\/div>\n<\/td>\n<\/tr>\n<tr>\n<td>\n<div align=\"left\">VELOCIDADE (m\/s)<\/div>\n<\/td>\n<td>\n<div align=\"center\"><\/div>\n<\/td>\n<\/tr>\n<tr>\n<td>\n<div align=\"left\">FOR\u00c7A (N)<\/div>\n<\/td>\n<td>\n<div align=\"center\"><\/div>\n<\/td>\n<\/tr>\n<tr>\n<td>\n<div align=\"left\">CICLO DE TRABALHO (CICLOS\/HORA)<\/div>\n<\/td>\n<td>\n<div align=\"center\"><\/div>\n<\/td>\n<\/tr>\n<tr>\n<td colspan=\"2\">\n<div align=\"center\"><strong>DADOS DIMENSIONAIS E GEN\u00c9RICOS<\/strong><\/div>\n<\/td>\n<\/tr>\n<tr>\n<td>\n<div align=\"left\">GRAU DE PROTE\u00c7\u00c3O (IP)<\/div>\n<\/td>\n<td>\n<div align=\"center\">44<\/div>\n<\/td>\n<\/tr>\n<tr>\n<td>\n<div align=\"left\">TEMPERATURA DE FUNCIONAMENTO (\u00baC M\u00cdN.\/MAX.)<\/div>\n<\/td>\n<td>\n<div align=\"center\">-20 a +50<\/div>\n<\/td>\n<\/tr>\n<tr>\n<td>\n<div align=\"left\">DIMENS\u00d5ES (mm)<\/div>\n<\/td>\n<td>\n<div align=\"center\"><\/div>\n<\/td>\n<\/tr>\n<tr>\n<td>\n<div align=\"left\">PESO (Kg)<\/div>\n<\/td>\n<td>\n<div align=\"center\"><\/div>\n<\/td>\n<\/tr>\n<\/tbody>\n<\/table>\n<p><strong>N. B.<\/strong> O conte\u00fado da embalagem pode variar: consultar o vendedor.<\/p>\n","protected":false},"excerpt":{"rendered":"<p><strong>O KIT CONT\u00c9M:<\/strong><\/p>\n<p>2 &#8211; Motores <strong>WG2024<\/strong>.<br \/>\n2 &#8211; Transmissores <strong>FLO2RE<\/strong> 433,92 MHz.<br \/>\n1 &#8211; 1 central<br \/>\n1 &#8211; Par de fotoc\u00e9lulas <strong>EPM <\/strong>montagem saliente.<br \/>\n1 &#8211; Tabela sinal\u00e9tica <strong>TS<\/strong>.<\/p>\n<p>Pre\u00e7o sem I.V.A. e sem instala\u00e7\u00e3o<\/p>\n<p><mark class=\"has-inline-color has-base-3-color\" style=\"background-color: var(--contrast);\"><strong>Nota: devido \u00e0 instabilidade dos pre\u00e7os das mercadorias, produtos sem stock podem sofrer altera\u00e7\u00f5es sem aviso pr\u00e9vio. Se n\u00e3o nos for poss\u00edvel manter o valor da compra e se j\u00e1 tiver efetuado o pagamento o valor ser\u00e1 devolvido.<br \/>\n<\/strong><\/mark><strong><span style=\"color: #fc5f3f;\">Custos de expedi\u00e7\u00e3o calculado s\u00f3 para Portugal Continental.<\/span><\/strong><\/p>\n","protected":false},"featured_media":3694,"comment_status":"open","ping_status":"closed","template":"","meta":[],"product_brand":[],"product_cat":[65],"product_tag":[],"class_list":{"0":"post-3496","1":"product","2":"type-product","3":"status-publish","4":"has-post-thumbnail","6":"product_cat-automatismos-para-portoes","7":"product_shipping_class-preco-inferior-a-30kg-em-portugal","9":"first","10":"onbackorder","11":"sale","12":"taxable","13":"shipping-taxable","14":"purchasable","15":"product-type-simple"},"_links":{"self":[{"href":"https:\/\/cristianocarvalho.net\/WordPress\/wp-json\/wp\/v2\/product\/3496","targetHints":{"allow":["GET"]}}],"collection":[{"href":"https:\/\/cristianocarvalho.net\/WordPress\/wp-json\/wp\/v2\/product"}],"about":[{"href":"https:\/\/cristianocarvalho.net\/WordPress\/wp-json\/wp\/v2\/types\/product"}],"replies":[{"embeddable":true,"href":"https:\/\/cristianocarvalho.net\/WordPress\/wp-json\/wp\/v2\/comments?post=3496"}],"version-history":[{"count":7,"href":"https:\/\/cristianocarvalho.net\/WordPress\/wp-json\/wp\/v2\/product\/3496\/revisions"}],"predecessor-version":[{"id":4242,"href":"https:\/\/cristianocarvalho.net\/WordPress\/wp-json\/wp\/v2\/product\/3496\/revisions\/4242"}],"wp:featuredmedia":[{"embeddable":true,"href":"https:\/\/cristianocarvalho.net\/WordPress\/wp-json\/wp\/v2\/media\/3694"}],"wp:attachment":[{"href":"https:\/\/cristianocarvalho.net\/WordPress\/wp-json\/wp\/v2\/media?parent=3496"}],"wp:term":[{"taxonomy":"product_brand","embeddable":true,"href":"https:\/\/cristianocarvalho.net\/WordPress\/wp-json\/wp\/v2\/product_brand?post=3496"},{"taxonomy":"product_cat","embeddable":true,"href":"https:\/\/cristianocarvalho.net\/WordPress\/wp-json\/wp\/v2\/product_cat?post=3496"},{"taxonomy":"product_tag","embeddable":true,"href":"https:\/\/cristianocarvalho.net\/WordPress\/wp-json\/wp\/v2\/product_tag?post=3496"}],"curies":[{"name":"wp","href":"https:\/\/api.w.org\/{rel}","templated":true}]}}