{"id":3490,"date":"2021-03-30T20:13:45","date_gmt":"2021-03-30T20:13:45","guid":{"rendered":"http:\/\/cristianocarvalho.net\/WordPress\/?post_type=product&#038;p=3490"},"modified":"2025-11-28T09:07:31","modified_gmt":"2025-11-28T09:07:31","slug":"nice-roadkit-rdkcer10","status":"publish","type":"product","link":"https:\/\/cristianocarvalho.net\/WordPress\/produto\/nice-roadkit-rdkcer10\/","title":{"rendered":"Nice RoadKIT \u2013 RDKCER10"},"content":{"rendered":"<p><strong>Pr\u00e1tico:<\/strong> Central de comando incorporada, extra\u00edvel atrav\u00e9s de um pr\u00e1tico conetor de engate com guias, recetor de r\u00e1dio integrado tamb\u00e9m compat\u00edvel com a s\u00e9rie Flo e Smilo, permite at\u00e9 150 c\u00f3digos memoriz\u00e1veis<\/p>\n<p><strong>Avan\u00e7ado:<\/strong> possibilidade de regula\u00e7\u00e3o de velocidade, da for\u00e7a e do tempo de pausa.<\/p>\n<p><strong>Inteligente:<\/strong> gra\u00e7as \u00e0 dete\u00e7\u00e3o de obst\u00e1culos e \u00e0 programa\u00e7\u00e3o autom\u00e1tica dos tempos de trabalho. Autodiagn\u00f3stico com sinaliza\u00e7\u00e3o atrav\u00e9s do pirilampo. 8 n\u00edveis de programa\u00e7\u00e3o.<\/p>\n<p><strong>Pr\u00e1tico e fi\u00e1vel:<\/strong> central de comando e baterias tamp\u00e3o PS124 (opcionais), alojadas no interior do Road, pass\u00edveis de serem ligadas por meio de um pr\u00e1tico conector de engate.<\/p>\n<p>Pre\u00e7o sem I.V.A. e sem instala\u00e7\u00e3o<strong>\u00a0<\/strong><\/p>\n<table border=\"1\" width=\"100%\" cellspacing=\"0\" cellpadding=\"0\" align=\"center\">\n<tbody>\n<tr>\n<td colspan=\"2\">\n<div align=\"center\"><strong>CARACTER\u00cdSTICAS T\u00c9CNICAS<\/strong><\/div>\n<\/td>\n<\/tr>\n<tr>\n<td width=\"66%\">\n<div align=\"left\">C\u00d3DIGO<\/div>\n<\/td>\n<td width=\"34%\">\n<div align=\"center\">RD400<\/div>\n<\/td>\n<\/tr>\n<tr>\n<td colspan=\"2\">\n<div align=\"center\"><strong>DADOS EL\u00c9TRICOS<\/strong><\/div>\n<\/td>\n<\/tr>\n<tr>\n<td>\n<div align=\"left\">ALIMENTA\u00c7\u00c3O (Vac 50 Hz)*<\/div>\n<\/td>\n<td>\n<div align=\"center\">230<\/div>\n<\/td>\n<\/tr>\n<tr>\n<td>\n<div align=\"left\">CONSUMO (A)<\/div>\n<\/td>\n<td>\n<div align=\"center\">1,1<\/div>\n<\/td>\n<\/tr>\n<tr>\n<td>\n<div align=\"left\">POT\u00caNCIA (W)<\/div>\n<\/td>\n<td>\n<div align=\"center\">210<\/div>\n<\/td>\n<\/tr>\n<tr>\n<td colspan=\"2\">\n<div align=\"center\"><strong>DADOS DE DESEMPENHO<\/strong><\/div>\n<\/td>\n<\/tr>\n<tr>\n<td>\n<div align=\"left\">VELOCIDADE (m\/s)<\/div>\n<\/td>\n<td>\n<div align=\"center\">0,25<\/div>\n<\/td>\n<\/tr>\n<tr>\n<td>\n<div align=\"left\">FOR\u00c7A (N)<\/div>\n<\/td>\n<td>\n<div align=\"center\">400<\/div>\n<\/td>\n<\/tr>\n<tr>\n<td>\n<div align=\"left\">CICLO DE TRABALHO (CICLOS\/HORA)<\/div>\n<\/td>\n<td>\n<div align=\"center\">20<\/div>\n<\/td>\n<\/tr>\n<tr>\n<td colspan=\"2\">\n<div align=\"center\"><strong>DADOS DIMENSIONAIS E GEN\u00c9RICOS<\/strong><\/div>\n<\/td>\n<\/tr>\n<tr>\n<td>\n<div align=\"left\">GRAU DE PROTE\u00c7\u00c3O (IP)<\/div>\n<\/td>\n<td>\n<div align=\"center\">44<\/div>\n<\/td>\n<\/tr>\n<tr>\n<td>\n<div align=\"left\">TEMPERATURA DE FUNCIONAMENTO (\u00baC M\u00cdN.\/MAX.)<\/div>\n<\/td>\n<td>\n<div align=\"center\">-20 a +50<\/div>\n<\/td>\n<\/tr>\n<tr>\n<td>\n<div align=\"left\">DIMENS\u00d5ES (mm)<\/div>\n<\/td>\n<td>\n<div align=\"center\">330x195x277<\/div>\n<\/td>\n<\/tr>\n<tr>\n<td>\n<div align=\"left\">PESO (Kg)<\/div>\n<\/td>\n<td>\n<div align=\"center\">8<\/div>\n<\/td>\n<\/tr>\n<\/tbody>\n<\/table>\n<p><strong>N. B.<\/strong> O conte\u00fado da embalagem pode variar: consultar o vendedor.<\/p>\n","protected":false},"excerpt":{"rendered":"<p><strong>O KIT CONT\u00c9M:<\/strong><\/p>\n<p>1 \u2013 Motor\u00a0<strong>RD400<\/strong>.<br \/>\n2 \u2013 Transmissores <strong>FLO2RE<\/strong>\u00a0433,92 MHz.<br \/>\n1 \u2013 Par de fotoc\u00e9lulas\u00a0<strong>EPM\u00a0<\/strong>montagem saliente.<br \/>\n1 \u2013 Pirilampo\u00a0<strong>ELB<\/strong>\u00a0com antena integrada.<br \/>\n1 \u2013 Tabela sinal\u00e9tica\u00a0<strong>TS<\/strong>.<\/p>\n<p>Pre\u00e7o sem I.V.A. e sem instala\u00e7\u00e3o, atualizado a 25-11-2025<\/p>\n<p><mark class=\"has-inline-color has-base-3-color\" style=\"background-color: var(--contrast);\"><strong>Nota: devido \u00e0 instabilidade dos pre\u00e7os das mercadorias, produtos sem stock podem sofrer altera\u00e7\u00f5es sem aviso pr\u00e9vio. Se n\u00e3o nos for poss\u00edvel manter o valor da compra e se j\u00e1 tiver efetuado o pagamento o valor ser\u00e1 devolvido.<br \/>\n<\/strong><\/mark><strong><span style=\"color: #fc5f3f;\">Custos de expedi\u00e7\u00e3o calculado s\u00f3 para Portugal Continental.<\/span><\/strong><\/p>\n","protected":false},"featured_media":3683,"comment_status":"open","ping_status":"closed","template":"","meta":[],"product_brand":[],"product_cat":[65],"product_tag":[],"class_list":{"0":"post-3490","1":"product","2":"type-product","3":"status-publish","4":"has-post-thumbnail","6":"product_cat-automatismos-para-portoes","7":"product_shipping_class-preco-inferior-a-30kg-em-portugal","9":"first","10":"instock","11":"sale","12":"sold-individually","13":"taxable","14":"shipping-taxable","15":"purchasable","16":"product-type-simple"},"_links":{"self":[{"href":"https:\/\/cristianocarvalho.net\/WordPress\/wp-json\/wp\/v2\/product\/3490","targetHints":{"allow":["GET"]}}],"collection":[{"href":"https:\/\/cristianocarvalho.net\/WordPress\/wp-json\/wp\/v2\/product"}],"about":[{"href":"https:\/\/cristianocarvalho.net\/WordPress\/wp-json\/wp\/v2\/types\/product"}],"replies":[{"embeddable":true,"href":"https:\/\/cristianocarvalho.net\/WordPress\/wp-json\/wp\/v2\/comments?post=3490"}],"version-history":[{"count":7,"href":"https:\/\/cristianocarvalho.net\/WordPress\/wp-json\/wp\/v2\/product\/3490\/revisions"}],"predecessor-version":[{"id":4399,"href":"https:\/\/cristianocarvalho.net\/WordPress\/wp-json\/wp\/v2\/product\/3490\/revisions\/4399"}],"wp:featuredmedia":[{"embeddable":true,"href":"https:\/\/cristianocarvalho.net\/WordPress\/wp-json\/wp\/v2\/media\/3683"}],"wp:attachment":[{"href":"https:\/\/cristianocarvalho.net\/WordPress\/wp-json\/wp\/v2\/media?parent=3490"}],"wp:term":[{"taxonomy":"product_brand","embeddable":true,"href":"https:\/\/cristianocarvalho.net\/WordPress\/wp-json\/wp\/v2\/product_brand?post=3490"},{"taxonomy":"product_cat","embeddable":true,"href":"https:\/\/cristianocarvalho.net\/WordPress\/wp-json\/wp\/v2\/product_cat?post=3490"},{"taxonomy":"product_tag","embeddable":true,"href":"https:\/\/cristianocarvalho.net\/WordPress\/wp-json\/wp\/v2\/product_tag?post=3490"}],"curies":[{"name":"wp","href":"https:\/\/api.w.org\/{rel}","templated":true}]}}