{"id":3442,"date":"2020-10-31T15:37:47","date_gmt":"2020-10-31T15:37:47","guid":{"rendered":"http:\/\/cristianocarvalho.net\/WordPress\/?post_type=product&#038;p=3442"},"modified":"2020-10-31T15:46:53","modified_gmt":"2020-10-31T15:46:53","slug":"aquecedor-de-terraco-de-painel-radiante-th1500","status":"publish","type":"product","link":"https:\/\/cristianocarvalho.net\/WordPress\/produto\/aquecedor-de-terraco-de-painel-radiante-th1500\/","title":{"rendered":"Aquecedor de terra\u00e7o de painel radiante TH1500"},"content":{"rendered":"<p><strong>Aquecedor de terra\u00e7o de painel radiante TH1500<\/strong><\/p>\n<div class=\"woocommerce-product-details__short-description\">\n<ul>\n<li>Painel radiante para aquecimento de \u00e1reas em terra\u00e7os, tendas, igrejas, etc\u2026.<\/li>\n<li>Instala\u00e7\u00e3o a partir de 2 m de altura em interiores.<\/li>\n<li>Dispon\u00edvel com 2 comprimentos e pot\u00eancias (1.000 W e 1.500 W).<\/li>\n<li>Dimens\u00f5es: 1080\/1580 x 140 x 45 mm<\/li>\n<li>Classe I &#8211; IP 45 &#8211; cabo de conex\u00e3o de 2 m com plugue<\/li>\n<li>Inclui um sistema de dobradi\u00e7a basculante para ajustar o \u00e2ngulo de foco.<\/li>\n<\/ul>\n<\/div>\n","protected":false},"excerpt":{"rendered":"<p><strong>Aquecedor de terra\u00e7o de painel radiante TH1500<\/strong><\/p>\n<p><strong>Pre\u00e7o sem IVA<br \/>\n<span style=\"color: #fc5f3f;\">Custos de expedi\u00e7\u00e3o calculado s\u00f3 para Portugal Continental.<\/span><\/strong><\/p>\n","protected":false},"featured_media":3440,"comment_status":"open","ping_status":"closed","template":"","meta":[],"product_brand":[],"product_cat":[60,63],"product_tag":[64],"class_list":{"0":"post-3442","1":"product","2":"type-product","3":"status-publish","4":"has-post-thumbnail","6":"product_cat-painel-radiante","7":"product_cat-terraco","8":"product_tag-terraco","9":"product_shipping_class-preco-inferior-a-30kg-em-portugal","11":"first","12":"onbackorder","13":"taxable","14":"shipping-taxable","15":"purchasable","16":"product-type-simple"},"_links":{"self":[{"href":"https:\/\/cristianocarvalho.net\/WordPress\/wp-json\/wp\/v2\/product\/3442","targetHints":{"allow":["GET"]}}],"collection":[{"href":"https:\/\/cristianocarvalho.net\/WordPress\/wp-json\/wp\/v2\/product"}],"about":[{"href":"https:\/\/cristianocarvalho.net\/WordPress\/wp-json\/wp\/v2\/types\/product"}],"replies":[{"embeddable":true,"href":"https:\/\/cristianocarvalho.net\/WordPress\/wp-json\/wp\/v2\/comments?post=3442"}],"version-history":[{"count":1,"href":"https:\/\/cristianocarvalho.net\/WordPress\/wp-json\/wp\/v2\/product\/3442\/revisions"}],"predecessor-version":[{"id":3443,"href":"https:\/\/cristianocarvalho.net\/WordPress\/wp-json\/wp\/v2\/product\/3442\/revisions\/3443"}],"wp:featuredmedia":[{"embeddable":true,"href":"https:\/\/cristianocarvalho.net\/WordPress\/wp-json\/wp\/v2\/media\/3440"}],"wp:attachment":[{"href":"https:\/\/cristianocarvalho.net\/WordPress\/wp-json\/wp\/v2\/media?parent=3442"}],"wp:term":[{"taxonomy":"product_brand","embeddable":true,"href":"https:\/\/cristianocarvalho.net\/WordPress\/wp-json\/wp\/v2\/product_brand?post=3442"},{"taxonomy":"product_cat","embeddable":true,"href":"https:\/\/cristianocarvalho.net\/WordPress\/wp-json\/wp\/v2\/product_cat?post=3442"},{"taxonomy":"product_tag","embeddable":true,"href":"https:\/\/cristianocarvalho.net\/WordPress\/wp-json\/wp\/v2\/product_tag?post=3442"}],"curies":[{"name":"wp","href":"https:\/\/api.w.org\/{rel}","templated":true}]}}