{"id":3433,"date":"2020-10-31T15:12:36","date_gmt":"2020-10-31T15:12:36","guid":{"rendered":"http:\/\/cristianocarvalho.net\/WordPress\/?post_type=product&#038;p=3433"},"modified":"2020-10-31T15:15:29","modified_gmt":"2020-10-31T15:15:29","slug":"painel-radiante-ch600-para-bancos-de-igreja-copia","status":"publish","type":"product","link":"https:\/\/cristianocarvalho.net\/WordPress\/produto\/painel-radiante-ch600-para-bancos-de-igreja-copia\/","title":{"rendered":"Painel radiante CH600 para bancos de igreja"},"content":{"rendered":"<p><strong>Painel radiante CH600 para bancos de igreja <\/strong><\/p>\n<div class=\"woocommerce-product-details__short-description\">\n<ul>\n<li>Painel radiante para aquecer a \u00e1rea no local de culto.<\/li>\n<li>Painel de baixa pot\u00eancia para instala\u00e7\u00e3o sob bancadas.<\/li>\n<li>Possui uma grade de prote\u00e7\u00e3o para evitar o contato direto com a superf\u00edcie quente.<\/li>\n<li>Dispon\u00edvel em 3 comprimentos e pot\u00eancias (260 W, 400 W e 600 W).<\/li>\n<li>Dimens\u00f5es: 730\/1096\/1596 x 155 x 115 mm<\/li>\n<li>Classe I &#8211; IP 44 &#8211; cabo de conex\u00e3o de 2 m<\/li>\n<li>Inclui sistema de fixa\u00e7\u00e3o.<\/li>\n<\/ul>\n<p>&nbsp;<\/p>\n<\/div>\n","protected":false},"excerpt":{"rendered":"<p><strong>Painel radiante CH600 para bancos de igreja<\/strong><\/p>\n<p><strong>Pre\u00e7o sem IVA<br \/>\n<span style=\"color: #fc5f3f;\">Custos de expedi\u00e7\u00e3o calculado s\u00f3 para Portugal Continental.<\/span><\/strong><\/p>\n","protected":false},"featured_media":3429,"comment_status":"open","ping_status":"closed","template":"","meta":[],"product_brand":[],"product_cat":[62,60],"product_tag":[],"class_list":{"0":"post-3433","1":"product","2":"type-product","3":"status-publish","4":"has-post-thumbnail","6":"product_cat-igrejas","7":"product_cat-painel-radiante","8":"product_shipping_class-preco-inferior-a-30kg-em-portugal","10":"first","11":"onbackorder","12":"taxable","13":"shipping-taxable","14":"purchasable","15":"product-type-simple"},"_links":{"self":[{"href":"https:\/\/cristianocarvalho.net\/WordPress\/wp-json\/wp\/v2\/product\/3433","targetHints":{"allow":["GET"]}}],"collection":[{"href":"https:\/\/cristianocarvalho.net\/WordPress\/wp-json\/wp\/v2\/product"}],"about":[{"href":"https:\/\/cristianocarvalho.net\/WordPress\/wp-json\/wp\/v2\/types\/product"}],"replies":[{"embeddable":true,"href":"https:\/\/cristianocarvalho.net\/WordPress\/wp-json\/wp\/v2\/comments?post=3433"}],"version-history":[{"count":1,"href":"https:\/\/cristianocarvalho.net\/WordPress\/wp-json\/wp\/v2\/product\/3433\/revisions"}],"predecessor-version":[{"id":3434,"href":"https:\/\/cristianocarvalho.net\/WordPress\/wp-json\/wp\/v2\/product\/3433\/revisions\/3434"}],"wp:featuredmedia":[{"embeddable":true,"href":"https:\/\/cristianocarvalho.net\/WordPress\/wp-json\/wp\/v2\/media\/3429"}],"wp:attachment":[{"href":"https:\/\/cristianocarvalho.net\/WordPress\/wp-json\/wp\/v2\/media?parent=3433"}],"wp:term":[{"taxonomy":"product_brand","embeddable":true,"href":"https:\/\/cristianocarvalho.net\/WordPress\/wp-json\/wp\/v2\/product_brand?post=3433"},{"taxonomy":"product_cat","embeddable":true,"href":"https:\/\/cristianocarvalho.net\/WordPress\/wp-json\/wp\/v2\/product_cat?post=3433"},{"taxonomy":"product_tag","embeddable":true,"href":"https:\/\/cristianocarvalho.net\/WordPress\/wp-json\/wp\/v2\/product_tag?post=3433"}],"curies":[{"name":"wp","href":"https:\/\/api.w.org\/{rel}","templated":true}]}}