{"id":3387,"date":"2020-07-06T07:45:35","date_gmt":"2020-07-06T07:45:35","guid":{"rendered":"http:\/\/cristianocarvalho.net\/WordPress\/?post_type=product&#038;p=3387"},"modified":"2021-12-24T09:10:47","modified_gmt":"2021-12-24T09:10:47","slug":"miltiplas-tomadas-inteligente-nvs-pwstripf-w","status":"publish","type":"product","link":"https:\/\/cristianocarvalho.net\/WordPress\/produto\/miltiplas-tomadas-inteligente-nvs-pwstripf-w\/","title":{"rendered":"M\u00edltiplas tomadas inteligente &#8211; NVS-PWSTRIPF-W"},"content":{"rendered":"<p><a href=\"https:\/\/play.google.com\/store\/apps\/details?id=com.tuya.smart&amp;hl=pt_PT\" target=\"_blank\" rel=\"noopener noreferrer\" data-wp-editing=\"1\"><img data-opt-id=216246474  fetchpriority=\"high\" decoding=\"async\" class=\"alignnone wp-image-1640\" src=\"https:\/\/mlibb0mwkwo9.i.optimole.com\/cb:62NB.5857\/w:auto\/h:auto\/q:mauto\/f:best\/https:\/\/cristianocarvalho.net\/WordPress\/wp-content\/uploads\/2020\/04\/google-play.png\" alt=\"\" width=\"180\" height=\"51\" \/>\u00a0\u00a0\u00a0 <\/a><a href=\"https:\/\/apps.apple.com\/us\/app\/tuyasmart\/id1034649547\" target=\"_blank\" rel=\"noopener noreferrer\"><img data-opt-id=2025297500  fetchpriority=\"high\" decoding=\"async\" class=\"alignnone wp-image-1639\" src=\"https:\/\/mlibb0mwkwo9.i.optimole.com\/cb:62NB.5857\/w:auto\/h:auto\/q:mauto\/f:best\/https:\/\/cristianocarvalho.net\/WordPress\/wp-content\/uploads\/2020\/04\/App-Sotre.png\" alt=\"\" width=\"180\" height=\"51\" \/><\/a><\/p>\n<ul class=\"article_list\">\n<li>Nivian Smart<\/li>\n<li>M\u00edltiplas tomadas inteligente<\/li>\n<li>3 Conex\u00f5es Schucko e 4 portas USB<\/li>\n<li>WiFi 2.4 GHz IEEE802.11 b\/g\/n<\/li>\n<li>Possibilidade de gerir cada tomada de forma independente<\/li>\n<li>At\u00e9 um m\u00e1ximo de 16A nas tomadas e 4A nas portas USB<\/li>\n<li>Compat\u00edvel com TUYA Smart<\/li>\n<li>Compat\u00edvel com Alexa e Google Assistant<\/li>\n<li>Fun\u00e7\u00e3o temporizador<\/li>\n<li>Poupan\u00e7a de energia e protec\u00e7\u00e3o do ambiente<\/li>\n<li>Controle remoto a partir do smartphone a qualquer hora, em qualquer lugar<\/li>\n<\/ul>\n<table class=\"specs\" border=\"0\" cellspacing=\"0\" cellpadding=\"0\">\n<tbody>\n<tr align=\"left\" valign=\"middle\">\n<td width=\"30%\" height=\"22\"><strong>Marca<\/strong><\/td>\n<td width=\"70%\" height=\"22\">Nivian Smart<\/td>\n<\/tr>\n<tr align=\"left\" valign=\"middle\">\n<td height=\"22\"><strong>Tipo de produto<\/strong><\/td>\n<td height=\"22\">Multi tomada Inteligente<\/td>\n<\/tr>\n<tr align=\"left\" valign=\"middle\">\n<td height=\"22\"><strong>Comunica\u00e7\u00e3o<\/strong><\/td>\n<td height=\"22\">WiFi 2.4 GHz IEEE 802.11 b\/g\/n<\/td>\n<\/tr>\n<tr align=\"left\" valign=\"middle\">\n<td height=\"22\"><strong>Tipo de tomada<\/strong><\/td>\n<td height=\"22\">3 x Tipo F (Europeu) \/ 4 x USB<\/td>\n<\/tr>\n<tr align=\"left\" valign=\"middle\">\n<td height=\"22\"><strong>Pot\u00eancia m\u00e1xima suportada<\/strong><\/td>\n<td height=\"22\">3680W<\/td>\n<\/tr>\n<tr align=\"left\" valign=\"middle\">\n<td height=\"22\"><strong>Corrente m\u00e1xima<\/strong><\/td>\n<td height=\"22\">16A tomadas \/ 4A USB<\/td>\n<\/tr>\n<tr align=\"left\" valign=\"middle\">\n<td height=\"22\"><strong>Tens\u00e3o de trabalho<\/strong><\/td>\n<td height=\"22\">100-250V tomadas \/ 5V USB<\/td>\n<\/tr>\n<tr align=\"left\" valign=\"middle\">\n<td height=\"22\"><strong>Caracter\u00edsticas<\/strong><\/td>\n<td height=\"22\">Controle remoto, controle independente das tomadas, fun\u00e7\u00e3o Temporizador<\/td>\n<\/tr>\n<tr align=\"left\" valign=\"middle\">\n<td height=\"22\"><strong>Compatibilidades<\/strong><\/td>\n<td height=\"22\">Compat\u00edvel com o APP Tuya Smart, Alexa e Google Assistant entre outros<\/td>\n<\/tr>\n<tr align=\"left\" valign=\"middle\">\n<td height=\"22\"><strong>Temperatura de trabalho<\/strong><\/td>\n<td height=\"22\">-20\u00ba ~ +40\u00ba<\/td>\n<\/tr>\n<tr align=\"left\" valign=\"middle\">\n<td height=\"22\"><strong>Alimenta\u00e7\u00e3o<\/strong><\/td>\n<td height=\"22\">100 \/ 240 V AC<\/td>\n<\/tr>\n<tr align=\"left\" valign=\"middle\">\n<td height=\"22\"><strong>Dimens\u00f5es<\/strong><\/td>\n<td height=\"22\">40 (Al) x 265 (Fo) x 40 (An) mm<\/td>\n<\/tr>\n<\/tbody>\n<\/table>\n","protected":false},"excerpt":{"rendered":"<ul>\n<li>M\u00edltiplas tomadas inteligente<\/li>\n<li>WiFi 2.4 GHz IEEE802.11 b\/g\/n<\/li>\n<li>Carga m\u00e1xima 16A \/ 4A USB<\/li>\n<li>Controlo independente das tomadas<\/li>\n<li>Compat\u00edvel com TUYA Smart<\/li>\n<li>Compat\u00edvel com Alexa e Google Assistant<\/li>\n<\/ul>\n<p><strong>Conteudo:<\/strong><\/p>\n<ul>\n<li>Controle de Infravermelho Inteligente<\/li>\n<li>Multi tomada Inteligente<\/li>\n<li>Manual do utilizador<\/li>\n<\/ul>\n<p><strong>Pre\u00e7o sem IVA<br \/>\n<span style=\"color: #ff0000;\">Custos de expedi\u00e7\u00e3o calculado s\u00f3 para Portugal Continental.<\/span><\/strong><\/p>\n<p>&nbsp;<\/p>\n","protected":false},"featured_media":3388,"comment_status":"open","ping_status":"closed","template":"","meta":[],"product_brand":[],"product_cat":[57,70],"product_tag":[],"class_list":{"0":"post-3387","1":"product","2":"type-product","3":"status-publish","4":"has-post-thumbnail","6":"product_cat-smart-home","7":"product_cat-smart-home-acessorios","8":"product_shipping_class-preco-inferior-a-30kg-em-portugal","10":"first","11":"onbackorder","12":"sale","13":"taxable","14":"shipping-taxable","15":"purchasable","16":"product-type-simple"},"_links":{"self":[{"href":"https:\/\/cristianocarvalho.net\/WordPress\/wp-json\/wp\/v2\/product\/3387","targetHints":{"allow":["GET"]}}],"collection":[{"href":"https:\/\/cristianocarvalho.net\/WordPress\/wp-json\/wp\/v2\/product"}],"about":[{"href":"https:\/\/cristianocarvalho.net\/WordPress\/wp-json\/wp\/v2\/types\/product"}],"replies":[{"embeddable":true,"href":"https:\/\/cristianocarvalho.net\/WordPress\/wp-json\/wp\/v2\/comments?post=3387"}],"version-history":[{"count":1,"href":"https:\/\/cristianocarvalho.net\/WordPress\/wp-json\/wp\/v2\/product\/3387\/revisions"}],"predecessor-version":[{"id":3389,"href":"https:\/\/cristianocarvalho.net\/WordPress\/wp-json\/wp\/v2\/product\/3387\/revisions\/3389"}],"wp:featuredmedia":[{"embeddable":true,"href":"https:\/\/cristianocarvalho.net\/WordPress\/wp-json\/wp\/v2\/media\/3388"}],"wp:attachment":[{"href":"https:\/\/cristianocarvalho.net\/WordPress\/wp-json\/wp\/v2\/media?parent=3387"}],"wp:term":[{"taxonomy":"product_brand","embeddable":true,"href":"https:\/\/cristianocarvalho.net\/WordPress\/wp-json\/wp\/v2\/product_brand?post=3387"},{"taxonomy":"product_cat","embeddable":true,"href":"https:\/\/cristianocarvalho.net\/WordPress\/wp-json\/wp\/v2\/product_cat?post=3387"},{"taxonomy":"product_tag","embeddable":true,"href":"https:\/\/cristianocarvalho.net\/WordPress\/wp-json\/wp\/v2\/product_tag?post=3387"}],"curies":[{"name":"wp","href":"https:\/\/api.w.org\/{rel}","templated":true}]}}