{"id":3384,"date":"2020-07-06T07:41:22","date_gmt":"2020-07-06T07:41:22","guid":{"rendered":"http:\/\/cristianocarvalho.net\/WordPress\/?post_type=product&#038;p=3384"},"modified":"2021-12-24T09:09:21","modified_gmt":"2021-12-24T09:09:21","slug":"controlador-de-infravermelhos-inteligente-nvs-smartir-w","status":"publish","type":"product","link":"https:\/\/cristianocarvalho.net\/WordPress\/produto\/controlador-de-infravermelhos-inteligente-nvs-smartir-w\/","title":{"rendered":"Controlador de infravermelhos inteligente &#8211; NVS-SMARTIR-W"},"content":{"rendered":"<p><a href=\"https:\/\/play.google.com\/store\/apps\/details?id=com.tuya.smart&amp;hl=pt_PT\" target=\"_blank\" rel=\"noopener noreferrer\" data-wp-editing=\"1\"><img data-opt-id=216246474  fetchpriority=\"high\" decoding=\"async\" class=\"alignnone wp-image-1640\" src=\"https:\/\/mlibb0mwkwo9.i.optimole.com\/cb:62NB.5857\/w:auto\/h:auto\/q:mauto\/f:best\/https:\/\/cristianocarvalho.net\/WordPress\/wp-content\/uploads\/2020\/04\/google-play.png\" alt=\"\" width=\"180\" height=\"51\" \/>\u00a0\u00a0\u00a0 <\/a><a href=\"https:\/\/apps.apple.com\/us\/app\/tuyasmart\/id1034649547\" target=\"_blank\" rel=\"noopener noreferrer\"><img data-opt-id=2025297500  fetchpriority=\"high\" decoding=\"async\" class=\"alignnone wp-image-1639\" src=\"https:\/\/mlibb0mwkwo9.i.optimole.com\/cb:62NB.5857\/w:auto\/h:auto\/q:mauto\/f:best\/https:\/\/cristianocarvalho.net\/WordPress\/wp-content\/uploads\/2020\/04\/App-Sotre.png\" alt=\"\" width=\"180\" height=\"51\" \/><\/a><\/p>\n<ul class=\"article_list\">\n<li>Nivian Smart<\/li>\n<li>Controlador IR inteligente<\/li>\n<li>WiFi 2.4 GHz IEEE802.11 b\/g\/n<\/li>\n<li>Permite-lhe controlar qualquer dispositivo que funcione atrav\u00e9s de IR, como TV ou ar condicionado<\/li>\n<li>V\u00e1rias marcas de dispositivos pr\u00e9-configurados ou capacidade de aprendizagem de todos os tipos de controlador IR<\/li>\n<li>Alcance 10m<\/li>\n<li>Cobertura 360\u00ba<\/li>\n<li>Compat\u00edvel com TUYA Smart<\/li>\n<li>Compat\u00edvel com Alexa e Google Assistant<\/li>\n<li>Controle remoto a partir do smartphone a qualquer hora, em qualquer lugar<\/li>\n<\/ul>\n<table class=\"specs\" border=\"0\" cellspacing=\"0\" cellpadding=\"0\">\n<tbody>\n<tr align=\"left\" valign=\"middle\">\n<td width=\"30%\" height=\"22\"><strong>Marca<\/strong><\/td>\n<td width=\"70%\" height=\"22\">Nivian Smart<\/td>\n<\/tr>\n<tr align=\"left\" valign=\"middle\">\n<td height=\"22\"><strong>Tipo de produto<\/strong><\/td>\n<td height=\"22\">Controlador Infravermelho Inteligente<\/td>\n<\/tr>\n<tr align=\"left\" valign=\"middle\">\n<td height=\"22\"><strong>Comunica\u00e7\u00e3o<\/strong><\/td>\n<td height=\"22\">WiFi 2.4 GHz IEEE 802.11 b\/g\/n<\/td>\n<\/tr>\n<tr align=\"left\" valign=\"middle\">\n<td height=\"22\"><strong>\u00c2ngulo de cobertura<\/strong><\/td>\n<td height=\"22\">360\u00ba<\/td>\n<\/tr>\n<tr align=\"left\" valign=\"middle\">\n<td height=\"22\"><strong>Dist\u00e2ncia de transmiss\u00e3o<\/strong><\/td>\n<td height=\"22\">7 &#8211; 10 m<\/td>\n<\/tr>\n<tr align=\"left\" valign=\"middle\">\n<td height=\"22\"><strong>Pot\u00eancia de transmiss\u00e3o<\/strong><\/td>\n<td height=\"22\">&lt; 20 dBm<\/td>\n<\/tr>\n<tr align=\"left\" valign=\"middle\">\n<td height=\"22\"><strong>Canais<\/strong><\/td>\n<td height=\"22\">14<\/td>\n<\/tr>\n<tr align=\"left\" valign=\"middle\">\n<td height=\"22\"><strong>Caracter\u00edsticas<\/strong><\/td>\n<td height=\"22\">Controlo remoto, Controlo personalizado para dispositivos de infravermelhos, Fun\u00e7\u00e3o temporizador<\/td>\n<\/tr>\n<tr align=\"left\" valign=\"middle\">\n<td height=\"22\"><strong>Compatibilidades<\/strong><\/td>\n<td height=\"22\">Compat\u00edvel com APP Tuya Smart e Amazon Alexa<\/td>\n<\/tr>\n<tr align=\"left\" valign=\"middle\">\n<td height=\"22\"><strong>Temperatura de trabalho<\/strong><\/td>\n<td height=\"22\">-10\u00ba ~ +45\u00ba<\/td>\n<\/tr>\n<tr align=\"left\" valign=\"middle\">\n<td height=\"22\"><strong>Alimenta\u00e7\u00e3o<\/strong><\/td>\n<td height=\"22\">5V DC 1A<\/td>\n<\/tr>\n<tr align=\"left\" valign=\"middle\">\n<td height=\"22\"><strong>Dimens\u00f5es<\/strong><\/td>\n<td height=\"22\">29 (\u00d8) mm<\/td>\n<\/tr>\n<\/tbody>\n<\/table>\n","protected":false},"excerpt":{"rendered":"<ul>\n<li>Controlador de infravermelhos inteligente<\/li>\n<li>WiFi 2.4 GHz IEEE802.11 b\/g\/n<\/li>\n<li>\u00c2ngulo de cobertura 360\u00ba<\/li>\n<li>Compat\u00edvel com qualquer dispositivo infravermelho<\/li>\n<li>Compat\u00edvel com TUYA Smart<\/li>\n<li>Compat\u00edvel com Alexa e Google Assistant<\/li>\n<\/ul>\n<p><strong>Conteudo:<\/strong><\/p>\n<ul>\n<li>Controle de Infravermelho Inteligente<\/li>\n<li>Cabo de alimenta\u00e7\u00e3o mini USB<\/li>\n<li>Manual do utilizador<\/li>\n<\/ul>\n<p><strong>Pre\u00e7o sem IVA<br \/>\n<span style=\"color: #ff0000;\">Custos de expedi\u00e7\u00e3o calculado s\u00f3 para Portugal Continental.<\/span><\/strong><\/p>\n<p>&nbsp;<\/p>\n","protected":false},"featured_media":3385,"comment_status":"open","ping_status":"closed","template":"","meta":[],"product_brand":[],"product_cat":[57,70],"product_tag":[],"class_list":{"0":"post-3384","1":"product","2":"type-product","3":"status-publish","4":"has-post-thumbnail","6":"product_cat-smart-home","7":"product_cat-smart-home-acessorios","8":"product_shipping_class-preco-inferior-a-30kg-em-portugal","10":"first","11":"onbackorder","12":"sale","13":"taxable","14":"shipping-taxable","15":"purchasable","16":"product-type-simple"},"_links":{"self":[{"href":"https:\/\/cristianocarvalho.net\/WordPress\/wp-json\/wp\/v2\/product\/3384","targetHints":{"allow":["GET"]}}],"collection":[{"href":"https:\/\/cristianocarvalho.net\/WordPress\/wp-json\/wp\/v2\/product"}],"about":[{"href":"https:\/\/cristianocarvalho.net\/WordPress\/wp-json\/wp\/v2\/types\/product"}],"replies":[{"embeddable":true,"href":"https:\/\/cristianocarvalho.net\/WordPress\/wp-json\/wp\/v2\/comments?post=3384"}],"version-history":[{"count":1,"href":"https:\/\/cristianocarvalho.net\/WordPress\/wp-json\/wp\/v2\/product\/3384\/revisions"}],"predecessor-version":[{"id":3386,"href":"https:\/\/cristianocarvalho.net\/WordPress\/wp-json\/wp\/v2\/product\/3384\/revisions\/3386"}],"wp:featuredmedia":[{"embeddable":true,"href":"https:\/\/cristianocarvalho.net\/WordPress\/wp-json\/wp\/v2\/media\/3385"}],"wp:attachment":[{"href":"https:\/\/cristianocarvalho.net\/WordPress\/wp-json\/wp\/v2\/media?parent=3384"}],"wp:term":[{"taxonomy":"product_brand","embeddable":true,"href":"https:\/\/cristianocarvalho.net\/WordPress\/wp-json\/wp\/v2\/product_brand?post=3384"},{"taxonomy":"product_cat","embeddable":true,"href":"https:\/\/cristianocarvalho.net\/WordPress\/wp-json\/wp\/v2\/product_cat?post=3384"},{"taxonomy":"product_tag","embeddable":true,"href":"https:\/\/cristianocarvalho.net\/WordPress\/wp-json\/wp\/v2\/product_tag?post=3384"}],"curies":[{"name":"wp","href":"https:\/\/api.w.org\/{rel}","templated":true}]}}