{"id":3381,"date":"2020-07-06T07:33:58","date_gmt":"2020-07-06T07:33:58","guid":{"rendered":"http:\/\/cristianocarvalho.net\/WordPress\/?post_type=product&#038;p=3381"},"modified":"2021-12-24T09:11:21","modified_gmt":"2021-12-24T09:11:21","slug":"rele-inteligente-nvs-miniswitch-2","status":"publish","type":"product","link":"https:\/\/cristianocarvalho.net\/WordPress\/produto\/rele-inteligente-nvs-miniswitch-2\/","title":{"rendered":"Rel\u00e9 inteligente &#8211; NVS-MINISWITCH-2"},"content":{"rendered":"<p><a href=\"https:\/\/play.google.com\/store\/apps\/details?id=com.tuya.smart&amp;hl=pt_PT\" target=\"_blank\" rel=\"noopener noreferrer\" data-wp-editing=\"1\"><img data-opt-id=216246474  fetchpriority=\"high\" decoding=\"async\" class=\"alignnone wp-image-1640\" src=\"https:\/\/mlibb0mwkwo9.i.optimole.com\/cb:62NB.5857\/w:auto\/h:auto\/q:mauto\/f:best\/https:\/\/cristianocarvalho.net\/WordPress\/wp-content\/uploads\/2020\/04\/google-play.png\" alt=\"\" width=\"180\" height=\"51\" \/>\u00a0\u00a0\u00a0 <\/a><a href=\"https:\/\/apps.apple.com\/us\/app\/tuyasmart\/id1034649547\" target=\"_blank\" rel=\"noopener noreferrer\"><img data-opt-id=2025297500  fetchpriority=\"high\" decoding=\"async\" class=\"alignnone wp-image-1639\" src=\"https:\/\/mlibb0mwkwo9.i.optimole.com\/cb:62NB.5857\/w:auto\/h:auto\/q:mauto\/f:best\/https:\/\/cristianocarvalho.net\/WordPress\/wp-content\/uploads\/2020\/04\/App-Sotre.png\" alt=\"\" width=\"180\" height=\"51\" \/><\/a><\/p>\n<ul class=\"article_list\">\n<li>Duplo Rel\u00e9 Inteligente<\/li>\n<li>WiFi 2.4 GHz IEEE802.11 b\/g\/n<\/li>\n<li>Controla 2 linhas independentes<\/li>\n<li>Permite manter os bot\u00f5es de press\u00e3o existentes<\/li>\n<li>Compat\u00edvel com TUYA Smart<\/li>\n<li>Compat\u00edvel com Alexa e Google Assistante<\/li>\n<\/ul>\n<table class=\"specs\" border=\"0\" cellspacing=\"0\" cellpadding=\"0\">\n<tbody>\n<tr align=\"left\" valign=\"middle\">\n<td width=\"30%\" height=\"22\"><strong>Marca<\/strong><\/td>\n<td width=\"70%\" height=\"22\">Nivian Smart<\/td>\n<\/tr>\n<tr align=\"left\" valign=\"middle\">\n<td height=\"22\"><strong>Tipo de produto<\/strong><\/td>\n<td height=\"22\">Duplo Rel\u00e9 Inteligente<\/td>\n<\/tr>\n<tr align=\"left\" valign=\"middle\">\n<td height=\"22\"><strong>Comunica\u00e7\u00e3o<\/strong><\/td>\n<td height=\"22\">WiFi 2.4 GHz IEEE 802.11 b\/g\/n<\/td>\n<\/tr>\n<tr align=\"left\" valign=\"middle\">\n<td height=\"22\"><strong>Pot\u00eancia m\u00e1xima suportada<\/strong><\/td>\n<td height=\"22\">2300W para uma voltagem de 230V AC<\/td>\n<\/tr>\n<tr align=\"left\" valign=\"middle\">\n<td height=\"22\"><strong>Corrente m\u00e1xima<\/strong><\/td>\n<td height=\"22\">Carga resistiva de 10A (5A para cada linha)<\/td>\n<\/tr>\n<tr align=\"left\" valign=\"middle\">\n<td height=\"22\"><strong>Tens\u00e3o de trabalho<\/strong><\/td>\n<td height=\"22\">90-250V AC<\/td>\n<\/tr>\n<tr align=\"left\" valign=\"middle\">\n<td height=\"22\"><strong>Caracter\u00edsticas<\/strong><\/td>\n<td height=\"22\">Controlo remoto, Controlo de parede por bot\u00e3o a press\u00e3o, Ligar\/Desligar individual\/simult\u00e2neo, Temporizador<\/td>\n<\/tr>\n<tr align=\"left\" valign=\"middle\">\n<td height=\"22\"><strong>Compatibilidades<\/strong><\/td>\n<td height=\"22\">Compat\u00edvel com o APP Tuya Smart, Alexa e Google Assistant entre outros<\/td>\n<\/tr>\n<tr align=\"left\" valign=\"middle\">\n<td height=\"22\"><strong>Temperatura de trabalho<\/strong><\/td>\n<td height=\"22\">0\u00ba ~ +40\u00ba (Humidade &lt;80%)<\/td>\n<\/tr>\n<tr align=\"left\" valign=\"middle\">\n<td height=\"22\"><strong>Alimenta\u00e7\u00e3o<\/strong><\/td>\n<td height=\"22\">100 \/ 240 V AC<\/td>\n<\/tr>\n<tr align=\"left\" valign=\"middle\">\n<td height=\"22\"><strong>Dimens\u00f5es<\/strong><\/td>\n<td height=\"22\">45.6 (Al) x 21.4 (Fo) x 50.6 (An) mm<\/td>\n<\/tr>\n<\/tbody>\n<\/table>\n","protected":false},"excerpt":{"rendered":"<ul>\n<li>Duplo Rel\u00e9 Inteligente<\/li>\n<li>WiFi 2.4 GHz IEEE802.11 b\/g\/n<\/li>\n<li>Controla 2 linhas independentes<\/li>\n<li>Permite manter os bot\u00f5es de press\u00e3o existentes<\/li>\n<li>Compat\u00edvel com TUYA Smart<\/li>\n<li>Compat\u00edvel com Alexa e Google Assistante<\/li>\n<\/ul>\n<p><strong>Conteudo:<\/strong><\/p>\n<ul>\n<li>Rel\u00e9 Inteligente<\/li>\n<li>Manual do utilizador<\/li>\n<\/ul>\n<p><strong>Pre\u00e7o sem IVA<br \/>\n<span style=\"color: #fc5f3f;\">Custos de expedi\u00e7\u00e3o calculado s\u00f3 para Portugal Continental.<\/span><br \/>\n<\/strong><\/p>\n<p>&nbsp;<\/p>\n","protected":false},"featured_media":3632,"comment_status":"open","ping_status":"closed","template":"","meta":[],"product_brand":[],"product_cat":[57,70],"product_tag":[],"class_list":{"0":"post-3381","1":"product","2":"type-product","3":"status-publish","4":"has-post-thumbnail","6":"product_cat-smart-home","7":"product_cat-smart-home-acessorios","8":"product_shipping_class-preco-inferior-a-30kg-em-portugal","10":"first","11":"onbackorder","12":"sale","13":"taxable","14":"shipping-taxable","15":"purchasable","16":"product-type-simple"},"_links":{"self":[{"href":"https:\/\/cristianocarvalho.net\/WordPress\/wp-json\/wp\/v2\/product\/3381","targetHints":{"allow":["GET"]}}],"collection":[{"href":"https:\/\/cristianocarvalho.net\/WordPress\/wp-json\/wp\/v2\/product"}],"about":[{"href":"https:\/\/cristianocarvalho.net\/WordPress\/wp-json\/wp\/v2\/types\/product"}],"replies":[{"embeddable":true,"href":"https:\/\/cristianocarvalho.net\/WordPress\/wp-json\/wp\/v2\/comments?post=3381"}],"version-history":[{"count":7,"href":"https:\/\/cristianocarvalho.net\/WordPress\/wp-json\/wp\/v2\/product\/3381\/revisions"}],"predecessor-version":[{"id":3626,"href":"https:\/\/cristianocarvalho.net\/WordPress\/wp-json\/wp\/v2\/product\/3381\/revisions\/3626"}],"wp:featuredmedia":[{"embeddable":true,"href":"https:\/\/cristianocarvalho.net\/WordPress\/wp-json\/wp\/v2\/media\/3632"}],"wp:attachment":[{"href":"https:\/\/cristianocarvalho.net\/WordPress\/wp-json\/wp\/v2\/media?parent=3381"}],"wp:term":[{"taxonomy":"product_brand","embeddable":true,"href":"https:\/\/cristianocarvalho.net\/WordPress\/wp-json\/wp\/v2\/product_brand?post=3381"},{"taxonomy":"product_cat","embeddable":true,"href":"https:\/\/cristianocarvalho.net\/WordPress\/wp-json\/wp\/v2\/product_cat?post=3381"},{"taxonomy":"product_tag","embeddable":true,"href":"https:\/\/cristianocarvalho.net\/WordPress\/wp-json\/wp\/v2\/product_tag?post=3381"}],"curies":[{"name":"wp","href":"https:\/\/api.w.org\/{rel}","templated":true}]}}