{"id":3365,"date":"2020-07-06T07:07:19","date_gmt":"2020-07-06T07:07:19","guid":{"rendered":"http:\/\/cristianocarvalho.net\/WordPress\/?post_type=product&#038;p=3365"},"modified":"2021-12-24T09:13:08","modified_gmt":"2021-12-24T09:13:08","slug":"tomada-inteligente-nvs-socketf-w2","status":"publish","type":"product","link":"https:\/\/cristianocarvalho.net\/WordPress\/produto\/tomada-inteligente-nvs-socketf-w2\/","title":{"rendered":"Tomada inteligente &#8211; NVS-SOCKETF-W2"},"content":{"rendered":"<p><a href=\"https:\/\/play.google.com\/store\/apps\/details?id=com.tuya.smart&amp;hl=pt_PT\" target=\"_blank\" rel=\"noopener noreferrer\" data-wp-editing=\"1\"><img data-opt-id=216246474  fetchpriority=\"high\" decoding=\"async\" class=\"alignnone wp-image-1640\" src=\"https:\/\/mlibb0mwkwo9.i.optimole.com\/cb:62NB.5857\/w:auto\/h:auto\/q:mauto\/f:best\/https:\/\/cristianocarvalho.net\/WordPress\/wp-content\/uploads\/2020\/04\/google-play.png\" alt=\"\" width=\"180\" height=\"51\" \/>\u00a0\u00a0\u00a0 <\/a><a href=\"https:\/\/apps.apple.com\/us\/app\/tuyasmart\/id1034649547\" target=\"_blank\" rel=\"noopener noreferrer\"><img data-opt-id=2025297500  fetchpriority=\"high\" decoding=\"async\" class=\"alignnone wp-image-1639\" src=\"https:\/\/mlibb0mwkwo9.i.optimole.com\/cb:62NB.5857\/w:auto\/h:auto\/q:mauto\/f:best\/https:\/\/cristianocarvalho.net\/WordPress\/wp-content\/uploads\/2020\/04\/App-Sotre.png\" alt=\"\" width=\"180\" height=\"51\" \/><\/a><\/p>\n<p><strong>Tomada inteligente &#8211; NVS-SOCKETF-W2<\/strong><\/p>\n<ul class=\"article_list\">\n<li>Nivian Smart<\/li>\n<li>Tomada inteligente<\/li>\n<li>Wi-Fi 2,4 GHz<\/li>\n<li>At\u00e9 um m\u00e1ximo de 16A<\/li>\n<li>Permite-lhe manter o controlo do consumo<\/li>\n<li>Ligar\/desligar manual ou desde app<\/li>\n<li>Programa\u00e7\u00e3o de calend\u00e1rio e temporizador<\/li>\n<li>Programa\u00e7\u00e3o inteligente de cen\u00e1rios<\/li>\n<li>Compat\u00edvel com TUYA Smart<\/li>\n<li>Compat\u00edvel com Alexa e Google Assistant<\/li>\n<\/ul>\n<table class=\"specs\" border=\"0\" cellspacing=\"0\" cellpadding=\"0\">\n<tbody>\n<tr class=\"table-data\" align=\"left\" valign=\"middle\">\n<td width=\"30%\" height=\"22\"><strong>Marca<\/strong><\/td>\n<td width=\"70%\" height=\"22\">Nivian<\/td>\n<\/tr>\n<tr class=\"table-data\" align=\"left\" valign=\"middle\">\n<td width=\"30%\" height=\"22\"><strong>Tipo de produto<\/strong><\/td>\n<td width=\"70%\" height=\"22\">Tomada Inteligente<\/td>\n<\/tr>\n<tr class=\"table-data\" align=\"left\" valign=\"middle\">\n<td width=\"30%\" height=\"22\"><strong>Comunica\u00e7\u00e3o<\/strong><\/td>\n<td width=\"70%\" height=\"22\">WiFi 2,4 GHz IEEE 802.11 b \/ g \/ n<\/td>\n<\/tr>\n<tr class=\"table-data\" align=\"left\" valign=\"middle\">\n<td width=\"30%\" height=\"22\"><strong>Tipo de tomada<\/strong><\/td>\n<td width=\"70%\" height=\"22\">Tipo F (Europeu)<\/td>\n<\/tr>\n<tr class=\"table-data\" align=\"left\" valign=\"middle\">\n<td width=\"30%\" height=\"22\"><strong>Pot\u00eancia m\u00e1xima suportada<\/strong><\/td>\n<td width=\"70%\" height=\"22\">3680W<\/td>\n<\/tr>\n<tr class=\"table-data\" align=\"left\" valign=\"middle\">\n<td width=\"30%\" height=\"22\"><strong>Corrente m\u00e1xima<\/strong><\/td>\n<td width=\"70%\" height=\"22\">16A<\/td>\n<\/tr>\n<tr class=\"table-data\" align=\"left\" valign=\"middle\">\n<td width=\"30%\" height=\"22\"><strong>Tens\u00e3o de trabalho<\/strong><\/td>\n<td width=\"70%\" height=\"22\">100-250V<\/td>\n<\/tr>\n<tr class=\"table-data\" align=\"left\" valign=\"middle\">\n<td width=\"30%\" height=\"22\"><strong>Caracter\u00edsticas<\/strong><\/td>\n<td width=\"70%\" height=\"22\">Controlo remoto ON\/OFF<br \/>\nEstat\u00edsticas sobre o consumo di\u00e1rio e mensal<br \/>\nFun\u00e7\u00e3o temporizador<br \/>\nPrograma\u00e7\u00e3o por calend\u00e1rio<br \/>\nPrograma\u00e7\u00e3o de cenas inteligente: Clima, ilumina\u00e7\u00e3o, etc.<\/td>\n<\/tr>\n<tr class=\"table-data\" align=\"left\" valign=\"middle\">\n<td width=\"30%\" height=\"22\"><strong>Compatibilidade<\/strong><\/td>\n<td width=\"70%\" height=\"22\">Compat\u00edvel com APP Tuya Smart, Alexa e Google Assistant<\/td>\n<\/tr>\n<tr class=\"table-data\" align=\"left\" valign=\"middle\">\n<td width=\"30%\" height=\"22\"><strong>Temperatura de trabalho<\/strong><\/td>\n<td width=\"70%\" height=\"22\">-30\u00ba ~ + 70\u00ba<\/td>\n<\/tr>\n<tr class=\"table-data\" align=\"left\" valign=\"middle\">\n<td width=\"30%\" height=\"22\"><strong>Alimenta\u00e7\u00e3o<\/strong><\/td>\n<td width=\"70%\" height=\"22\">100\/240 V AC<\/td>\n<\/tr>\n<tr class=\"table-data\" align=\"left\" valign=\"middle\">\n<td width=\"30%\" height=\"22\"><strong>Dimens\u00f5es<\/strong><\/td>\n<td width=\"70%\" height=\"22\">83 (Al) x 49 (Fo) x 49 (An) mm<\/td>\n<\/tr>\n<\/tbody>\n<\/table>\n","protected":false},"excerpt":{"rendered":"<ul>\n<li>Tomada inteligente<\/li>\n<li>Wi-Fi 2,4 GHz<\/li>\n<li>Carga m\u00e1xima 16A<\/li>\n<li>Estat\u00edsticas de consumo<\/li>\n<li>Temporizador e calend\u00e1rio<\/li>\n<li>Compat\u00edvel TUYA Smart \/ Google \/ Alexa<\/li>\n<\/ul>\n<p><strong>Conteudo:<\/strong><\/p>\n<ul>\n<li>Tomada Inteligente<\/li>\n<li>Manual do utilizador<\/li>\n<\/ul>\n<p><strong>Pre\u00e7o sem IVA<br \/>\n<span style=\"color: #ff0000;\">Custos de expedi\u00e7\u00e3o calculado s\u00f3 para Portugal Continental.<\/span><\/strong><\/p>\n<p>&nbsp;<\/p>\n","protected":false},"featured_media":3366,"comment_status":"open","ping_status":"closed","template":"","meta":[],"product_brand":[],"product_cat":[57,70],"product_tag":[],"class_list":{"0":"post-3365","1":"product","2":"type-product","3":"status-publish","4":"has-post-thumbnail","6":"product_cat-smart-home","7":"product_cat-smart-home-acessorios","8":"product_shipping_class-preco-inferior-a-30kg-em-portugal","10":"first","11":"outofstock","12":"sale","13":"taxable","14":"shipping-taxable","15":"purchasable","16":"product-type-simple"},"_links":{"self":[{"href":"https:\/\/cristianocarvalho.net\/WordPress\/wp-json\/wp\/v2\/product\/3365","targetHints":{"allow":["GET"]}}],"collection":[{"href":"https:\/\/cristianocarvalho.net\/WordPress\/wp-json\/wp\/v2\/product"}],"about":[{"href":"https:\/\/cristianocarvalho.net\/WordPress\/wp-json\/wp\/v2\/types\/product"}],"replies":[{"embeddable":true,"href":"https:\/\/cristianocarvalho.net\/WordPress\/wp-json\/wp\/v2\/comments?post=3365"}],"version-history":[{"count":8,"href":"https:\/\/cristianocarvalho.net\/WordPress\/wp-json\/wp\/v2\/product\/3365\/revisions"}],"predecessor-version":[{"id":3786,"href":"https:\/\/cristianocarvalho.net\/WordPress\/wp-json\/wp\/v2\/product\/3365\/revisions\/3786"}],"wp:featuredmedia":[{"embeddable":true,"href":"https:\/\/cristianocarvalho.net\/WordPress\/wp-json\/wp\/v2\/media\/3366"}],"wp:attachment":[{"href":"https:\/\/cristianocarvalho.net\/WordPress\/wp-json\/wp\/v2\/media?parent=3365"}],"wp:term":[{"taxonomy":"product_brand","embeddable":true,"href":"https:\/\/cristianocarvalho.net\/WordPress\/wp-json\/wp\/v2\/product_brand?post=3365"},{"taxonomy":"product_cat","embeddable":true,"href":"https:\/\/cristianocarvalho.net\/WordPress\/wp-json\/wp\/v2\/product_cat?post=3365"},{"taxonomy":"product_tag","embeddable":true,"href":"https:\/\/cristianocarvalho.net\/WordPress\/wp-json\/wp\/v2\/product_tag?post=3365"}],"curies":[{"name":"wp","href":"https:\/\/api.w.org\/{rel}","templated":true}]}}