{"id":3305,"date":"2020-05-02T10:29:58","date_gmt":"2020-05-02T10:29:58","guid":{"rendered":"http:\/\/cristianocarvalho.net\/WordPress\/?post_type=product&#038;p=3305"},"modified":"2021-12-11T16:48:39","modified_gmt":"2021-12-11T16:48:39","slug":"touch-panel-10-windows-wdi101","status":"publish","type":"product","link":"https:\/\/cristianocarvalho.net\/WordPress\/produto\/touch-panel-10-windows-wdi101\/","title":{"rendered":"Touch Panel 10\u201d Windows &#8211; WDI101"},"content":{"rendered":"<h2 class=\"big\">Touch Panel 10\u201d Windows &#8211; WDI101<\/h2>\n<p>Estes produtos s\u00e3o as interfaces gr\u00e1ficas entre a instala\u00e7\u00e3o KNX e o servidor domovea.<\/p>\n<p><strong>Fun\u00e7\u00f5es:<\/strong><\/p>\n<ul>\n<li>Fun\u00e7\u00e3o multi-toque para a liga\u00e7\u00e3o de a\u00e7\u00f5es m\u00faltiplas, ex. para activar uma fun\u00e7\u00e3o com configura\u00e7\u00e3o simult\u00e2nea de um valor de fun\u00e7\u00e3o.<\/li>\n<\/ul>\n<p>10\u201d 1280 x 800 pixels, 16:9 CU AMD 2x1GHz, radeon HD6320 2GB DDR3, 32GB SSD.<\/p>\n<p>&#8211; tecnologia capacitiva<br \/>\n&#8211; microfone e coluna intergradas<br \/>\n&#8211; alimenta\u00e7\u00e3o 24V DC (TGA200)<\/p>\n","protected":false},"excerpt":{"rendered":"<p><a href=\"https:\/\/www.hager.pt\/files\/download\/0\/505176_1\/0\/Ficha%20t%C3%A9cnica%20WDI101.pdf\">Ficha t\u00e9cnica do produto &#8211; pdf<\/a><\/p>\n<p>10\u201d 1280 x 800 pixels, 16:9 CU AMD 2x1GHz, radeon HD6320 2GB DDR3, 32GB SSD.<\/p>\n<p><strong>Pre\u00e7o sem IVA<br \/>\n<span style=\"color: #fc5f3f;\">Custos de expedi\u00e7\u00e3o calculado s\u00f3 para Portugal Continental.<\/span><\/strong><\/p>\n","protected":false},"featured_media":3639,"comment_status":"open","ping_status":"closed","template":"","meta":[],"product_brand":[],"product_cat":[55,54],"product_tag":[],"class_list":{"0":"post-3305","1":"product","2":"type-product","3":"status-publish","4":"has-post-thumbnail","6":"product_cat-hager-easy","7":"product_cat-hager-knx","8":"product_shipping_class-preco-inferior-a-30kg-em-portugal","10":"first","11":"outofstock","12":"taxable","13":"shipping-taxable","14":"purchasable","15":"product-type-simple"},"_links":{"self":[{"href":"https:\/\/cristianocarvalho.net\/WordPress\/wp-json\/wp\/v2\/product\/3305","targetHints":{"allow":["GET"]}}],"collection":[{"href":"https:\/\/cristianocarvalho.net\/WordPress\/wp-json\/wp\/v2\/product"}],"about":[{"href":"https:\/\/cristianocarvalho.net\/WordPress\/wp-json\/wp\/v2\/types\/product"}],"replies":[{"embeddable":true,"href":"https:\/\/cristianocarvalho.net\/WordPress\/wp-json\/wp\/v2\/comments?post=3305"}],"version-history":[{"count":2,"href":"https:\/\/cristianocarvalho.net\/WordPress\/wp-json\/wp\/v2\/product\/3305\/revisions"}],"predecessor-version":[{"id":3315,"href":"https:\/\/cristianocarvalho.net\/WordPress\/wp-json\/wp\/v2\/product\/3305\/revisions\/3315"}],"wp:featuredmedia":[{"embeddable":true,"href":"https:\/\/cristianocarvalho.net\/WordPress\/wp-json\/wp\/v2\/media\/3639"}],"wp:attachment":[{"href":"https:\/\/cristianocarvalho.net\/WordPress\/wp-json\/wp\/v2\/media?parent=3305"}],"wp:term":[{"taxonomy":"product_brand","embeddable":true,"href":"https:\/\/cristianocarvalho.net\/WordPress\/wp-json\/wp\/v2\/product_brand?post=3305"},{"taxonomy":"product_cat","embeddable":true,"href":"https:\/\/cristianocarvalho.net\/WordPress\/wp-json\/wp\/v2\/product_cat?post=3305"},{"taxonomy":"product_tag","embeddable":true,"href":"https:\/\/cristianocarvalho.net\/WordPress\/wp-json\/wp\/v2\/product_tag?post=3305"}],"curies":[{"name":"wp","href":"https:\/\/api.w.org\/{rel}","templated":true}]}}