{"id":3295,"date":"2020-05-02T10:17:56","date_gmt":"2020-05-02T10:17:56","guid":{"rendered":"http:\/\/cristianocarvalho.net\/WordPress\/?post_type=product&#038;p=3295"},"modified":"2021-12-11T16:50:16","modified_gmt":"2021-12-11T16:50:16","slug":"touch-panel-7-android-wdi070","status":"publish","type":"product","link":"https:\/\/cristianocarvalho.net\/WordPress\/produto\/touch-panel-7-android-wdi070\/","title":{"rendered":"Touch Panel 7\u201d Android &#8211; WDI070"},"content":{"rendered":"<h2 class=\"big\">Touch Panel 7\u201d Android &#8211; WDI070<\/h2>\n<p>Estes produtos s\u00e3o as interfaces gr\u00e1ficas entre a instala\u00e7\u00e3o KNX e o servidor domovea.<\/p>\n<p><strong>Fun\u00e7\u00f5es:<\/strong><\/p>\n<ul>\n<li>Fun\u00e7\u00e3o multi-toque para a liga\u00e7\u00e3o de a\u00e7\u00f5es m\u00faltiplas, ex. para activar uma fun\u00e7\u00e3o com configura\u00e7\u00e3o simult\u00e2nea de um valor de fun\u00e7\u00e3o.<\/li>\n<\/ul>\n<p>7\u201d 800 x 480 pixels, 16:9 CPU ARM 1GHz, 8GB de mem\u00f3ria.<\/p>\n<p>Sem acesso a Play Store<\/p>\n","protected":false},"excerpt":{"rendered":"<p><a href=\"https:\/\/www.hager.pt\/files\/download\/0\/505174_1\/0\/Ficha%20t%C3%A9cnica%20WDI070.pdf\">Ficha t\u00e9cnica do produto &#8211; pdf<\/a><\/p>\n<p>7\u201d 800 x 480 pixels, 16:9 CPU ARM 1GHz, 8GB de mem\u00f3ria.<\/p>\n<p><strong>Pre\u00e7o sem IVA<br \/>\n<span style=\"color: #fc5f3f;\">Custos de expedi\u00e7\u00e3o calculado s\u00f3 para Portugal Continental.<\/span><\/strong><\/p>\n","protected":false},"featured_media":3640,"comment_status":"open","ping_status":"closed","template":"","meta":[],"product_brand":[],"product_cat":[55,54],"product_tag":[],"class_list":{"0":"post-3295","1":"product","2":"type-product","3":"status-publish","4":"has-post-thumbnail","6":"product_cat-hager-easy","7":"product_cat-hager-knx","8":"product_shipping_class-preco-inferior-a-30kg-em-portugal","10":"first","11":"outofstock","12":"taxable","13":"shipping-taxable","14":"purchasable","15":"product-type-simple"},"_links":{"self":[{"href":"https:\/\/cristianocarvalho.net\/WordPress\/wp-json\/wp\/v2\/product\/3295","targetHints":{"allow":["GET"]}}],"collection":[{"href":"https:\/\/cristianocarvalho.net\/WordPress\/wp-json\/wp\/v2\/product"}],"about":[{"href":"https:\/\/cristianocarvalho.net\/WordPress\/wp-json\/wp\/v2\/types\/product"}],"replies":[{"embeddable":true,"href":"https:\/\/cristianocarvalho.net\/WordPress\/wp-json\/wp\/v2\/comments?post=3295"}],"version-history":[{"count":4,"href":"https:\/\/cristianocarvalho.net\/WordPress\/wp-json\/wp\/v2\/product\/3295\/revisions"}],"predecessor-version":[{"id":3318,"href":"https:\/\/cristianocarvalho.net\/WordPress\/wp-json\/wp\/v2\/product\/3295\/revisions\/3318"}],"wp:featuredmedia":[{"embeddable":true,"href":"https:\/\/cristianocarvalho.net\/WordPress\/wp-json\/wp\/v2\/media\/3640"}],"wp:attachment":[{"href":"https:\/\/cristianocarvalho.net\/WordPress\/wp-json\/wp\/v2\/media?parent=3295"}],"wp:term":[{"taxonomy":"product_brand","embeddable":true,"href":"https:\/\/cristianocarvalho.net\/WordPress\/wp-json\/wp\/v2\/product_brand?post=3295"},{"taxonomy":"product_cat","embeddable":true,"href":"https:\/\/cristianocarvalho.net\/WordPress\/wp-json\/wp\/v2\/product_cat?post=3295"},{"taxonomy":"product_tag","embeddable":true,"href":"https:\/\/cristianocarvalho.net\/WordPress\/wp-json\/wp\/v2\/product_tag?post=3295"}],"curies":[{"name":"wp","href":"https:\/\/api.w.org\/{rel}","templated":true}]}}