{"id":3287,"date":"2020-05-02T09:44:50","date_gmt":"2020-05-02T09:44:50","guid":{"rendered":"http:\/\/cristianocarvalho.net\/WordPress\/?post_type=product&#038;p=3287"},"modified":"2021-12-23T21:16:51","modified_gmt":"2021-12-23T21:16:51","slug":"kit-configurador-knx-easy-txa101","status":"publish","type":"product","link":"https:\/\/cristianocarvalho.net\/WordPress\/produto\/kit-configurador-knx-easy-txa101\/","title":{"rendered":"Kit Configurador KNX Easy &#8211; TXA101"},"content":{"rendered":"<h2 class=\"big\">\u00a0Kit Configurador KNX Easy &#8211; TXA101<\/h2>\n<p><strong><a href=\"https:\/\/www.hager.pt\/files\/download\/0\/1015709_1\/0\/DOMOVEA_BASIC_EXPERT_SERVER_SOFTWARE_2_1_3.EXE\">Software para TXA101<\/a> &#8211; <a href=\"https:\/\/www.hager.pt\/files\/download\/0\/993485_1\/0\/Ficha%20t%C3%A9cnica%20TXA101.pdf\">Ficha t\u00e9cnica<\/a> &#8211; <a href=\"https:\/\/www.hager.pt\/files\/download\/0\/987442_1\/0\/TXA101-101C_6LE007109A_L_A3_B-FR-DE-EN-NL-NO-IT-ES-PT-SV_WEB.PDF\">Instru\u00e7\u00f5es<\/a><\/strong><\/p>\n<p>Atrav\u00e9s de Wi-Fi poder\u00e1 ligar-se ao TXA101 atrav\u00e9s de um tablet (iOS ou Android), usando a App gratuita \u201cHager Pilot\u201d a instalar.<br \/>\nComo alternativa poder\u00e1 ligar-se usando um PC (Wi-Fi ou Ethernet), usando o software \u201cHager Pilot\u201d para Windows.<\/p>\n<p>O kit \u00e9 composto pelo servidor TJA670, que inlcui a ferramenta de configura\u00e7\u00e3o easy tool e o domovea basic, configur\u00e1veis via a App Hager Pilot.<\/p>\n<p>1 x liga\u00e7\u00e3o bus KNX + 1 x liga\u00e7\u00e3o RJ45<br \/>\n1 x configurador easy + domovea basic <a href=\"https:\/\/cristianocarvalho.net\/WordPress\/produto\/domovea-basic-tja670\/\">TJA670<\/a><br \/>\n1 x alimenta\u00e7\u00e3o <a href=\"https:\/\/cristianocarvalho.net\/WordPress\/produto\/fonte-alimentacao-30v-knx-dc-24v-dc-txa114\/\">TXA114<\/a><br \/>\n1 x cabo ethernet<br \/>\n1 x ponto de acesso Wi-Fi<\/p>\n<p>Acoplador de media <a href=\"https:\/\/cristianocarvalho.net\/WordPress\/produto\/acoplador-de-media-rf-knx-branco-tr131a\/\">TR131A<\/a> n\u00e3o inclu\u00eddo<\/p>\n<p>Aplica\u00e7\u00e3o \u201cHager Pilot\u201d dispon\u00edvel para Android e iOS, nas respectivas lojas (gr\u00e1tis)<\/p>\n","protected":false},"excerpt":{"rendered":"<p><a href=\"https:\/\/www.hager.pt\/files\/download\/0\/993485_1\/0\/Ficha%20t%C3%A9cnica%20TXA101.pdf\">Ficha t\u00e9cnica do produto &#8211; pdf<\/a><\/p>\n<p>Kit Configurador KNX easy<br \/>\nAtrav\u00e9s de Wi-Fi poder\u00e1 ligar-se ao TXA101 atrav\u00e9s de um tablet (iOS ou Android).<\/p>\n<table border=\"0\" width=\"100%\" cellspacing=\"0\" cellpadding=\"0\">\n<tbody>\n<tr>\n<td class=\"Centrar\"><a href=\"https:\/\/play.google.com\/store\/apps\/details?id=com.hager.pilot&amp;hl=pt_PT\" target=\"_blank\" rel=\"noopener noreferrer\"><img data-opt-id=1378106043  fetchpriority=\"high\" decoding=\"async\" class=\"aligncenter\" title=\"google-play\" src=\"https:\/\/mlibb0mwkwo9.i.optimole.com\/cb:62NB.5857\/w:auto\/h:auto\/q:mauto\/f:best\/https:\/\/cristianocarvalho.net\/WordPress\/wp-content\/uploads\/elementor\/thumbs\/google-play-onm5okt1wfk72z6bvz0pzmp9rhgj27ll279vqyhd6c.png\" alt=\"google-play\" \/><\/a><\/td>\n<td class=\"Centrar\"><a href=\"https:\/\/apps.apple.com\/pt\/app\/hager-pilot\/id1369158213\" target=\"_blank\" rel=\"noopener noreferrer\"><img data-opt-id=904082841  fetchpriority=\"high\" decoding=\"async\" class=\"aligncenter\" title=\"App-Sotre\" src=\"https:\/\/mlibb0mwkwo9.i.optimole.com\/cb:62NB.5857\/w:auto\/h:auto\/q:mauto\/f:best\/https:\/\/cristianocarvalho.net\/WordPress\/wp-content\/uploads\/elementor\/thumbs\/App-Sotre-onm5ojv7pliwrd7p1gm3f4xt63l5uihuq2me9oirck.png\" alt=\"App-Sotre\" \/><\/a><\/td>\n<\/tr>\n<\/tbody>\n<\/table>\n<p><strong>Pre\u00e7o sem IVA<br \/>\n<span style=\"color: #fc5f3f;\">Custos de expedi\u00e7\u00e3o calculado s\u00f3 para Portugal Continental.<\/span><\/strong><\/p>\n","protected":false},"featured_media":3288,"comment_status":"open","ping_status":"closed","template":"","meta":[],"product_brand":[],"product_cat":[55,54],"product_tag":[],"class_list":{"0":"post-3287","1":"product","2":"type-product","3":"status-publish","4":"has-post-thumbnail","6":"product_cat-hager-easy","7":"product_cat-hager-knx","8":"product_shipping_class-preco-inferior-a-30kg-em-portugal","10":"first","11":"onbackorder","12":"sale","13":"taxable","14":"shipping-taxable","15":"purchasable","16":"product-type-simple"},"_links":{"self":[{"href":"https:\/\/cristianocarvalho.net\/WordPress\/wp-json\/wp\/v2\/product\/3287","targetHints":{"allow":["GET"]}}],"collection":[{"href":"https:\/\/cristianocarvalho.net\/WordPress\/wp-json\/wp\/v2\/product"}],"about":[{"href":"https:\/\/cristianocarvalho.net\/WordPress\/wp-json\/wp\/v2\/types\/product"}],"replies":[{"embeddable":true,"href":"https:\/\/cristianocarvalho.net\/WordPress\/wp-json\/wp\/v2\/comments?post=3287"}],"version-history":[{"count":6,"href":"https:\/\/cristianocarvalho.net\/WordPress\/wp-json\/wp\/v2\/product\/3287\/revisions"}],"predecessor-version":[{"id":3294,"href":"https:\/\/cristianocarvalho.net\/WordPress\/wp-json\/wp\/v2\/product\/3287\/revisions\/3294"}],"wp:featuredmedia":[{"embeddable":true,"href":"https:\/\/cristianocarvalho.net\/WordPress\/wp-json\/wp\/v2\/media\/3288"}],"wp:attachment":[{"href":"https:\/\/cristianocarvalho.net\/WordPress\/wp-json\/wp\/v2\/media?parent=3287"}],"wp:term":[{"taxonomy":"product_brand","embeddable":true,"href":"https:\/\/cristianocarvalho.net\/WordPress\/wp-json\/wp\/v2\/product_brand?post=3287"},{"taxonomy":"product_cat","embeddable":true,"href":"https:\/\/cristianocarvalho.net\/WordPress\/wp-json\/wp\/v2\/product_cat?post=3287"},{"taxonomy":"product_tag","embeddable":true,"href":"https:\/\/cristianocarvalho.net\/WordPress\/wp-json\/wp\/v2\/product_tag?post=3287"}],"curies":[{"name":"wp","href":"https:\/\/api.w.org\/{rel}","templated":true}]}}