{"id":3274,"date":"2020-05-02T09:10:45","date_gmt":"2020-05-02T09:10:45","guid":{"rendered":"http:\/\/cristianocarvalho.net\/WordPress\/?post_type=product&#038;p=3274"},"modified":"2021-12-23T19:29:42","modified_gmt":"2021-12-23T19:29:42","slug":"detector-presenca-360o-on-off-knx-saliente-tx510","status":"publish","type":"product","link":"https:\/\/cristianocarvalho.net\/WordPress\/produto\/detector-presenca-360o-on-off-knx-saliente-tx510\/","title":{"rendered":"Detector presen\u00e7a 360\u00ba ON\/OFF KNX saliente &#8211; TX510"},"content":{"rendered":"<h2 class=\"big\">Detector presen\u00e7a 360\u00ba ON\/OFF KNX saliente &#8211; TX510<\/h2>\n<p>Detectores de presen\u00e7a salientes 360\u00b0.<br \/>\n2 canais ON\/OFF \u00e1rea de detec\u00e7\u00e3o 13 x 7m (orient\u00e1vel) regula\u00e7\u00f5es: 5 a 1200 lux, 30 seg. a 1h<\/p>\n<p><strong>fun\u00e7\u00f5es:<\/strong><\/p>\n<ul>\n<li>Fun\u00e7\u00f5es de comuta\u00e7\u00e3o, fun\u00e7\u00f5es de regul\u00e1vel, fun\u00e7\u00f5es de comando de estores, fun\u00e7\u00f5es do transmissor de valores, fun\u00e7\u00f5es de comando for\u00e7ado, fun\u00e7\u00f5es de cen\u00e1rio, fun\u00e7\u00f5es de aquecimento e fun\u00e7\u00f5es do temporizador, modo de 2 canais.<\/li>\n<\/ul>\n","protected":false},"excerpt":{"rendered":"<p><a href=\"https:\/\/www.hager.pt\/files\/download\/0\/684122_1\/0\/Ficha%20t%C3%A9cnica%20TX510.pdf\">Ficha t\u00e9cnica do produto &#8211; pdf<\/a><\/p>\n<p>Detectores de presen\u00e7a salientes 360\u00b0.<br \/>\n2 canais ON\/OFF \u00e1rea de detec\u00e7\u00e3o 13 x 7m (orient\u00e1vel) regula\u00e7\u00f5es: 5 a 1200 lux, 30 seg. a 1h.<\/p>\n<p><strong>Pre\u00e7o sem IVA<br \/>\n<span style=\"color: #fc5f3f;\">Custos de expedi\u00e7\u00e3o calculado s\u00f3 para Portugal Continental.<\/span><\/strong><\/p>\n","protected":false},"featured_media":3275,"comment_status":"open","ping_status":"closed","template":"","meta":[],"product_brand":[],"product_cat":[55,54],"product_tag":[],"class_list":{"0":"post-3274","1":"product","2":"type-product","3":"status-publish","4":"has-post-thumbnail","6":"product_cat-hager-easy","7":"product_cat-hager-knx","8":"product_shipping_class-preco-inferior-a-30kg-em-portugal","10":"first","11":"onbackorder","12":"sale","13":"taxable","14":"shipping-taxable","15":"purchasable","16":"product-type-simple"},"_links":{"self":[{"href":"https:\/\/cristianocarvalho.net\/WordPress\/wp-json\/wp\/v2\/product\/3274","targetHints":{"allow":["GET"]}}],"collection":[{"href":"https:\/\/cristianocarvalho.net\/WordPress\/wp-json\/wp\/v2\/product"}],"about":[{"href":"https:\/\/cristianocarvalho.net\/WordPress\/wp-json\/wp\/v2\/types\/product"}],"replies":[{"embeddable":true,"href":"https:\/\/cristianocarvalho.net\/WordPress\/wp-json\/wp\/v2\/comments?post=3274"}],"version-history":[{"count":1,"href":"https:\/\/cristianocarvalho.net\/WordPress\/wp-json\/wp\/v2\/product\/3274\/revisions"}],"predecessor-version":[{"id":3276,"href":"https:\/\/cristianocarvalho.net\/WordPress\/wp-json\/wp\/v2\/product\/3274\/revisions\/3276"}],"wp:featuredmedia":[{"embeddable":true,"href":"https:\/\/cristianocarvalho.net\/WordPress\/wp-json\/wp\/v2\/media\/3275"}],"wp:attachment":[{"href":"https:\/\/cristianocarvalho.net\/WordPress\/wp-json\/wp\/v2\/media?parent=3274"}],"wp:term":[{"taxonomy":"product_brand","embeddable":true,"href":"https:\/\/cristianocarvalho.net\/WordPress\/wp-json\/wp\/v2\/product_brand?post=3274"},{"taxonomy":"product_cat","embeddable":true,"href":"https:\/\/cristianocarvalho.net\/WordPress\/wp-json\/wp\/v2\/product_cat?post=3274"},{"taxonomy":"product_tag","embeddable":true,"href":"https:\/\/cristianocarvalho.net\/WordPress\/wp-json\/wp\/v2\/product_tag?post=3274"}],"curies":[{"name":"wp","href":"https:\/\/api.w.org\/{rel}","templated":true}]}}