{"id":3237,"date":"2020-05-01T21:38:58","date_gmt":"2020-05-01T21:38:58","guid":{"rendered":"http:\/\/cristianocarvalho.net\/WordPress\/?post_type=product&#038;p=3237"},"modified":"2021-12-23T21:31:25","modified_gmt":"2021-12-23T21:31:25","slug":"modulo-6-entradas-bin-universais-knx","status":"publish","type":"product","link":"https:\/\/cristianocarvalho.net\/WordPress\/produto\/modulo-6-entradas-bin-universais-knx\/","title":{"rendered":"M\u00f3dulo 6 entradas bin. universais KNX &#8211; TXA306"},"content":{"rendered":"<h2 class=\"big\"><span class=\"normtextmarked\">M\u00f3dulo 6 entradas bin. universais KNX<\/span><\/h2>\n<p>M\u00f3dulo de entradas para calha DIN.<br \/>\n6 entradas universais &#8211; livre de potencial, 24-230V AC\/DC<\/p>\n<p>Fun\u00e7\u00f5es:<\/p>\n<ul>\n<li>Adequado para diferentes condutores externos.<\/li>\n<li>Fun\u00e7\u00f5es de comuta\u00e7\u00e3o, fun\u00e7\u00f5es de regula\u00e7\u00e3o, fun\u00e7\u00f5es de prioridade, fun\u00e7\u00f5es de cena, fun\u00e7\u00f5es de aquecimento e fun\u00e7\u00f5es de temporiza\u00e7\u00e3o.<\/li>\n<li>ETS fun\u00e7\u00f5es adicionais: transmissor de valor 1 e 2 bytes, modo de 2 canais, fun\u00e7\u00e3o de mudan\u00e7a de n\u00edvel.<\/li>\n<\/ul>\n","protected":false},"excerpt":{"rendered":"<p><a href=\"https:\/\/www.hager.pt\/files\/download\/0\/683978_1\/0\/Ficha%20t%C3%A9cnica%20TXA306.pdf\">Ficha t\u00e9cnica do produto &#8211; pdf<\/a><\/p>\n<p>M\u00f3dulo de entradas para calha DIN.<br \/>\n6 entradas universais &#8211; livre de potencial, 24-230V AC\/DC<\/p>\n<p><strong>Pre\u00e7o sem IVA<br \/>\n<span style=\"color: #fc5f3f;\">Custos de expedi\u00e7\u00e3o calculado s\u00f3 para Portugal Continental.<\/span><\/strong><\/p>\n","protected":false},"featured_media":3238,"comment_status":"open","ping_status":"closed","template":"","meta":[],"product_brand":[],"product_cat":[55,54],"product_tag":[],"class_list":{"0":"post-3237","1":"product","2":"type-product","3":"status-publish","4":"has-post-thumbnail","6":"product_cat-hager-easy","7":"product_cat-hager-knx","8":"product_shipping_class-preco-inferior-a-30kg-em-portugal","10":"first","11":"onbackorder","12":"sale","13":"taxable","14":"shipping-taxable","15":"purchasable","16":"product-type-simple"},"_links":{"self":[{"href":"https:\/\/cristianocarvalho.net\/WordPress\/wp-json\/wp\/v2\/product\/3237","targetHints":{"allow":["GET"]}}],"collection":[{"href":"https:\/\/cristianocarvalho.net\/WordPress\/wp-json\/wp\/v2\/product"}],"about":[{"href":"https:\/\/cristianocarvalho.net\/WordPress\/wp-json\/wp\/v2\/types\/product"}],"replies":[{"embeddable":true,"href":"https:\/\/cristianocarvalho.net\/WordPress\/wp-json\/wp\/v2\/comments?post=3237"}],"version-history":[{"count":1,"href":"https:\/\/cristianocarvalho.net\/WordPress\/wp-json\/wp\/v2\/product\/3237\/revisions"}],"predecessor-version":[{"id":3239,"href":"https:\/\/cristianocarvalho.net\/WordPress\/wp-json\/wp\/v2\/product\/3237\/revisions\/3239"}],"wp:featuredmedia":[{"embeddable":true,"href":"https:\/\/cristianocarvalho.net\/WordPress\/wp-json\/wp\/v2\/media\/3238"}],"wp:attachment":[{"href":"https:\/\/cristianocarvalho.net\/WordPress\/wp-json\/wp\/v2\/media?parent=3237"}],"wp:term":[{"taxonomy":"product_brand","embeddable":true,"href":"https:\/\/cristianocarvalho.net\/WordPress\/wp-json\/wp\/v2\/product_brand?post=3237"},{"taxonomy":"product_cat","embeddable":true,"href":"https:\/\/cristianocarvalho.net\/WordPress\/wp-json\/wp\/v2\/product_cat?post=3237"},{"taxonomy":"product_tag","embeddable":true,"href":"https:\/\/cristianocarvalho.net\/WordPress\/wp-json\/wp\/v2\/product_tag?post=3237"}],"curies":[{"name":"wp","href":"https:\/\/api.w.org\/{rel}","templated":true}]}}