{"id":3222,"date":"2020-04-30T17:58:01","date_gmt":"2020-04-30T17:58:01","guid":{"rendered":"http:\/\/cristianocarvalho.net\/WordPress\/?post_type=product&#038;p=3222"},"modified":"2021-12-23T19:37:12","modified_gmt":"2021-12-23T19:37:12","slug":"domovea-expert","status":"publish","type":"product","link":"https:\/\/cristianocarvalho.net\/WordPress\/produto\/domovea-expert\/","title":{"rendered":"Domovea expert &#8211; TJA470"},"content":{"rendered":"<h2 class=\"big\">Domovea expert &#8211; TJA470<\/h2>\n<p>Fun\u00e7\u00f5es adicionais face a domovea basic:<br \/>\n&#8211; programa\u00e7\u00e3o KNX \u00e0 dist\u00e2ncia<br \/>\n&#8211; fun\u00e7\u00e3o \u201cterm\u00f3statos virtuais: 10\u201d<br \/>\n&#8211; integra\u00e7\u00e3o com videoporteiro Hager\/Elcom<br \/>\n&#8211; dispositivos ou IoT: 500<br \/>\n-c\u00e2meras IP: 50<br \/>\n-sequ\u00eancias de utilizador: 50<br \/>\n-sequ\u00eancias de avan\u00e7adas: 100<\/p>\n<p>Alimenta\u00e7\u00e3o: 24V DC (TGA200)<\/p>\n","protected":false},"excerpt":{"rendered":"<p><a href=\"https:\/\/www.hager.pt\/files\/download\/0\/994308_1\/0\/Ficha%20t%C3%A9cnica%20TJA470.pdf\">Ficha t\u00e9cnica do produto &#8211; pdf<\/a><\/p>\n<p>O servidor domovea expert permite integrar a fun\u00e7\u00e3o de videoporteiro, usando a solu\u00e7\u00e3o Elcom da Hager.<\/p>\n<p><strong>Pre\u00e7o sem IVA<br \/>\n<span style=\"color: #fc5f3f;\">Custos de expedi\u00e7\u00e3o calculado s\u00f3 para Portugal Continental.<\/span><\/strong><\/p>\n","protected":false},"featured_media":3223,"comment_status":"open","ping_status":"closed","template":"","meta":[],"product_brand":[],"product_cat":[55,54],"product_tag":[],"class_list":{"0":"post-3222","1":"product","2":"type-product","3":"status-publish","4":"has-post-thumbnail","6":"product_cat-hager-easy","7":"product_cat-hager-knx","8":"product_shipping_class-preco-inferior-a-30kg-em-portugal","10":"first","11":"onbackorder","12":"sale","13":"taxable","14":"shipping-taxable","15":"purchasable","16":"product-type-simple"},"_links":{"self":[{"href":"https:\/\/cristianocarvalho.net\/WordPress\/wp-json\/wp\/v2\/product\/3222","targetHints":{"allow":["GET"]}}],"collection":[{"href":"https:\/\/cristianocarvalho.net\/WordPress\/wp-json\/wp\/v2\/product"}],"about":[{"href":"https:\/\/cristianocarvalho.net\/WordPress\/wp-json\/wp\/v2\/types\/product"}],"replies":[{"embeddable":true,"href":"https:\/\/cristianocarvalho.net\/WordPress\/wp-json\/wp\/v2\/comments?post=3222"}],"version-history":[{"count":2,"href":"https:\/\/cristianocarvalho.net\/WordPress\/wp-json\/wp\/v2\/product\/3222\/revisions"}],"predecessor-version":[{"id":3228,"href":"https:\/\/cristianocarvalho.net\/WordPress\/wp-json\/wp\/v2\/product\/3222\/revisions\/3228"}],"wp:featuredmedia":[{"embeddable":true,"href":"https:\/\/cristianocarvalho.net\/WordPress\/wp-json\/wp\/v2\/media\/3223"}],"wp:attachment":[{"href":"https:\/\/cristianocarvalho.net\/WordPress\/wp-json\/wp\/v2\/media?parent=3222"}],"wp:term":[{"taxonomy":"product_brand","embeddable":true,"href":"https:\/\/cristianocarvalho.net\/WordPress\/wp-json\/wp\/v2\/product_brand?post=3222"},{"taxonomy":"product_cat","embeddable":true,"href":"https:\/\/cristianocarvalho.net\/WordPress\/wp-json\/wp\/v2\/product_cat?post=3222"},{"taxonomy":"product_tag","embeddable":true,"href":"https:\/\/cristianocarvalho.net\/WordPress\/wp-json\/wp\/v2\/product_tag?post=3222"}],"curies":[{"name":"wp","href":"https:\/\/api.w.org\/{rel}","templated":true}]}}