{"id":3213,"date":"2020-04-16T21:37:21","date_gmt":"2020-04-16T21:37:21","guid":{"rendered":"http:\/\/cristianocarvalho.net\/WordPress\/?post_type=product&#038;p=3213"},"modified":"2023-03-21T22:42:12","modified_gmt":"2023-03-21T22:42:12","slug":"frontal-a-cores-para-tft-ii","status":"publish","type":"product","link":"https:\/\/cristianocarvalho.net\/WordPress\/produto\/frontal-a-cores-para-tft-ii\/","title":{"rendered":"Frontal a cores para TFT II"},"content":{"rendered":"<p><strong>Frontal a cores para TFT II &#8211; <\/strong><a href=\"https:\/\/youtu.be\/NOf4Z8OkipI\" target=\"_blank\" rel=\"noopener noreferrer\"><strong>Video<\/strong><\/a><\/p>\n","protected":false},"excerpt":{"rendered":"<p><strong>Frontal a cores para TFT II &#8211; <\/strong><a href=\"https:\/\/youtu.be\/NOf4Z8OkipI\" target=\"_blank\" rel=\"noopener noreferrer\"><strong>Video<\/strong><\/a><\/p>\n<p><strong><span style=\"color: #ff0000;\">Custos de expedi\u00e7\u00e3o calculado s\u00f3 para Portugal Continental.<\/span><\/strong><\/p>\n","protected":false},"featured_media":3214,"comment_status":"open","ping_status":"closed","template":"","meta":[],"product_brand":[],"product_cat":[48,51],"product_tag":[],"class_list":{"0":"post-3213","1":"product","2":"type-product","3":"status-publish","4":"has-post-thumbnail","6":"product_cat-piso-radiante-eletrico","7":"product_cat-termostatos-e-acessorios","8":"product_shipping_class-preco-inferior-a-30kg-em-portugal","10":"first","11":"outofstock","12":"taxable","13":"shipping-taxable","14":"purchasable","15":"product-type-simple"},"_links":{"self":[{"href":"https:\/\/cristianocarvalho.net\/WordPress\/wp-json\/wp\/v2\/product\/3213","targetHints":{"allow":["GET"]}}],"collection":[{"href":"https:\/\/cristianocarvalho.net\/WordPress\/wp-json\/wp\/v2\/product"}],"about":[{"href":"https:\/\/cristianocarvalho.net\/WordPress\/wp-json\/wp\/v2\/types\/product"}],"replies":[{"embeddable":true,"href":"https:\/\/cristianocarvalho.net\/WordPress\/wp-json\/wp\/v2\/comments?post=3213"}],"version-history":[{"count":1,"href":"https:\/\/cristianocarvalho.net\/WordPress\/wp-json\/wp\/v2\/product\/3213\/revisions"}],"predecessor-version":[{"id":3215,"href":"https:\/\/cristianocarvalho.net\/WordPress\/wp-json\/wp\/v2\/product\/3213\/revisions\/3215"}],"wp:featuredmedia":[{"embeddable":true,"href":"https:\/\/cristianocarvalho.net\/WordPress\/wp-json\/wp\/v2\/media\/3214"}],"wp:attachment":[{"href":"https:\/\/cristianocarvalho.net\/WordPress\/wp-json\/wp\/v2\/media?parent=3213"}],"wp:term":[{"taxonomy":"product_brand","embeddable":true,"href":"https:\/\/cristianocarvalho.net\/WordPress\/wp-json\/wp\/v2\/product_brand?post=3213"},{"taxonomy":"product_cat","embeddable":true,"href":"https:\/\/cristianocarvalho.net\/WordPress\/wp-json\/wp\/v2\/product_cat?post=3213"},{"taxonomy":"product_tag","embeddable":true,"href":"https:\/\/cristianocarvalho.net\/WordPress\/wp-json\/wp\/v2\/product_tag?post=3213"}],"curies":[{"name":"wp","href":"https:\/\/api.w.org\/{rel}","templated":true}]}}