{"id":3193,"date":"2020-04-15T21:04:06","date_gmt":"2020-04-15T21:04:06","guid":{"rendered":"http:\/\/cristianocarvalho.net\/WordPress\/?post_type=product&#038;p=3193"},"modified":"2023-03-21T22:43:03","modified_gmt":"2023-03-21T22:43:03","slug":"sonda-de-pavimento-para-receptor-v23","status":"publish","type":"product","link":"https:\/\/cristianocarvalho.net\/WordPress\/produto\/sonda-de-pavimento-para-receptor-v23\/","title":{"rendered":"Sonda de pavimento para receptor V23"},"content":{"rendered":"<p><strong>Sonda de pavimento para receptor V23<\/strong><\/p>\n<ul>\n<li>Sonda de temperatura projetada para monitorizar a temperatura do piso.<\/li>\n<li>Pode ser usado como uma sonda adicional para monitorizar a temperatura ambiente.<\/li>\n<li>Cabo de 3 m e di\u00e2metro de 4 mm \/ sensor de 6 mm de di\u00e2metro.<\/li>\n<li>Necess\u00e1rio para o uso do receptor V23 para aquecimento de piso el\u00e9trico.<\/li>\n<li>Compat\u00edvel com termostatos TFT, TH 760, TH 860 e TH210.<\/li>\n<li style=\"list-style-type: none;\">\n<ul>\n<li style=\"list-style-type: none;\"><\/li>\n<\/ul>\n<\/li>\n<\/ul>\n<ul>\n<li style=\"list-style-type: none;\">\n<ul>\n<li style=\"list-style-type: none;\">\n<ul>\n<li style=\"list-style-type: none;\"><\/li>\n<\/ul>\n<\/li>\n<\/ul>\n<\/li>\n<\/ul>\n","protected":false},"excerpt":{"rendered":"<ul>\n<li>Sonda de temperatura projetada para monitorizar a temperatura do piso.<\/li>\n<\/ul>\n<p><strong><span style=\"color: #ff0000;\">Custos de expedi\u00e7\u00e3o calculado s\u00f3 para Portugal Continental.<\/span><\/strong><\/p>\n","protected":false},"featured_media":3195,"comment_status":"open","ping_status":"closed","template":"","meta":[],"product_brand":[],"product_cat":[48,51],"product_tag":[],"class_list":{"0":"post-3193","1":"product","2":"type-product","3":"status-publish","4":"has-post-thumbnail","6":"product_cat-piso-radiante-eletrico","7":"product_cat-termostatos-e-acessorios","8":"product_shipping_class-preco-inferior-a-30kg-em-portugal","10":"first","11":"outofstock","12":"taxable","13":"shipping-taxable","14":"purchasable","15":"product-type-simple"},"_links":{"self":[{"href":"https:\/\/cristianocarvalho.net\/WordPress\/wp-json\/wp\/v2\/product\/3193","targetHints":{"allow":["GET"]}}],"collection":[{"href":"https:\/\/cristianocarvalho.net\/WordPress\/wp-json\/wp\/v2\/product"}],"about":[{"href":"https:\/\/cristianocarvalho.net\/WordPress\/wp-json\/wp\/v2\/types\/product"}],"replies":[{"embeddable":true,"href":"https:\/\/cristianocarvalho.net\/WordPress\/wp-json\/wp\/v2\/comments?post=3193"}],"version-history":[{"count":2,"href":"https:\/\/cristianocarvalho.net\/WordPress\/wp-json\/wp\/v2\/product\/3193\/revisions"}],"predecessor-version":[{"id":3200,"href":"https:\/\/cristianocarvalho.net\/WordPress\/wp-json\/wp\/v2\/product\/3193\/revisions\/3200"}],"wp:featuredmedia":[{"embeddable":true,"href":"https:\/\/cristianocarvalho.net\/WordPress\/wp-json\/wp\/v2\/media\/3195"}],"wp:attachment":[{"href":"https:\/\/cristianocarvalho.net\/WordPress\/wp-json\/wp\/v2\/media?parent=3193"}],"wp:term":[{"taxonomy":"product_brand","embeddable":true,"href":"https:\/\/cristianocarvalho.net\/WordPress\/wp-json\/wp\/v2\/product_brand?post=3193"},{"taxonomy":"product_cat","embeddable":true,"href":"https:\/\/cristianocarvalho.net\/WordPress\/wp-json\/wp\/v2\/product_cat?post=3193"},{"taxonomy":"product_tag","embeddable":true,"href":"https:\/\/cristianocarvalho.net\/WordPress\/wp-json\/wp\/v2\/product_tag?post=3193"}],"curies":[{"name":"wp","href":"https:\/\/api.w.org\/{rel}","templated":true}]}}