{"id":3189,"date":"2020-04-15T20:52:46","date_gmt":"2020-04-15T20:52:46","guid":{"rendered":"http:\/\/cristianocarvalho.net\/WordPress\/?post_type=product&#038;p=3189"},"modified":"2023-03-21T22:43:12","modified_gmt":"2023-03-21T22:43:12","slug":"controlador-de-carga-th-125n","status":"publish","type":"product","link":"https:\/\/cristianocarvalho.net\/WordPress\/produto\/controlador-de-carga-th-125n\/","title":{"rendered":"Controlador de carga TH 125N"},"content":{"rendered":"<p><strong>Controlador de carga TH 125N<\/strong><\/p>\n<p><strong><a href=\"https:\/\/www.ceilhit.es\/wp-content\/uploads\/2014\/06\/DELTA-125-N.pdf\" target=\"_blank\" rel=\"noopener noreferrer\">Manual<\/a> &#8211; <a href=\"https:\/\/www.ceilhit.es\/wp-content\/uploads\/2015\/09\/Homologacion-ADPSZV.pdf\" target=\"_blank\" rel=\"noopener noreferrer\">Homologa\u00e7\u00e3o<\/a>\u00a0&#8211; <a href=\"https:\/\/www.ceilhit.es\/wp-content\/uploads\/2014\/10\/Ficha-tecnica-Mantas-150Wm2-FT052-01.pdf\" target=\"_blank\" rel=\"noopener noreferrer\">Ficha T\u00e9cnica<\/a><\/strong><\/p>\n<ul>\n<li>Controlador de carga para aquecimento radiante el\u00e9trico por acumula\u00e7\u00e3o.<\/li>\n<li>Regula\u00e7\u00e3o dependendo da temperatura exterior.<\/li>\n<li>Configura\u00e7\u00e3o do tipo de horas.<\/li>\n<li>Ponto de ajuste ajust\u00e1vel de dia e noite.<\/li>\n<li>Corre\u00e7\u00e3o autom\u00e1tica no meio da temporada.<\/li>\n<li>Display digital com indica\u00e7\u00e3o de T\u00baC exterior, par\u00e2metros de regula\u00e7\u00e3o, etc.<\/li>\n<li>Classe II &#8211; IP 30 &#8211; Rel\u00e9 2 A.<\/li>\n<li>Inclui sonda externa e limitador.<\/li>\n<li>Montagem em calha de fixa\u00e7\u00e3o.<\/li>\n<li style=\"list-style-type: none;\">\n<ul>\n<li style=\"list-style-type: none;\"><\/li>\n<\/ul>\n<\/li>\n<\/ul>\n<ul>\n<li style=\"list-style-type: none;\">\n<ul>\n<li style=\"list-style-type: none;\">\n<ul>\n<li style=\"list-style-type: none;\"><\/li>\n<\/ul>\n<\/li>\n<\/ul>\n<\/li>\n<\/ul>\n","protected":false},"excerpt":{"rendered":"<ul>\n<li>Controlador de carga para aquecimento radiante el\u00e9trico por acumula\u00e7\u00e3o.<\/li>\n<li>Regula\u00e7\u00e3o dependendo da temperatura exterior.<\/li>\n<\/ul>\n<p><strong>Pre\u00e7o sem IVA<br \/>\n<span style=\"color: #ff0000;\">Custos de expedi\u00e7\u00e3o calculado s\u00f3 para Portugal Continental.<\/span><\/strong><\/p>\n","protected":false},"featured_media":3190,"comment_status":"open","ping_status":"closed","template":"","meta":[],"product_brand":[],"product_cat":[48,51],"product_tag":[],"class_list":{"0":"post-3189","1":"product","2":"type-product","3":"status-publish","4":"has-post-thumbnail","6":"product_cat-piso-radiante-eletrico","7":"product_cat-termostatos-e-acessorios","8":"product_shipping_class-preco-inferior-a-30kg-em-portugal","10":"first","11":"outofstock","12":"taxable","13":"shipping-taxable","14":"purchasable","15":"product-type-simple"},"_links":{"self":[{"href":"https:\/\/cristianocarvalho.net\/WordPress\/wp-json\/wp\/v2\/product\/3189","targetHints":{"allow":["GET"]}}],"collection":[{"href":"https:\/\/cristianocarvalho.net\/WordPress\/wp-json\/wp\/v2\/product"}],"about":[{"href":"https:\/\/cristianocarvalho.net\/WordPress\/wp-json\/wp\/v2\/types\/product"}],"replies":[{"embeddable":true,"href":"https:\/\/cristianocarvalho.net\/WordPress\/wp-json\/wp\/v2\/comments?post=3189"}],"version-history":[{"count":2,"href":"https:\/\/cristianocarvalho.net\/WordPress\/wp-json\/wp\/v2\/product\/3189\/revisions"}],"predecessor-version":[{"id":3201,"href":"https:\/\/cristianocarvalho.net\/WordPress\/wp-json\/wp\/v2\/product\/3189\/revisions\/3201"}],"wp:featuredmedia":[{"embeddable":true,"href":"https:\/\/cristianocarvalho.net\/WordPress\/wp-json\/wp\/v2\/media\/3190"}],"wp:attachment":[{"href":"https:\/\/cristianocarvalho.net\/WordPress\/wp-json\/wp\/v2\/media?parent=3189"}],"wp:term":[{"taxonomy":"product_brand","embeddable":true,"href":"https:\/\/cristianocarvalho.net\/WordPress\/wp-json\/wp\/v2\/product_brand?post=3189"},{"taxonomy":"product_cat","embeddable":true,"href":"https:\/\/cristianocarvalho.net\/WordPress\/wp-json\/wp\/v2\/product_cat?post=3189"},{"taxonomy":"product_tag","embeddable":true,"href":"https:\/\/cristianocarvalho.net\/WordPress\/wp-json\/wp\/v2\/product_tag?post=3189"}],"curies":[{"name":"wp","href":"https:\/\/api.w.org\/{rel}","templated":true}]}}