{"id":3185,"date":"2020-04-15T20:45:10","date_gmt":"2020-04-15T20:45:10","guid":{"rendered":"http:\/\/cristianocarvalho.net\/WordPress\/?post_type=product&#038;p=3185"},"modified":"2023-03-21T22:43:21","modified_gmt":"2023-03-21T22:43:21","slug":"controle-remoto-v20-para-v23-e-v25","status":"publish","type":"product","link":"https:\/\/cristianocarvalho.net\/WordPress\/produto\/controle-remoto-v20-para-v23-e-v25\/","title":{"rendered":"Controle remoto V20 para V23 e V25"},"content":{"rendered":"<p><strong>Controle remoto V20 para V23 e V25<\/strong><\/p>\n<p><strong><a href=\"https:\/\/www.ceilhit.es\/wp-content\/uploads\/2014\/06\/MANI-041-01-N606_R00-Mando-a-distancia-V20-RC.pdf\" target=\"_blank\" rel=\"noopener noreferrer\">Documenta\u00e7\u00e3o<\/a> &#8211; <a href=\"https:\/\/youtu.be\/6D5H6bFsYgY\" target=\"_blank\" rel=\"noopener noreferrer\">Video 1<\/a><\/strong><\/p>\n<ul>\n<li>Controle remoto para receptores V23 e V25.<\/li>\n<li>Modo On \/ Off e temporizador de 2 horas.<\/li>\n<li>Ideal para sistemas de aquecimento pontuais adicionais (terra\u00e7os, igrejas, &#8230;).<\/li>\n<li style=\"list-style-type: none;\">\n<ul>\n<li style=\"list-style-type: none;\"><\/li>\n<\/ul>\n<\/li>\n<\/ul>\n<ul>\n<li style=\"list-style-type: none;\">\n<ul>\n<li style=\"list-style-type: none;\">\n<ul>\n<li style=\"list-style-type: none;\"><\/li>\n<\/ul>\n<\/li>\n<\/ul>\n<\/li>\n<\/ul>\n","protected":false},"excerpt":{"rendered":"<ul>\n<li>Controle remoto para receptores V23 e V25.<\/li>\n<\/ul>\n<p><strong>Pre\u00e7o sem IVA<br \/>\n<span style=\"color: #ff0000;\">Custos de expedi\u00e7\u00e3o calculado s\u00f3 para Portugal Continental.<\/span><\/strong><\/p>\n","protected":false},"featured_media":3186,"comment_status":"open","ping_status":"closed","template":"","meta":[],"product_brand":[],"product_cat":[48,51],"product_tag":[],"class_list":{"0":"post-3185","1":"product","2":"type-product","3":"status-publish","4":"has-post-thumbnail","6":"product_cat-piso-radiante-eletrico","7":"product_cat-termostatos-e-acessorios","8":"product_shipping_class-preco-inferior-a-30kg-em-portugal","10":"first","11":"outofstock","12":"taxable","13":"shipping-taxable","14":"purchasable","15":"product-type-simple"},"_links":{"self":[{"href":"https:\/\/cristianocarvalho.net\/WordPress\/wp-json\/wp\/v2\/product\/3185","targetHints":{"allow":["GET"]}}],"collection":[{"href":"https:\/\/cristianocarvalho.net\/WordPress\/wp-json\/wp\/v2\/product"}],"about":[{"href":"https:\/\/cristianocarvalho.net\/WordPress\/wp-json\/wp\/v2\/types\/product"}],"replies":[{"embeddable":true,"href":"https:\/\/cristianocarvalho.net\/WordPress\/wp-json\/wp\/v2\/comments?post=3185"}],"version-history":[{"count":2,"href":"https:\/\/cristianocarvalho.net\/WordPress\/wp-json\/wp\/v2\/product\/3185\/revisions"}],"predecessor-version":[{"id":3202,"href":"https:\/\/cristianocarvalho.net\/WordPress\/wp-json\/wp\/v2\/product\/3185\/revisions\/3202"}],"wp:featuredmedia":[{"embeddable":true,"href":"https:\/\/cristianocarvalho.net\/WordPress\/wp-json\/wp\/v2\/media\/3186"}],"wp:attachment":[{"href":"https:\/\/cristianocarvalho.net\/WordPress\/wp-json\/wp\/v2\/media?parent=3185"}],"wp:term":[{"taxonomy":"product_brand","embeddable":true,"href":"https:\/\/cristianocarvalho.net\/WordPress\/wp-json\/wp\/v2\/product_brand?post=3185"},{"taxonomy":"product_cat","embeddable":true,"href":"https:\/\/cristianocarvalho.net\/WordPress\/wp-json\/wp\/v2\/product_cat?post=3185"},{"taxonomy":"product_tag","embeddable":true,"href":"https:\/\/cristianocarvalho.net\/WordPress\/wp-json\/wp\/v2\/product_tag?post=3185"}],"curies":[{"name":"wp","href":"https:\/\/api.w.org\/{rel}","templated":true}]}}