{"id":3179,"date":"2020-04-15T20:24:50","date_gmt":"2020-04-15T20:24:50","guid":{"rendered":"http:\/\/cristianocarvalho.net\/WordPress\/?post_type=product&#038;p=3179"},"modified":"2023-03-21T22:43:32","modified_gmt":"2023-03-21T22:43:32","slug":"tomada-recetora-v25","status":"publish","type":"product","link":"https:\/\/cristianocarvalho.net\/WordPress\/produto\/tomada-recetora-v25\/","title":{"rendered":"Tomada recetora V25"},"content":{"rendered":"<p><strong>Tomada receptora V25<\/strong><\/p>\n<p><strong><a href=\"https:\/\/www.ceilhit.es\/wp-content\/uploads\/2014\/06\/MANI-047-01-N530-R01-100413-V25.pdf\" target=\"_blank\" rel=\"noopener noreferrer\">Documenta\u00e7\u00e3o<\/a> &#8211; <a href=\"https:\/\/youtu.be\/Scda4zs8WRA\" target=\"_blank\" rel=\"noopener noreferrer\">Video 1<\/a> &#8211; <a href=\"https:\/\/youtu.be\/6D5H6bFsYgY\" target=\"_blank\" rel=\"noopener noreferrer\">Video 2<\/a><\/strong><\/p>\n<ul>\n<li>Tomada recetora sem fio normalmente controlado pelo termostato V22.<\/li>\n<li>Comunica\u00e7\u00e3o bidirecional 868 Mhz<\/li>\n<li>M\u00e1x. 16 A<\/li>\n<li>Pode trabalhar diretamente com a unidade central V 24 ou com o controle remoto V20.<\/li>\n<li style=\"list-style-type: none;\">\n<ul>\n<li style=\"list-style-type: none;\"><\/li>\n<\/ul>\n<\/li>\n<\/ul>\n<ul>\n<li style=\"list-style-type: none;\">\n<ul>\n<li style=\"list-style-type: none;\">\n<ul>\n<li style=\"list-style-type: none;\"><\/li>\n<\/ul>\n<\/li>\n<\/ul>\n<\/li>\n<\/ul>\n","protected":false},"excerpt":{"rendered":"<ul>\n<li>Tomada recetora sem fio normalmente controlado pelo termostato V22.<\/li>\n<\/ul>\n<p><strong>Pre\u00e7o sem IVA<br \/>\n<span style=\"color: #ff0000;\">Custos de expedi\u00e7\u00e3o calculado s\u00f3 para Portugal Continental.<\/span><\/strong><\/p>\n","protected":false},"featured_media":3183,"comment_status":"open","ping_status":"closed","template":"","meta":[],"product_brand":[],"product_cat":[48,51],"product_tag":[],"class_list":{"0":"post-3179","1":"product","2":"type-product","3":"status-publish","4":"has-post-thumbnail","6":"product_cat-piso-radiante-eletrico","7":"product_cat-termostatos-e-acessorios","8":"product_shipping_class-preco-inferior-a-30kg-em-portugal","10":"first","11":"outofstock","12":"taxable","13":"shipping-taxable","14":"purchasable","15":"product-type-simple"},"_links":{"self":[{"href":"https:\/\/cristianocarvalho.net\/WordPress\/wp-json\/wp\/v2\/product\/3179","targetHints":{"allow":["GET"]}}],"collection":[{"href":"https:\/\/cristianocarvalho.net\/WordPress\/wp-json\/wp\/v2\/product"}],"about":[{"href":"https:\/\/cristianocarvalho.net\/WordPress\/wp-json\/wp\/v2\/types\/product"}],"replies":[{"embeddable":true,"href":"https:\/\/cristianocarvalho.net\/WordPress\/wp-json\/wp\/v2\/comments?post=3179"}],"version-history":[{"count":5,"href":"https:\/\/cristianocarvalho.net\/WordPress\/wp-json\/wp\/v2\/product\/3179\/revisions"}],"predecessor-version":[{"id":3219,"href":"https:\/\/cristianocarvalho.net\/WordPress\/wp-json\/wp\/v2\/product\/3179\/revisions\/3219"}],"wp:featuredmedia":[{"embeddable":true,"href":"https:\/\/cristianocarvalho.net\/WordPress\/wp-json\/wp\/v2\/media\/3183"}],"wp:attachment":[{"href":"https:\/\/cristianocarvalho.net\/WordPress\/wp-json\/wp\/v2\/media?parent=3179"}],"wp:term":[{"taxonomy":"product_brand","embeddable":true,"href":"https:\/\/cristianocarvalho.net\/WordPress\/wp-json\/wp\/v2\/product_brand?post=3179"},{"taxonomy":"product_cat","embeddable":true,"href":"https:\/\/cristianocarvalho.net\/WordPress\/wp-json\/wp\/v2\/product_cat?post=3179"},{"taxonomy":"product_tag","embeddable":true,"href":"https:\/\/cristianocarvalho.net\/WordPress\/wp-json\/wp\/v2\/product_tag?post=3179"}],"curies":[{"name":"wp","href":"https:\/\/api.w.org\/{rel}","templated":true}]}}