{"id":3174,"date":"2020-04-15T16:27:06","date_gmt":"2020-04-15T16:27:06","guid":{"rendered":"http:\/\/cristianocarvalho.net\/WordPress\/?post_type=product&#038;p=3174"},"modified":"2023-03-21T22:43:42","modified_gmt":"2023-03-21T22:43:42","slug":"termostato-analogico-th-210","status":"publish","type":"product","link":"https:\/\/cristianocarvalho.net\/WordPress\/produto\/termostato-analogico-th-210\/","title":{"rendered":"Termostato anal\u00f3gico TH 210"},"content":{"rendered":"<p><strong>Termostato anal\u00f3gico TH 210<\/strong><\/p>\n<p><strong><a href=\"https:\/\/www.ceilhit.es\/wp-content\/uploads\/2014\/06\/MANI-042-01-Watts-CEI-TH210.pdf\" target=\"_blank\" rel=\"noopener noreferrer\">Documenta\u00e7\u00e3o<\/a><\/strong><\/p>\n<ul>\n<li>Termostato para aquecimento radiante el\u00e9trico.<\/li>\n<li>Tr\u00eas modos dispon\u00edveis: ambiente, solo, ambiente + solo<\/li>\n<li>Regula\u00e7\u00e3o PID ou histerese de 0,5\u00baC<\/li>\n<li>Ponto de ajuste entre 5-35 \u00baC (ambiente) e 10-40 \u00baC (solo)<\/li>\n<li>Classe II &#8211; Rel\u00e9 16 A<\/li>\n<li>Inclui sonda de solo.<\/li>\n<li style=\"list-style-type: none;\">\n<ul>\n<li style=\"list-style-type: none;\"><\/li>\n<\/ul>\n<\/li>\n<\/ul>\n<ul>\n<li style=\"list-style-type: none;\">\n<ul>\n<li style=\"list-style-type: none;\">\n<ul>\n<li style=\"list-style-type: none;\"><\/li>\n<\/ul>\n<\/li>\n<\/ul>\n<\/li>\n<\/ul>\n","protected":false},"excerpt":{"rendered":"<ul>\n<li>Termostato para aquecimento radiante el\u00e9trico.<\/li>\n<li>Tr\u00eas modos dispon\u00edveis: ambiente, solo, ambiente + solo<\/li>\n<\/ul>\n<p><strong>Pre\u00e7o sem IVA<br \/>\n<span style=\"color: #ff0000;\">Custos de expedi\u00e7\u00e3o calculado s\u00f3 para Portugal Continental.<\/span><\/strong><\/p>\n","protected":false},"featured_media":3175,"comment_status":"open","ping_status":"closed","template":"","meta":[],"product_brand":[],"product_cat":[48,51],"product_tag":[],"class_list":{"0":"post-3174","1":"product","2":"type-product","3":"status-publish","4":"has-post-thumbnail","6":"product_cat-piso-radiante-eletrico","7":"product_cat-termostatos-e-acessorios","8":"product_shipping_class-preco-inferior-a-30kg-em-portugal","10":"first","11":"outofstock","12":"taxable","13":"shipping-taxable","14":"purchasable","15":"product-type-simple"},"_links":{"self":[{"href":"https:\/\/cristianocarvalho.net\/WordPress\/wp-json\/wp\/v2\/product\/3174","targetHints":{"allow":["GET"]}}],"collection":[{"href":"https:\/\/cristianocarvalho.net\/WordPress\/wp-json\/wp\/v2\/product"}],"about":[{"href":"https:\/\/cristianocarvalho.net\/WordPress\/wp-json\/wp\/v2\/types\/product"}],"replies":[{"embeddable":true,"href":"https:\/\/cristianocarvalho.net\/WordPress\/wp-json\/wp\/v2\/comments?post=3174"}],"version-history":[{"count":2,"href":"https:\/\/cristianocarvalho.net\/WordPress\/wp-json\/wp\/v2\/product\/3174\/revisions"}],"predecessor-version":[{"id":3204,"href":"https:\/\/cristianocarvalho.net\/WordPress\/wp-json\/wp\/v2\/product\/3174\/revisions\/3204"}],"wp:featuredmedia":[{"embeddable":true,"href":"https:\/\/cristianocarvalho.net\/WordPress\/wp-json\/wp\/v2\/media\/3175"}],"wp:attachment":[{"href":"https:\/\/cristianocarvalho.net\/WordPress\/wp-json\/wp\/v2\/media?parent=3174"}],"wp:term":[{"taxonomy":"product_brand","embeddable":true,"href":"https:\/\/cristianocarvalho.net\/WordPress\/wp-json\/wp\/v2\/product_brand?post=3174"},{"taxonomy":"product_cat","embeddable":true,"href":"https:\/\/cristianocarvalho.net\/WordPress\/wp-json\/wp\/v2\/product_cat?post=3174"},{"taxonomy":"product_tag","embeddable":true,"href":"https:\/\/cristianocarvalho.net\/WordPress\/wp-json\/wp\/v2\/product_tag?post=3174"}],"curies":[{"name":"wp","href":"https:\/\/api.w.org\/{rel}","templated":true}]}}