{"id":3113,"date":"2020-04-15T07:51:24","date_gmt":"2020-04-15T07:51:24","guid":{"rendered":"http:\/\/cristianocarvalho.net\/WordPress\/?post_type=product&#038;p=3113"},"modified":"2023-03-21T22:37:23","modified_gmt":"2023-03-21T22:37:23","slug":"receptor-sem-fio-para-termostato-v22","status":"publish","type":"product","link":"https:\/\/cristianocarvalho.net\/WordPress\/produto\/receptor-sem-fio-para-termostato-v22\/","title":{"rendered":"Receptor sem fio para termostato V22"},"content":{"rendered":"<p><strong>Receptor sem fio para termostato V22<\/strong><\/p>\n<p><strong><a href=\"https:\/\/www.ceilhit.es\/wp-content\/uploads\/2014\/06\/MANI-031-01-N516-R01-30.11.12-V23.pdf\" target=\"_blank\" rel=\"noopener noreferrer\">Documenta\u00e7\u00e3o<\/a> &#8211; <a href=\"https:\/\/youtu.be\/Scda4zs8WRA\" target=\"_blank\" rel=\"noopener noreferrer\">Video1<\/a> &#8211; <a href=\"https:\/\/youtu.be\/6D5H6bFsYgY\" target=\"_blank\" rel=\"noopener noreferrer\">Video2<\/a><\/strong><\/p>\n<ul>\n<li>Possibilidade de conectar uma sonda de piso (n\u00e3o inclu\u00edda) para sistemas de aquecimento el\u00e9trico de piso.<\/li>\n<li>Comunica\u00e7\u00e3o bidirecional 868 Mhz<\/li>\n<li>Rel\u00e9 16 A<\/li>\n<li>Para integrar na caixa de conex\u00e3o KU68<\/li>\n<li>Pode trabalhar diretamente com a unidade central V 24 ou com o controle remoto V20.<\/li>\n<\/ul>\n","protected":false},"excerpt":{"rendered":"<ul>\n<li>Receptor sem fio para termostato V22<\/li>\n<\/ul>\n<p><strong>Pre\u00e7o sem IVA<br \/>\n<span style=\"color: #fc5f3f;\">Custos de expedi\u00e7\u00e3o calculado s\u00f3 para Portugal Continental.<\/span><\/strong><\/p>\n","protected":false},"featured_media":3115,"comment_status":"open","ping_status":"closed","template":"","meta":[],"product_brand":[],"product_cat":[48,51],"product_tag":[],"class_list":{"0":"post-3113","1":"product","2":"type-product","3":"status-publish","4":"has-post-thumbnail","6":"product_cat-piso-radiante-eletrico","7":"product_cat-termostatos-e-acessorios","8":"product_shipping_class-preco-inferior-a-30kg-em-portugal","10":"first","11":"outofstock","12":"taxable","13":"shipping-taxable","14":"purchasable","15":"product-type-simple"},"_links":{"self":[{"href":"https:\/\/cristianocarvalho.net\/WordPress\/wp-json\/wp\/v2\/product\/3113","targetHints":{"allow":["GET"]}}],"collection":[{"href":"https:\/\/cristianocarvalho.net\/WordPress\/wp-json\/wp\/v2\/product"}],"about":[{"href":"https:\/\/cristianocarvalho.net\/WordPress\/wp-json\/wp\/v2\/types\/product"}],"replies":[{"embeddable":true,"href":"https:\/\/cristianocarvalho.net\/WordPress\/wp-json\/wp\/v2\/comments?post=3113"}],"version-history":[{"count":2,"href":"https:\/\/cristianocarvalho.net\/WordPress\/wp-json\/wp\/v2\/product\/3113\/revisions"}],"predecessor-version":[{"id":3121,"href":"https:\/\/cristianocarvalho.net\/WordPress\/wp-json\/wp\/v2\/product\/3113\/revisions\/3121"}],"wp:featuredmedia":[{"embeddable":true,"href":"https:\/\/cristianocarvalho.net\/WordPress\/wp-json\/wp\/v2\/media\/3115"}],"wp:attachment":[{"href":"https:\/\/cristianocarvalho.net\/WordPress\/wp-json\/wp\/v2\/media?parent=3113"}],"wp:term":[{"taxonomy":"product_brand","embeddable":true,"href":"https:\/\/cristianocarvalho.net\/WordPress\/wp-json\/wp\/v2\/product_brand?post=3113"},{"taxonomy":"product_cat","embeddable":true,"href":"https:\/\/cristianocarvalho.net\/WordPress\/wp-json\/wp\/v2\/product_cat?post=3113"},{"taxonomy":"product_tag","embeddable":true,"href":"https:\/\/cristianocarvalho.net\/WordPress\/wp-json\/wp\/v2\/product_tag?post=3113"}],"curies":[{"name":"wp","href":"https:\/\/api.w.org\/{rel}","templated":true}]}}