{"id":3067,"date":"2020-04-26T18:45:09","date_gmt":"2020-04-26T18:45:09","guid":{"rendered":"http:\/\/cristianocarvalho.net\/WordPress\/?post_type=product&#038;p=3067"},"modified":"2021-12-23T20:26:49","modified_gmt":"2021-12-23T20:26:49","slug":"indicador-consumos-electr-c-toros-knxx-te332","status":"publish","type":"product","link":"https:\/\/cristianocarvalho.net\/WordPress\/produto\/indicador-consumos-electr-c-toros-knxx-te332\/","title":{"rendered":"Indicador consumos electr. c\/ toros KNXX &#8211; TE332"},"content":{"rendered":"<h2 class=\"big\">Indicador consumos electr. c\/ toros KNXX &#8211; TE332<\/h2>\n<p>3 canais, com toros<\/p>\n<p>O indicador de consumos KNX \u00e9 uma solu\u00e7\u00e3o f\u00e1cil de implementar para melhorar a efici\u00eancia energ\u00e9tica do sistema. Foi concebido para medir o consumo de energia total e por fases.<\/p>\n<p><strong>Fun\u00e7\u00f5es:<\/strong><\/p>\n<ul>\n<li>Classe de precis\u00e3o:\u00a0 \u00a05%<\/li>\n<\/ul>\n","protected":false},"excerpt":{"rendered":"<p><a href=\"https:\/\/www.hager.pt\/files\/download\/0\/684132_1\/0\/Ficha%20t%C3%A9cnica%20TE331.pdf\">Ficha t\u00e9cnica do produto &#8211; pdf<\/a><\/p>\n<p>O indicador de consumos KNX \u00e9 uma solu\u00e7\u00e3o f\u00e1cil de implementar para melhorar a efici\u00eancia energ\u00e9tica do sistema. Foi concebido para medir o consumo de energia total e por fases.<\/p>\n<p><strong>Pre\u00e7o sem IVA<br \/>\n<span style=\"color: #fc5f3f;\">Custos de expedi\u00e7\u00e3o calculado s\u00f3 para Portugal Continental.<\/span><\/strong><\/p>\n","protected":false},"featured_media":3068,"comment_status":"open","ping_status":"closed","template":"","meta":[],"product_brand":[],"product_cat":[55,54],"product_tag":[],"class_list":{"0":"post-3067","1":"product","2":"type-product","3":"status-publish","4":"has-post-thumbnail","6":"product_cat-hager-easy","7":"product_cat-hager-knx","8":"product_shipping_class-preco-inferior-a-30kg-em-portugal","10":"first","11":"onbackorder","12":"sale","13":"taxable","14":"shipping-taxable","15":"purchasable","16":"product-type-simple"},"_links":{"self":[{"href":"https:\/\/cristianocarvalho.net\/WordPress\/wp-json\/wp\/v2\/product\/3067","targetHints":{"allow":["GET"]}}],"collection":[{"href":"https:\/\/cristianocarvalho.net\/WordPress\/wp-json\/wp\/v2\/product"}],"about":[{"href":"https:\/\/cristianocarvalho.net\/WordPress\/wp-json\/wp\/v2\/types\/product"}],"replies":[{"embeddable":true,"href":"https:\/\/cristianocarvalho.net\/WordPress\/wp-json\/wp\/v2\/comments?post=3067"}],"version-history":[{"count":1,"href":"https:\/\/cristianocarvalho.net\/WordPress\/wp-json\/wp\/v2\/product\/3067\/revisions"}],"predecessor-version":[{"id":3069,"href":"https:\/\/cristianocarvalho.net\/WordPress\/wp-json\/wp\/v2\/product\/3067\/revisions\/3069"}],"wp:featuredmedia":[{"embeddable":true,"href":"https:\/\/cristianocarvalho.net\/WordPress\/wp-json\/wp\/v2\/media\/3068"}],"wp:attachment":[{"href":"https:\/\/cristianocarvalho.net\/WordPress\/wp-json\/wp\/v2\/media?parent=3067"}],"wp:term":[{"taxonomy":"product_brand","embeddable":true,"href":"https:\/\/cristianocarvalho.net\/WordPress\/wp-json\/wp\/v2\/product_brand?post=3067"},{"taxonomy":"product_cat","embeddable":true,"href":"https:\/\/cristianocarvalho.net\/WordPress\/wp-json\/wp\/v2\/product_cat?post=3067"},{"taxonomy":"product_tag","embeddable":true,"href":"https:\/\/cristianocarvalho.net\/WordPress\/wp-json\/wp\/v2\/product_tag?post=3067"}],"curies":[{"name":"wp","href":"https:\/\/api.w.org\/{rel}","templated":true}]}}