{"id":3052,"date":"2020-04-26T18:20:09","date_gmt":"2020-04-26T18:20:09","guid":{"rendered":"http:\/\/cristianocarvalho.net\/WordPress\/?post_type=product&#038;p=3052"},"modified":"2021-12-23T19:43:39","modified_gmt":"2021-12-23T19:43:39","slug":"estacao-meteorologica-knx-easy-txe531","status":"publish","type":"product","link":"https:\/\/cristianocarvalho.net\/WordPress\/produto\/estacao-meteorologica-knx-easy-txe531\/","title":{"rendered":"Esta\u00e7\u00e3o meteorol\u00f3gica KNX Easy &#8211; TXE531"},"content":{"rendered":"<h2 class=\"big\">Esta\u00e7\u00e3o meteorol\u00f3gica KNX Easy &#8211; TXE531<\/h2>\n<ul>\n<li>Esta\u00e7\u00e3o meteorol\u00f3gica easy.<\/li>\n<li>Medi\u00e7\u00e3o de luminosidade, temperatura, velocidade do vento, chuva, dia\/noite alimenta\u00e7\u00e3o: 24V DC.<\/li>\n<\/ul>\n<p>A esta\u00e7\u00e3o meteorol\u00f3gica \u00e9 um sistema completo de aquisi\u00e7\u00e3o, processamento e transmiss\u00e3o de informa\u00e7\u00f5es meteorol\u00f3gicas, equipado com receptor GPS integrado.<\/p>\n<p><strong>Fun\u00e7\u00f5es:<\/strong><\/p>\n<p>Chuva (Sim \/ N\u00e3o):\u00a0 1 bit<\/p>\n","protected":false},"excerpt":{"rendered":"<p><a href=\"https:\/\/www.hager.pt\/files\/download\/0\/820392_1\/0\/Ficha%20t%C3%A9cnica%20TXE531.pdf\">Ficha t\u00e9cnica do produto &#8211; pdf<\/a><\/p>\n<p>A esta\u00e7\u00e3o meteorol\u00f3gica \u00e9 um sistema completo de aquisi\u00e7\u00e3o, processamento e transmiss\u00e3o de informa\u00e7\u00f5es meteorol\u00f3gicas, equipado com receptor GPS integrado.<\/p>\n<p><strong>Pre\u00e7o sem IVA<br \/>\n<span style=\"color: #fc5f3f;\">Custos de expedi\u00e7\u00e3o calculado s\u00f3 para Portugal Continental.<\/span><\/strong><\/p>\n","protected":false},"featured_media":3053,"comment_status":"open","ping_status":"closed","template":"","meta":[],"product_brand":[],"product_cat":[55,54],"product_tag":[],"class_list":{"0":"post-3052","1":"product","2":"type-product","3":"status-publish","4":"has-post-thumbnail","6":"product_cat-hager-easy","7":"product_cat-hager-knx","8":"product_shipping_class-preco-inferior-a-30kg-em-portugal","10":"first","11":"onbackorder","12":"sale","13":"taxable","14":"shipping-taxable","15":"purchasable","16":"product-type-simple"},"_links":{"self":[{"href":"https:\/\/cristianocarvalho.net\/WordPress\/wp-json\/wp\/v2\/product\/3052","targetHints":{"allow":["GET"]}}],"collection":[{"href":"https:\/\/cristianocarvalho.net\/WordPress\/wp-json\/wp\/v2\/product"}],"about":[{"href":"https:\/\/cristianocarvalho.net\/WordPress\/wp-json\/wp\/v2\/types\/product"}],"replies":[{"embeddable":true,"href":"https:\/\/cristianocarvalho.net\/WordPress\/wp-json\/wp\/v2\/comments?post=3052"}],"version-history":[{"count":4,"href":"https:\/\/cristianocarvalho.net\/WordPress\/wp-json\/wp\/v2\/product\/3052\/revisions"}],"predecessor-version":[{"id":3074,"href":"https:\/\/cristianocarvalho.net\/WordPress\/wp-json\/wp\/v2\/product\/3052\/revisions\/3074"}],"wp:featuredmedia":[{"embeddable":true,"href":"https:\/\/cristianocarvalho.net\/WordPress\/wp-json\/wp\/v2\/media\/3053"}],"wp:attachment":[{"href":"https:\/\/cristianocarvalho.net\/WordPress\/wp-json\/wp\/v2\/media?parent=3052"}],"wp:term":[{"taxonomy":"product_brand","embeddable":true,"href":"https:\/\/cristianocarvalho.net\/WordPress\/wp-json\/wp\/v2\/product_brand?post=3052"},{"taxonomy":"product_cat","embeddable":true,"href":"https:\/\/cristianocarvalho.net\/WordPress\/wp-json\/wp\/v2\/product_cat?post=3052"},{"taxonomy":"product_tag","embeddable":true,"href":"https:\/\/cristianocarvalho.net\/WordPress\/wp-json\/wp\/v2\/product_tag?post=3052"}],"curies":[{"name":"wp","href":"https:\/\/api.w.org\/{rel}","templated":true}]}}