{"id":3015,"date":"2020-04-25T15:11:48","date_gmt":"2020-04-25T15:11:48","guid":{"rendered":"http:\/\/cristianocarvalho.net\/WordPress\/?post_type=product&#038;p=3015"},"modified":"2021-12-23T18:08:43","modified_gmt":"2021-12-23T18:08:43","slug":"actuador-bin-est-8-canais-16a-cap-knx-txa608d","status":"publish","type":"product","link":"https:\/\/cristianocarvalho.net\/WordPress\/produto\/actuador-bin-est-8-canais-16a-cap-knx-txa608d\/","title":{"rendered":"Actuador bin.\/est. 8 canais 16A Cap KNX &#8211; TXA608D"},"content":{"rendered":"<h2 class=\"big\">Actuador bin.\/est. 8 canais 16A Cap KNX &#8211; TXA608D<\/h2>\n<p>Actuadores bin\u00e1rios modulares<br \/>\n8 sa\u00eddas\/4 motores 16A capacitivo<\/p>\n<p><strong>Fun\u00e7\u00f5es:<\/strong><\/p>\n<ul>\n<li>Adequado para ligar\/desligar diferentes condutores externos.<\/li>\n<li>Com fun\u00e7\u00e3o de posicionamento para estado de estore e posi\u00e7\u00e3o das l\u00e2minas.<\/li>\n<li>Com fun\u00e7\u00e3o de persiana.<\/li>\n<li>Poss\u00edvel qualquer opera\u00e7\u00e3o a partir da fun\u00e7\u00e3o subir\/descer e fun\u00e7\u00e3o de ligar\/desligar<\/li>\n<li>Para ligar\/desligar p. ex. 8 cargas independentes ou activa\u00e7\u00e3o de 4 motores<\/li>\n<\/ul>\n","protected":false},"excerpt":{"rendered":"<p><a href=\"https:\/\/www.hager.pt\/files\/download\/0\/505361_1\/0\/Ficha%20t%C3%A9cnica%20TXA608D.pdf\">Ficha t\u00e9cnica do produto &#8211; pdf<\/a><\/p>\n<p>Actuadores bin\u00e1rios modulares<br \/>\n8 sa\u00eddas\/4 motores 16A capacitivo<\/p>\n<p><strong>Pre\u00e7o sem IVA<br \/>\n<span style=\"color: #fc5f3f;\">Custos de expedi\u00e7\u00e3o calculado s\u00f3 para Portugal Continental.<\/span><\/strong><\/p>\n","protected":false},"featured_media":2894,"comment_status":"open","ping_status":"closed","template":"","meta":[],"product_brand":[],"product_cat":[55,54],"product_tag":[],"class_list":{"0":"post-3015","1":"product","2":"type-product","3":"status-publish","4":"has-post-thumbnail","6":"product_cat-hager-easy","7":"product_cat-hager-knx","8":"product_shipping_class-preco-inferior-a-30kg-em-portugal","10":"first","11":"onbackorder","12":"sale","13":"taxable","14":"shipping-taxable","15":"purchasable","16":"product-type-simple"},"_links":{"self":[{"href":"https:\/\/cristianocarvalho.net\/WordPress\/wp-json\/wp\/v2\/product\/3015","targetHints":{"allow":["GET"]}}],"collection":[{"href":"https:\/\/cristianocarvalho.net\/WordPress\/wp-json\/wp\/v2\/product"}],"about":[{"href":"https:\/\/cristianocarvalho.net\/WordPress\/wp-json\/wp\/v2\/types\/product"}],"replies":[{"embeddable":true,"href":"https:\/\/cristianocarvalho.net\/WordPress\/wp-json\/wp\/v2\/comments?post=3015"}],"version-history":[{"count":3,"href":"https:\/\/cristianocarvalho.net\/WordPress\/wp-json\/wp\/v2\/product\/3015\/revisions"}],"predecessor-version":[{"id":3019,"href":"https:\/\/cristianocarvalho.net\/WordPress\/wp-json\/wp\/v2\/product\/3015\/revisions\/3019"}],"wp:featuredmedia":[{"embeddable":true,"href":"https:\/\/cristianocarvalho.net\/WordPress\/wp-json\/wp\/v2\/media\/2894"}],"wp:attachment":[{"href":"https:\/\/cristianocarvalho.net\/WordPress\/wp-json\/wp\/v2\/media?parent=3015"}],"wp:term":[{"taxonomy":"product_brand","embeddable":true,"href":"https:\/\/cristianocarvalho.net\/WordPress\/wp-json\/wp\/v2\/product_brand?post=3015"},{"taxonomy":"product_cat","embeddable":true,"href":"https:\/\/cristianocarvalho.net\/WordPress\/wp-json\/wp\/v2\/product_cat?post=3015"},{"taxonomy":"product_tag","embeddable":true,"href":"https:\/\/cristianocarvalho.net\/WordPress\/wp-json\/wp\/v2\/product_tag?post=3015"}],"curies":[{"name":"wp","href":"https:\/\/api.w.org\/{rel}","templated":true}]}}