{"id":2969,"date":"2020-04-25T13:51:17","date_gmt":"2020-04-25T13:51:17","guid":{"rendered":"http:\/\/cristianocarvalho.net\/WordPress\/?post_type=product&#038;p=2969"},"modified":"2021-12-23T21:48:55","modified_gmt":"2021-12-23T21:48:55","slug":"variador-2-canais-300w-knx-txa662an","status":"publish","type":"product","link":"https:\/\/cristianocarvalho.net\/WordPress\/produto\/variador-2-canais-300w-knx-txa662an\/","title":{"rendered":"Variador 2 canais 300W KNX &#8211; TXA662AN"},"content":{"rendered":"<h2 class=\"big\">Variador 2 canais 300W KNX &#8211; TXA662AN<\/h2>\n<p>Actuadores ilumina\u00e7\u00e3o vari\u00e1vel, sa\u00edda directa<br \/>\n2x300W (2x60W CFL\/LED)<\/p>\n<p><strong>Fun\u00e7\u00f5es:<\/strong><\/p>\n<ul>\n<li>Adequado para ligar\/desligar diferentes condutores externos.<\/li>\n<li>Fun\u00e7\u00e3o de aprendizagem para opera\u00e7\u00e3o optimizada de l\u00e2mpadas fluorescentes compactas e lumin\u00e1rias LED pode ser activada atrav\u00e9s do bus.<\/li>\n<li>Arranque suave para preserva\u00e7\u00e3o da l\u00e2mpada.<\/li>\n<\/ul>\n","protected":false},"excerpt":{"rendered":"<p><a href=\"https:\/\/www.hager.pt\/files\/download\/0\/820498_1\/0\/Ficha%20t%C3%A9cnica%20TXA662AN.pdf\">Ficha t\u00e9cnica do produto &#8211; pdf<\/a><\/p>\n<p>Actuadores ilumina\u00e7\u00e3o vari\u00e1vel, sa\u00edda directa<br \/>\n2x300W (2x60W CFL\/LED)<\/p>\n<p><strong>Pre\u00e7o sem IVA<br \/>\n<span style=\"color: #fc5f3f;\">Custos de expedi\u00e7\u00e3o calculado s\u00f3 para Portugal Continental.<\/span><\/strong><\/p>\n","protected":false},"featured_media":2989,"comment_status":"open","ping_status":"closed","template":"","meta":[],"product_brand":[],"product_cat":[55,54],"product_tag":[],"class_list":{"0":"post-2969","1":"product","2":"type-product","3":"status-publish","4":"has-post-thumbnail","6":"product_cat-hager-easy","7":"product_cat-hager-knx","8":"product_shipping_class-preco-inferior-a-30kg-em-portugal","10":"first","11":"onbackorder","12":"sale","13":"taxable","14":"shipping-taxable","15":"purchasable","16":"product-type-simple"},"_links":{"self":[{"href":"https:\/\/cristianocarvalho.net\/WordPress\/wp-json\/wp\/v2\/product\/2969","targetHints":{"allow":["GET"]}}],"collection":[{"href":"https:\/\/cristianocarvalho.net\/WordPress\/wp-json\/wp\/v2\/product"}],"about":[{"href":"https:\/\/cristianocarvalho.net\/WordPress\/wp-json\/wp\/v2\/types\/product"}],"replies":[{"embeddable":true,"href":"https:\/\/cristianocarvalho.net\/WordPress\/wp-json\/wp\/v2\/comments?post=2969"}],"version-history":[{"count":1,"href":"https:\/\/cristianocarvalho.net\/WordPress\/wp-json\/wp\/v2\/product\/2969\/revisions"}],"predecessor-version":[{"id":2971,"href":"https:\/\/cristianocarvalho.net\/WordPress\/wp-json\/wp\/v2\/product\/2969\/revisions\/2971"}],"wp:featuredmedia":[{"embeddable":true,"href":"https:\/\/cristianocarvalho.net\/WordPress\/wp-json\/wp\/v2\/media\/2989"}],"wp:attachment":[{"href":"https:\/\/cristianocarvalho.net\/WordPress\/wp-json\/wp\/v2\/media?parent=2969"}],"wp:term":[{"taxonomy":"product_brand","embeddable":true,"href":"https:\/\/cristianocarvalho.net\/WordPress\/wp-json\/wp\/v2\/product_brand?post=2969"},{"taxonomy":"product_cat","embeddable":true,"href":"https:\/\/cristianocarvalho.net\/WordPress\/wp-json\/wp\/v2\/product_cat?post=2969"},{"taxonomy":"product_tag","embeddable":true,"href":"https:\/\/cristianocarvalho.net\/WordPress\/wp-json\/wp\/v2\/product_tag?post=2969"}],"curies":[{"name":"wp","href":"https:\/\/api.w.org\/{rel}","templated":true}]}}